{"id":9969,"date":"2024-05-09T14:01:55","date_gmt":"2024-05-09T12:01:55","guid":{"rendered":"https:\/\/siulaiklaipeda.eu\/?post_type=product&#038;p=9969"},"modified":"2025-11-03T19:20:57","modified_gmt":"2025-11-03T17:20:57","slug":"gazzal-baby-cotton-205-508","status":"publish","type":"product","link":"https:\/\/siulaiklaipeda.eu\/ru\/product\/gazzal-baby-cotton-205-508\/","title":{"rendered":"\u0413\u0430\u0437\u0437\u0430\u043b \u0411\u044d\u0431\u0438 \u0425\u043b\u043e\u043f\u043e\u043a 205-508"},"content":{"rendered":"<ul>\n<li>\u0421\u043e\u0441\u0442\u0430\u0432: \u0445\u043b\u043e\u043f\u043e\u043a 501\u0422\u041f3\u0422, \u0430\u043a\u0440\u0438\u043b 50 1\u0422\u041f3\u0422.<\/li>\n<li>\u0414\u043b\u0438\u043d\u0430: 50 \u0433, 205 \u043c.<\/li>\n<li>\u0420\u0435\u043a\u043e\u043c\u0435\u043d\u0434\u0443\u044e\u0442\u0441\u044f \u0441\u043f\u0438\u0446\u044b \u2116 3-3,5 \u043c\u043c.<\/li>\n<li>\u0420\u0435\u043a\u043e\u043c\u0435\u043d\u0434\u0443\u0435\u043c\u044b\u0439 \u0440\u0430\u0437\u043c\u0435\u0440 2-2,5 \u043c\u043c.<\/li>\n<li>\u041f\u0440\u043e\u0438\u0437\u0432\u043e\u0434\u0438\u0442\u0435\u043b\u044c \u0413\u0430\u0437\u0437\u0430\u043b, \u0422\u0443\u0440\u0446\u0438\u044f<\/li>\n<\/ul>\n<p>\u041d\u0438\u0442\u044c \u043e\u0447\u0435\u043d\u044c \u043c\u044f\u0433\u043a\u0430\u044f \u0438 \u043d\u0435\u0436\u043d\u0430\u044f.<\/p>","protected":false},"excerpt":{"rendered":"<p>Sud\u0117tis :50% medviln\u0117 , 50 % akrilas Ilgis : 50 g ,205 m Rekomenduojami virbalai Nr 3-3,5mm Rekomenduojamas v\u0105\u0161elis Nr 2-2,5mm Gamintojas Gazzal ,Turkija Si\u016blas labai mink\u0161tas ir \u0161velnus .<\/p>","protected":false},"featured_media":9970,"template":"","meta":[],"product_brand":[],"product_cat":[159,97,51,45],"product_tag":[],"class_list":{"0":"post-9969","1":"product","2":"type-product","3":"status-publish","4":"has-post-thumbnail","6":"product_cat-baby-cotton","7":"product_cat-gazzal","8":"product_cat-medvilne","9":"product_cat-mezgimo-siulai","11":"first","12":"outofstock","13":"taxable","14":"shipping-taxable","15":"purchasable","16":"product-type-simple"},"_links":{"self":[{"href":"https:\/\/siulaiklaipeda.eu\/ru\/wp-json\/wp\/v2\/product\/9969","targetHints":{"allow":["GET"]}}],"collection":[{"href":"https:\/\/siulaiklaipeda.eu\/ru\/wp-json\/wp\/v2\/product"}],"about":[{"href":"https:\/\/siulaiklaipeda.eu\/ru\/wp-json\/wp\/v2\/types\/product"}],"wp:featuredmedia":[{"embeddable":true,"href":"https:\/\/siulaiklaipeda.eu\/ru\/wp-json\/wp\/v2\/media\/9970"}],"wp:attachment":[{"href":"https:\/\/siulaiklaipeda.eu\/ru\/wp-json\/wp\/v2\/media?parent=9969"}],"wp:term":[{"taxonomy":"product_brand","embeddable":true,"href":"https:\/\/siulaiklaipeda.eu\/ru\/wp-json\/wp\/v2\/product_brand?post=9969"},{"taxonomy":"product_cat","embeddable":true,"href":"https:\/\/siulaiklaipeda.eu\/ru\/wp-json\/wp\/v2\/product_cat?post=9969"},{"taxonomy":"product_tag","embeddable":true,"href":"https:\/\/siulaiklaipeda.eu\/ru\/wp-json\/wp\/v2\/product_tag?post=9969"}],"curies":[{"name":"wp","href":"https:\/\/api.w.org\/{rel}","templated":true}]}}