{"id":9609,"date":"2024-04-07T10:32:15","date_gmt":"2024-04-07T08:32:15","guid":{"rendered":"https:\/\/siulaiklaipeda.eu\/?post_type=product&#038;p=9609"},"modified":"2025-09-25T18:17:43","modified_gmt":"2025-09-25T16:17:43","slug":"yarnart-dolce-794","status":"publish","type":"product","link":"https:\/\/siulaiklaipeda.eu\/ru\/product\/yarnart-dolce-794\/","title":{"rendered":"\u041f\u0440\u044f\u0436\u0430 YarnArt Dolce 794"},"content":{"rendered":"<ul>\n<li>\u0421\u043e\u0441\u0442\u0430\u0432: 100 \u043c\u0438\u043a\u0440\u043e\u043f\u043e\u043b\u0438\u044d\u0441\u0442\u0435\u0440 %.<\/li>\n<li>\u0414\u043b\u0438\u043d\u0430: 100 \u0433, 120 \u043c.<\/li>\n<li>\u0420\u0435\u043a\u043e\u043c\u0435\u043d\u0434\u0443\u0435\u043c\u0430\u044f \u043a\u0438\u0441\u0442\u044c: \u2116 4,5.<\/li>\n<li>\u0420\u0435\u043a\u043e\u043c\u0435\u043d\u0434\u0443\u0435\u043c\u044b\u0435 \u0441\u043f\u0438\u0446\u044b: \u2116 6.<\/li>\n<li>\u041f\u0440\u043e\u0438\u0437\u0432\u043e\u0434\u0438\u0442\u0435\u043b\u044c: YarnArt, \u0422\u0443\u0440\u0446\u0438\u044f<\/li>\n<\/ul>\n<p>\u041e\u0447\u0435\u043d\u044c \u043c\u044f\u0433\u043a\u0430\u044f \u043f\u043b\u044e\u0448\u0435\u0432\u0430\u044f \u043f\u0440\u044f\u0436\u0430 \u0434\u043b\u044f \u0438\u0433\u0440\u0443\u0448\u0435\u043a, \u043e\u0434\u0435\u044f\u043b, \u0441\u0432\u0438\u0442\u0435\u0440\u043e\u0432.<\/p>","protected":false},"excerpt":{"rendered":"<p>Sud\u0117tis : 100 % mikro\u00a0 poliesteris Ilgis :100 g ,120 m Rekomenduojamas v\u0105\u0161elis :Nr 4.5 Rekomenduojami virbalai :Nr 6 Gamintojas : YarnArt ,Turkija Ypatingo \u0161velnumo\u00a0 pliu\u0161iniai si\u016blai \u017eaislams ,pledams ,megztiniams .<\/p>","protected":false},"featured_media":9611,"template":"","meta":[],"product_brand":[],"product_cat":[94,144,109],"product_tag":[],"class_list":{"0":"post-9609","1":"product","2":"type-product","3":"status-publish","4":"has-post-thumbnail","6":"product_cat-yarnart","7":"product_cat-dolce","8":"product_cat-pliusiniai-siulai","10":"first","11":"outofstock","12":"taxable","13":"shipping-taxable","14":"purchasable","15":"product-type-simple"},"_links":{"self":[{"href":"https:\/\/siulaiklaipeda.eu\/ru\/wp-json\/wp\/v2\/product\/9609","targetHints":{"allow":["GET"]}}],"collection":[{"href":"https:\/\/siulaiklaipeda.eu\/ru\/wp-json\/wp\/v2\/product"}],"about":[{"href":"https:\/\/siulaiklaipeda.eu\/ru\/wp-json\/wp\/v2\/types\/product"}],"wp:featuredmedia":[{"embeddable":true,"href":"https:\/\/siulaiklaipeda.eu\/ru\/wp-json\/wp\/v2\/media\/9611"}],"wp:attachment":[{"href":"https:\/\/siulaiklaipeda.eu\/ru\/wp-json\/wp\/v2\/media?parent=9609"}],"wp:term":[{"taxonomy":"product_brand","embeddable":true,"href":"https:\/\/siulaiklaipeda.eu\/ru\/wp-json\/wp\/v2\/product_brand?post=9609"},{"taxonomy":"product_cat","embeddable":true,"href":"https:\/\/siulaiklaipeda.eu\/ru\/wp-json\/wp\/v2\/product_cat?post=9609"},{"taxonomy":"product_tag","embeddable":true,"href":"https:\/\/siulaiklaipeda.eu\/ru\/wp-json\/wp\/v2\/product_tag?post=9609"}],"curies":[{"name":"wp","href":"https:\/\/api.w.org\/{rel}","templated":true}]}}