{"id":8302,"date":"2024-03-03T07:50:31","date_gmt":"2024-03-03T07:50:31","guid":{"rendered":"https:\/\/siulaiklaipeda.eu\/?post_type=product&#038;p=8302"},"modified":"2025-11-03T19:29:56","modified_gmt":"2025-11-03T17:29:56","slug":"poker-1553","status":"publish","type":"product","link":"https:\/\/siulaiklaipeda.eu\/ru\/product\/poker-1553\/","title":{"rendered":"\u041f\u043e\u043a\u0435\u0440 1553"},"content":{"rendered":"<ul>\n<li>\u0421\u043e\u0441\u0442\u0430\u0432: 751\u0422\u041f3\u0422 \u0441\u0443\u043f\u0435\u0440 \u043a\u0438\u0434 \u043c\u043e\u0445\u0435\u0440 25 1\u0422\u041f3\u0422 \u0448\u0435\u043b\u043a<\/li>\n<li>\u0414\u043b\u0438\u043d\u0430: 25 \u0433, 212 \u043c.<\/li>\n<li>\u041f\u0440\u043e\u0438\u0437\u0432\u043e\u0434\u0438\u0442\u0435\u043b\u044c: \u0418\u0442\u0430\u043b\u0438\u044f<\/li>\n<\/ul>\n<p>\u041f\u0443\u0448\u0438\u0441\u0442\u0430\u044f \u043d\u0438\u0442\u044c \u0438\u0437 \u043c\u043e\u0445\u0435\u0440\u0430 \u0441 \u0448\u0435\u043b\u043a\u043e\u043c \u0434\u043b\u044f \u0432\u0435\u0447\u0435\u0440\u0438\u043d\u043e\u043a, \u0441\u0432\u0438\u0442\u0435\u0440\u043e\u0432, \u043f\u043b\u0430\u0442\u044c\u0435\u0432. \u0418\u0434\u0435\u0430\u043b\u044c\u043d\u043e \u043f\u043e\u0434\u0445\u043e\u0434\u0438\u0442 \u0434\u043b\u044f \u0434\u043e\u0431\u0430\u0432\u043b\u0435\u043d\u0438\u044f \u043a \u0434\u0440\u0443\u0433\u043e\u0439 \u043d\u0438\u0442\u0438 \u0432 \u043a\u0430\u0447\u0435\u0441\u0442\u0432\u0435 \u0432\u0441\u043f\u043e\u043c\u043e\u0433\u0430\u0442\u0435\u043b\u044c\u043d\u043e\u0439 \u043d\u0438\u0442\u0438.<\/p>","protected":false},"excerpt":{"rendered":"<p>Sud\u0117tis: 75% super kid moheris\u00a0 25 % \u0161ilkas Ilgis :25 g\u00a0 ,212 m Gamintojas :Italija Purus moherio su \u0161ilku si\u016blas \u0161aliams ,megztukams ,suknel\u0117ms .Puikiai tinka prid\u0117ti prie kito si\u016blo ,kaip pagalbin\u012f.<\/p>","protected":false},"featured_media":8303,"template":"","meta":[],"product_brand":[],"product_cat":[49,165,164],"product_tag":[],"class_list":{"0":"post-8302","1":"product","2":"type-product","3":"status-publish","4":"has-post-thumbnail","6":"product_cat-mohera","7":"product_cat-mohera-su-silku","8":"product_cat-poker","10":"first","11":"outofstock","12":"taxable","13":"shipping-taxable","14":"purchasable","15":"product-type-simple"},"_links":{"self":[{"href":"https:\/\/siulaiklaipeda.eu\/ru\/wp-json\/wp\/v2\/product\/8302","targetHints":{"allow":["GET"]}}],"collection":[{"href":"https:\/\/siulaiklaipeda.eu\/ru\/wp-json\/wp\/v2\/product"}],"about":[{"href":"https:\/\/siulaiklaipeda.eu\/ru\/wp-json\/wp\/v2\/types\/product"}],"wp:featuredmedia":[{"embeddable":true,"href":"https:\/\/siulaiklaipeda.eu\/ru\/wp-json\/wp\/v2\/media\/8303"}],"wp:attachment":[{"href":"https:\/\/siulaiklaipeda.eu\/ru\/wp-json\/wp\/v2\/media?parent=8302"}],"wp:term":[{"taxonomy":"product_brand","embeddable":true,"href":"https:\/\/siulaiklaipeda.eu\/ru\/wp-json\/wp\/v2\/product_brand?post=8302"},{"taxonomy":"product_cat","embeddable":true,"href":"https:\/\/siulaiklaipeda.eu\/ru\/wp-json\/wp\/v2\/product_cat?post=8302"},{"taxonomy":"product_tag","embeddable":true,"href":"https:\/\/siulaiklaipeda.eu\/ru\/wp-json\/wp\/v2\/product_tag?post=8302"}],"curies":[{"name":"wp","href":"https:\/\/api.w.org\/{rel}","templated":true}]}}