{"id":8283,"date":"2024-02-29T08:37:02","date_gmt":"2024-02-29T08:37:02","guid":{"rendered":"https:\/\/siulaiklaipeda.eu\/?post_type=product&#038;p=8283"},"modified":"2026-03-10T13:24:29","modified_gmt":"2026-03-10T11:24:29","slug":"yarnart-summer-17","status":"publish","type":"product","link":"https:\/\/siulaiklaipeda.eu\/ru\/product\/yarnart-summer-17\/","title":{"rendered":"YarnArt \u041b\u0435\u0442\u043e 17"},"content":{"rendered":"<ul>\n<li>\u0421\u043e\u0441\u0442\u0430\u0432: 70 \u0445\u043b\u043e\u043f\u043e\u043a 1\u0422\u041f3\u0422, 30 \u0432\u0438\u0441\u043a\u043e\u0437\u0430 1\u0422\u041f3\u0422.<\/li>\n<li>\u0414\u043b\u0438\u043d\u0430: 100 \u0433, 350 \u043c.<\/li>\n<li>\u041f\u0440\u043e\u0438\u0437\u0432\u043e\u0434\u0438\u0442\u0435\u043b\u044c: YarnArt, \u0422\u0443\u0440\u0446\u0438\u044f<\/li>\n<\/ul>\n<p>YarnArt Summer \u2013 \u0441\u043c\u0435\u0441\u044c \u0432\u0438\u0441\u043a\u043e\u0437\u044b \u0438 \u0445\u043b\u043e\u043f\u043a\u0430. \u0412\u0438\u0441\u043a\u043e\u0437\u0430 \u043f\u0440\u0438\u0434\u0430\u0435\u0442 \u043b\u0435\u0433\u043a\u0438\u0439 \u0431\u043b\u0435\u0441\u043a. \u0425\u043b\u043e\u043f\u043e\u043a \u043f\u0440\u0438\u0434\u0430\u0441\u0442 \u043c\u044f\u0433\u043a\u043e\u0441\u0442\u044c \u0442\u0440\u0438\u043a\u043e\u0442\u0430\u0436\u0443, \u043e\u043d \u043f\u0440\u0435\u043a\u0440\u0430\u0441\u043d\u043e \u0432\u043f\u0438\u0442\u044b\u0432\u0430\u0435\u0442 \u0432\u043b\u0430\u0433\u0443. \u041d\u0438\u0442\u043a\u0438 \u0442\u0430\u043a\u0436\u0435 \u043f\u043e\u0434\u0445\u043e\u0434\u044f\u0442 \u0434\u043b\u044f \u0447\u0443\u0432\u0441\u0442\u0432\u0438\u0442\u0435\u043b\u044c\u043d\u043e\u0439 \u043a\u043e\u0436\u0438. \u0422\u0440\u0438\u043a\u043e\u0442\u0430\u0436 \u043b\u0435\u0433\u043a\u0438\u0439 \u0438 \u0434\u044b\u0448\u0430\u0449\u0438\u0439, \u043d\u0435 \u0432\u044b\u0437\u044b\u0432\u0430\u0435\u0442 \u0430\u043b\u043b\u0435\u0440\u0433\u0438\u0438, \u043f\u043e\u044d\u0442\u043e\u043c\u0443 \u043f\u043e\u0434\u0445\u043e\u0434\u0438\u0442 \u043a\u0430\u043a \u0434\u043b\u044f \u0432\u0437\u0440\u043e\u0441\u043b\u043e\u0439, \u0442\u0430\u043a \u0438 \u0434\u043b\u044f \u0434\u0435\u0442\u0441\u043a\u043e\u0439 \u043e\u0434\u0435\u0436\u0434\u044b.<\/p>\n<p>\u0418\u0437-\u0437\u0430 \u0440\u0430\u0437\u043d\u044b\u0445 \u044d\u043a\u0440\u0430\u043d\u043e\u0432 \u0446\u0432\u0435\u0442\u043e\u0432\u043e\u0439 \u043e\u0442\u0442\u0435\u043d\u043e\u043a \u043c\u043e\u0436\u0435\u0442 \u043e\u0442\u043b\u0438\u0447\u0430\u0442\u044c\u0441\u044f.<\/p>","protected":false},"excerpt":{"rendered":"<p>Sud\u0117tis :70 % medviln\u0117 ,30 % viskoz\u0117 Ilgis :100 g ,350 m Gamintojas :YarnArt ,Turkija YarnArt\u00a0 Summer\u00a0 -viskoz\u0117s ir medviln\u0117s mi\u0161inys. Viskoz\u0117 suteikia subtilaus blizgesio. Medviln\u0117 suteiks\u00a0 mezginiui mink\u0161tumo, puikiai sugers dr\u0117gm\u0119. Si\u016blai tinka ir\u00a0 jautriai odai. Mezginys lengvas\u00a0 ir kv\u0117puojantis, nesukelia alergijos, tod\u0117l tinka tiek suaugusiems, tiek vaiki\u0161kiems r\u016bbeliams . D\u0117l skirting\u0173 ekran\u0173 ,spalvos [&hellip;]<\/p>","protected":false},"featured_media":8284,"template":"","meta":[],"product_brand":[],"product_cat":[94,183],"product_tag":[],"class_list":{"0":"post-8283","1":"product","2":"type-product","3":"status-publish","4":"has-post-thumbnail","6":"product_cat-yarnart","7":"product_cat-summer","9":"first","10":"instock","11":"taxable","12":"shipping-taxable","13":"purchasable","14":"product-type-simple"},"_links":{"self":[{"href":"https:\/\/siulaiklaipeda.eu\/ru\/wp-json\/wp\/v2\/product\/8283","targetHints":{"allow":["GET"]}}],"collection":[{"href":"https:\/\/siulaiklaipeda.eu\/ru\/wp-json\/wp\/v2\/product"}],"about":[{"href":"https:\/\/siulaiklaipeda.eu\/ru\/wp-json\/wp\/v2\/types\/product"}],"wp:featuredmedia":[{"embeddable":true,"href":"https:\/\/siulaiklaipeda.eu\/ru\/wp-json\/wp\/v2\/media\/8284"}],"wp:attachment":[{"href":"https:\/\/siulaiklaipeda.eu\/ru\/wp-json\/wp\/v2\/media?parent=8283"}],"wp:term":[{"taxonomy":"product_brand","embeddable":true,"href":"https:\/\/siulaiklaipeda.eu\/ru\/wp-json\/wp\/v2\/product_brand?post=8283"},{"taxonomy":"product_cat","embeddable":true,"href":"https:\/\/siulaiklaipeda.eu\/ru\/wp-json\/wp\/v2\/product_cat?post=8283"},{"taxonomy":"product_tag","embeddable":true,"href":"https:\/\/siulaiklaipeda.eu\/ru\/wp-json\/wp\/v2\/product_tag?post=8283"}],"curies":[{"name":"wp","href":"https:\/\/api.w.org\/{rel}","templated":true}]}}