{"id":8239,"date":"2024-02-29T06:40:46","date_gmt":"2024-02-29T06:40:46","guid":{"rendered":"https:\/\/siulaiklaipeda.eu\/?post_type=product&#038;p=8239"},"modified":"2026-03-31T10:43:32","modified_gmt":"2026-03-31T07:43:32","slug":"yarnart-jeans-splash-961","status":"publish","type":"product","link":"https:\/\/siulaiklaipeda.eu\/ru\/product\/yarnart-jeans-splash-961\/","title":{"rendered":"\u0414\u0436\u0438\u043d\u0441\u044b YarnArt Splash 961"},"content":{"rendered":"<ul>\n<li>\u0421\u043e\u0441\u0442\u0430\u0432: 55 1\u0422\u041f3\u0422 \u0445\u043b\u043e\u043f\u043e\u043a, 45 1\u0422\u041f3\u0422 \u0430\u043a\u0440\u0438\u043b.<\/li>\n<li>\u0414\u043b\u0438\u043d\u0430: 50 \u0433, 160 \u043c.<\/li>\n<li>\u041f\u0440\u043e\u0438\u0437\u0432\u043e\u0434\u0438\u0442\u0435\u043b\u044c: YarnArt, \u0422\u0443\u0440\u0446\u0438\u044f<\/li>\n<li>\u0420\u0435\u043a\u043e\u043c\u0435\u043d\u0434\u0443\u0435\u043c\u044b\u0435 \u0441\u043f\u0438\u0446\u044b: \u2116 3,5.<\/li>\n<li>\u0420\u0435\u043a\u043e\u043c\u0435\u043d\u0434\u0443\u0435\u043c\u044b\u0439 \u0432\u0435\u0441\u0447\u0435\u043b \u21163,5;<\/li>\n<\/ul>\n<p>\u0412\u0441\u0435\u043c\u0438 \u043b\u044e\u0431\u0438\u043c\u0430\u044f \u043f\u0440\u044f\u0436\u0430 YarnArt Jeans. \u041f\u043e\u0434\u0445\u043e\u0434\u0438\u0442 \u0434\u043b\u044f \u0432\u044f\u0437\u0430\u043d\u0438\u044f \u0438\u0433\u0440\u0443\u0448\u0435\u043a, \u0441\u0443\u043c\u043e\u0447\u0435\u043a, \u0441\u0432\u0438\u0442\u0435\u0440\u043e\u0432, \u043f\u043b\u0430\u0442\u044c\u0435\u0432, \u043f\u043e\u043a\u0440\u044b\u0432\u0430\u043b \u0438 \u0442. \u0434. \u041d\u0438\u0442\u043a\u0438 \u043f\u0440\u0438\u044f\u0442\u043d\u044b\u0435 \u0438 \u043c\u044f\u0433\u043a\u0438\u0435 \u043d\u0430 \u043e\u0449\u0443\u043f\u044c. \u041d\u0435\u0432\u0435\u0440\u043e\u044f\u0442\u043d\u043e \u0448\u0438\u0440\u043e\u043a\u0430\u044f \u0446\u0432\u0435\u0442\u043e\u0432\u0430\u044f \u043f\u0430\u043b\u0438\u0442\u0440\u0430 \u0438 \u0443\u043d\u0438\u0432\u0435\u0440\u0441\u0430\u043b\u044c\u043d\u0430\u044f \u0442\u043e\u043b\u0449\u0438\u043d\u0430. \u0420\u0435\u043a\u043e\u043c\u0435\u043d\u0434\u0443\u0435\u043c \u043f\u0440\u044f\u0436\u0443 YarnArt Jeans \u043a\u0430\u043a \u043d\u0430\u0447\u0438\u043d\u0430\u044e\u0449\u0438\u043c, \u0442\u0430\u043a \u0438 \u043e\u043f\u044b\u0442\u043d\u044b\u043c \u0432\u044f\u0437\u0430\u043b\u044c\u0449\u0438\u0446\u0430\u043c, \u0434\u0443\u043c\u0430\u044e, \u0432\u044b \u0432\u0441\u0435 \u043e\u0441\u0442\u0430\u043d\u0435\u0442\u0435\u0441\u044c \u0434\u043e\u0432\u043e\u043b\u044c\u043d\u044b.<\/p>","protected":false},"excerpt":{"rendered":"<p>Sud\u0117tis: 55 % medviln\u0117 ,45 % akrilas Ilgis :50 g, 160 m Gamintojas : YarnArt ,Turkija Rekomenduojami virbalai:Nr 3.5 Rekomenduojamas v\u0105\u0161elis ;Nr 3.5 Vis\u0173 taip m\u0117gstami si\u016blai &#8211; YarnArt\u00a0 Jeans .Jie\u00a0 tinkami megzti\u00a0 \u017eaislus ,rankines ,megztukus ,sukneles ,lovatieses ir t.t Lie\u010diant ,si\u016blas malonus ,mink\u0161tas .Itin plati spalv\u0173 palet\u0117 ir universalus storis. Rekomenduojame YarnArt Jeans si\u016bl\u0105 [&hellip;]<\/p>","protected":false},"featured_media":8240,"template":"","meta":[],"product_brand":[],"product_cat":[182,51,94],"product_tag":[],"class_list":{"0":"post-8239","1":"product","2":"type-product","3":"status-publish","4":"has-post-thumbnail","6":"product_cat-jeans-splash","7":"product_cat-medvilne","8":"product_cat-yarnart","10":"first","11":"outofstock","12":"taxable","13":"shipping-taxable","14":"purchasable","15":"product-type-simple"},"_links":{"self":[{"href":"https:\/\/siulaiklaipeda.eu\/ru\/wp-json\/wp\/v2\/product\/8239","targetHints":{"allow":["GET"]}}],"collection":[{"href":"https:\/\/siulaiklaipeda.eu\/ru\/wp-json\/wp\/v2\/product"}],"about":[{"href":"https:\/\/siulaiklaipeda.eu\/ru\/wp-json\/wp\/v2\/types\/product"}],"wp:featuredmedia":[{"embeddable":true,"href":"https:\/\/siulaiklaipeda.eu\/ru\/wp-json\/wp\/v2\/media\/8240"}],"wp:attachment":[{"href":"https:\/\/siulaiklaipeda.eu\/ru\/wp-json\/wp\/v2\/media?parent=8239"}],"wp:term":[{"taxonomy":"product_brand","embeddable":true,"href":"https:\/\/siulaiklaipeda.eu\/ru\/wp-json\/wp\/v2\/product_brand?post=8239"},{"taxonomy":"product_cat","embeddable":true,"href":"https:\/\/siulaiklaipeda.eu\/ru\/wp-json\/wp\/v2\/product_cat?post=8239"},{"taxonomy":"product_tag","embeddable":true,"href":"https:\/\/siulaiklaipeda.eu\/ru\/wp-json\/wp\/v2\/product_tag?post=8239"}],"curies":[{"name":"wp","href":"https:\/\/api.w.org\/{rel}","templated":true}]}}