{"id":8088,"date":"2024-02-28T09:44:00","date_gmt":"2024-02-28T09:44:00","guid":{"rendered":"https:\/\/siulaiklaipeda.eu\/?post_type=product&#038;p=8088"},"modified":"2025-11-03T19:33:20","modified_gmt":"2025-11-03T17:33:20","slug":"yarnart-begonia-6334","status":"publish","type":"product","link":"https:\/\/siulaiklaipeda.eu\/ru\/product\/yarnart-begonia-6334\/","title":{"rendered":"YarnArt Begonia 6334"},"content":{"rendered":"<ul>\n<li>\u0421\u043e\u0441\u0442\u0430\u0432: 100 \u0433. \u041c\u0435\u0440\u0441\u0435\u0440\u0438\u0437\u043e\u0432\u0430\u043d\u043d\u044b\u0439 \u0445\u043b\u043e\u043f\u043e\u043a 1\u0422\u041f3\u0422.<\/li>\n<li>\u0414\u043b\u0438\u043d\u0430: 50 \u0433 169 \u043c<\/li>\n<li>\u0420\u0435\u043a\u043e\u043c\u0435\u043d\u0434\u0443\u0435\u043c\u044b\u0435 \u0441\u043f\u0438\u0446\u044b \u0438 \u0440\u0430\u0437\u043c\u0435\u0440 \u0438\u0433\u043b: 3-3,5.<\/li>\n<li>\u041f\u0440\u043e\u0438\u0437\u0432\u043e\u0434\u0438\u0442\u0435\u043b\u044c: YarnArt, \u0422\u0443\u0440\u0446\u0438\u044f<\/li>\n<\/ul>\n<p>\u041e\u0442\u043b\u0438\u0447\u043d\u0430\u044f \u0438 \u043e\u0441\u043e\u0431\u0435\u043d\u043d\u043e \u043a\u0430\u0447\u0435\u0441\u0442\u0432\u0435\u043d\u043d\u0430\u044f \u043f\u0440\u044f\u0436\u0430 \u0434\u043b\u044f \u043b\u0435\u0442\u043d\u0435\u0433\u043e \u0432\u044f\u0437\u0430\u043d\u0438\u044f \u0438\u043b\u0438 \u043a\u0440\u0443\u0436\u0435\u0432\u0430. \u042d\u0442\u043e \u043f\u0440\u044f\u0436\u0430 \u0438\u0437 \u043d\u0430\u0442\u0443\u0440\u0430\u043b\u044c\u043d\u044b\u0445 \u0432\u043e\u043b\u043e\u043a\u043e\u043d \u0441 \u0448\u0438\u0440\u043e\u043a\u043e\u0439 \u0446\u0432\u0435\u0442\u043e\u0432\u043e\u0439 \u043f\u0430\u043b\u0438\u0442\u0440\u043e\u0439. \u0412\u044f\u0437\u0430\u0442\u044c \u0438\u0437 \u044d\u0442\u043e\u0439 \u043f\u0440\u044f\u0436\u0438 \u043e\u0447\u0435\u043d\u044c \u043b\u0435\u0433\u043a\u043e, \u0440\u0430\u0437\u043d\u043e\u043e\u0431\u0440\u0430\u0437\u043d\u044b\u0435 \u0443\u0437\u043e\u0440\u044b \u043f\u043e\u0434\u0445\u043e\u0434\u044f\u0442 \u043a\u0430\u043a \u0434\u043b\u044f \u0432\u044f\u0437\u0430\u043d\u0438\u044f \u0441\u043f\u0438\u0446\u0430\u043c\u0438, \u0442\u0430\u043a \u0438 \u043a\u0440\u044e\u0447\u043a\u043e\u043c. \u0412\u044f\u0437\u0430\u043d\u044b\u0435 \u0438\u0437\u0434\u0435\u043b\u0438\u044f \u0438\u0437 \u044d\u0442\u0438\u0445 \u043d\u0438\u0442\u043e\u043a \u0431\u0443\u0434\u0443\u0442 \u0441\u043f\u0430\u0434\u0430\u0442\u044c \u0441 \u043b\u0435\u0433\u043a\u0438\u043c \u0431\u043b\u0435\u0441\u043a\u043e\u043c, \u043f\u043e\u0441\u043a\u043e\u043b\u044c\u043a\u0443 \u0445\u043b\u043e\u043f\u043e\u043a \u043c\u0435\u0440\u0441\u0435\u0440\u0438\u0437\u043e\u0432\u0430\u043d, \u0445\u043e\u0440\u043e\u0448\u043e \u043d\u043e\u0441\u0438\u0442\u0441\u044f \u0438 \u043d\u0435 \u0441\u043a\u0430\u0442\u044b\u0432\u0430\u0435\u0442\u0441\u044f.<\/p>","protected":false},"excerpt":{"rendered":"<p>Sud\u0117tis : 100 % merscerizuota\u00a0 medviln\u0117 Ilgis :50 g 169 m Rekomenduojami virbalai\u00a0 ir v\u0105\u0161elis Nr:3-3.5 Gamintojas :YarnArt ,Turkija Puikus ir ypa\u010d kokybi\u0161kas\u00a0 si\u016blas vasaros mezginiams\u00a0 ar n\u0117riniams .Tai naturalaus pluo\u0161to verpalai , turintys pla\u010di\u0105 spalv\u0173 palet\u0119 . Su \u0161iais si\u016blais labai lengva megzti, tinka \u012fvairiausi ra\u0161tai tiek mezgant virbalais ,tiek neriant kabliuku. Mezginiai i\u0161 [&hellip;]<\/p>","protected":false},"featured_media":8089,"template":"","meta":[],"product_brand":[],"product_cat":[179,51,94],"product_tag":[],"class_list":{"0":"post-8088","1":"product","2":"type-product","3":"status-publish","4":"has-post-thumbnail","6":"product_cat-begonia","7":"product_cat-medvilne","8":"product_cat-yarnart","10":"first","11":"outofstock","12":"taxable","13":"shipping-taxable","14":"purchasable","15":"product-type-simple"},"_links":{"self":[{"href":"https:\/\/siulaiklaipeda.eu\/ru\/wp-json\/wp\/v2\/product\/8088","targetHints":{"allow":["GET"]}}],"collection":[{"href":"https:\/\/siulaiklaipeda.eu\/ru\/wp-json\/wp\/v2\/product"}],"about":[{"href":"https:\/\/siulaiklaipeda.eu\/ru\/wp-json\/wp\/v2\/types\/product"}],"wp:featuredmedia":[{"embeddable":true,"href":"https:\/\/siulaiklaipeda.eu\/ru\/wp-json\/wp\/v2\/media\/8089"}],"wp:attachment":[{"href":"https:\/\/siulaiklaipeda.eu\/ru\/wp-json\/wp\/v2\/media?parent=8088"}],"wp:term":[{"taxonomy":"product_brand","embeddable":true,"href":"https:\/\/siulaiklaipeda.eu\/ru\/wp-json\/wp\/v2\/product_brand?post=8088"},{"taxonomy":"product_cat","embeddable":true,"href":"https:\/\/siulaiklaipeda.eu\/ru\/wp-json\/wp\/v2\/product_cat?post=8088"},{"taxonomy":"product_tag","embeddable":true,"href":"https:\/\/siulaiklaipeda.eu\/ru\/wp-json\/wp\/v2\/product_tag?post=8088"}],"curies":[{"name":"wp","href":"https:\/\/api.w.org\/{rel}","templated":true}]}}