{"id":7380,"date":"2024-02-08T12:53:15","date_gmt":"2024-02-08T12:53:15","guid":{"rendered":"https:\/\/siulaiklaipeda.eu\/?post_type=product&#038;p=7380"},"modified":"2025-08-26T17:36:25","modified_gmt":"2025-08-26T15:36:25","slug":"himalaya-wool-socks-print-s41-06","status":"publish","type":"product","link":"https:\/\/siulaiklaipeda.eu\/ru\/product\/himalaya-wool-socks-print-s41-06\/","title":{"rendered":"\u041d\u043e\u0441\u043a\u0438 \u0438\u0437 \u0433\u0438\u043c\u0430\u043b\u0430\u0439\u0441\u043a\u043e\u0439 \u0448\u0435\u0440\u0441\u0442\u0438 \u0441 \u043f\u0440\u0438\u043d\u0442\u043e\u043c S41-06"},"content":{"rendered":"<ul>\n<li>\u0421\u043e\u0441\u0442\u0430\u0432: 75 \u0448\u0435\u0440\u0441\u0442\u044c 1\u0422\u041f3\u0422, 25 \u043f\u043e\u043b\u0438\u0430\u043c\u0438\u0434 1\u0422\u041f3\u0422.<\/li>\n<li>\u0414\u043b\u0438\u043d\u0430: 100 \u0433 400 \u043c<\/li>\n<li>\u041f\u0440\u043e\u0438\u0437\u0432\u043e\u0434\u0438\u0442\u0435\u043b\u044c: \u0413\u0438\u043c\u0430\u043b\u0430\u0438, \u0422\u0443\u0440\u0446\u0438\u044f.<\/li>\n<li>\u0420\u0435\u043a\u043e\u043c\u0435\u043d\u0434\u0443\u0435\u043c\u044b\u0435 \u0441\u043f\u0438\u0446\u044b: \u2116 2-3,5.<\/li>\n<li>Wool Socks Print - \u043d\u043e\u0441\u043e\u0447\u043d\u0430\u044f \u043f\u0440\u044f\u0436\u0430. \u041e\u0434\u043d\u043e\u0433\u043e \u043a\u043b\u0443\u0431\u043a\u0430 \u044d\u0442\u043e\u0439 \u043f\u0440\u044f\u0436\u0438 \u0445\u0432\u0430\u0442\u0430\u0435\u0442 \u043d\u0430 \u043f\u0430\u0440\u0443 \u0431\u043e\u043b\u0435\u0435 \u0434\u043b\u0438\u043d\u043d\u044b\u0445 \u0432\u0437\u0440\u043e\u0441\u043b\u044b\u0445 \u043d\u043e\u0441\u043a\u043e\u0432 \u0440\u0430\u0437\u043c\u0435\u0440\u043e\u043c \u043e\u0442 37 \u0434\u043e 43. \u0412 \u0437\u0430\u0432\u0438\u0441\u0438\u043c\u043e\u0441\u0442\u0438 \u043e\u0442 \u043e\u043a\u0440\u0430\u0448\u0438\u0432\u0430\u043d\u0438\u044f \u043d\u0438\u0442\u0438 \u0440\u0430\u0441\u043f\u043e\u043b\u0430\u0433\u0430\u044e\u0442\u0441\u044f \u0443\u0437\u043e\u0440\u0430\u043c\u0438 \u0438\u043b\u0438 \u0446\u0432\u0435\u0442\u043d\u044b\u043c\u0438 \u043f\u043e\u043b\u043e\u0441\u043a\u0430\u043c\u0438. \u041f\u0440\u044f\u0436\u0430 Wool Socks \u0443\u0441\u0442\u043e\u0439\u0447\u0438\u0432\u0430 \u043a \u0438\u0441\u0442\u0438\u0440\u0430\u043d\u0438\u044e. \u0434\u043e\u043b\u0433\u043e\u0432\u0435\u0447\u043d\u043e\u0441\u0442\u044c \u043e\u0431\u0435\u0441\u043f\u0435\u0447\u0438\u0432\u0430\u0435\u0442\u0441\u044f \u043f\u043e\u043b\u0438\u0430\u043c\u0438\u0434\u043e\u043c \u0432 \u0441\u043e\u0441\u0442\u0430\u0432\u0435. \u042d\u0442\u0430 \u043d\u0438\u0442\u044c \u0442\u0430\u043a\u0436\u0435 \u0438\u0434\u0435\u0430\u043b\u044c\u043d\u043e \u043f\u043e\u0434\u0445\u043e\u0434\u0438\u0442 \u0434\u043b\u044f \u0441\u0432\u0438\u0442\u0435\u0440\u043e\u0432, \u0448\u0430\u043f\u043e\u043a, \u0448\u0430\u0440\u0444\u043e\u0432, \u043f\u0435\u0440\u0447\u0430\u0442\u043e\u043a.<\/li>\n<\/ul>","protected":false},"excerpt":{"rendered":"<p>Sud\u0117tis : 75 % vilna, 25 % poliamidas Ilgis : 100 g\u00a0 400 m Gamintojas : Himalaya,Turkija Rekomenduojami virbalai :Nr 2-3.5 Wool Socks Print\u00a0 &#8211;\u00a0 kojini\u0173 si\u016blai .Vieno kamuoliuko \u0161i\u0173 verpal\u0173\u00a0 u\u017etenka porai\u00a0 ilgesni\u0173 suaugusi\u0173 kojini\u0173 nuo 37 iki 43 dyd\u017eio .Priklausomai nuo da\u017eymo ,si\u016blai i\u0161sid\u0117sto ra\u0161tais arba spalvotomis juostel\u0117mis .Wool Socks verpalai\u00a0 atspar\u016bs dilimui, [&hellip;]<\/p>","protected":false},"featured_media":7381,"template":"","meta":[],"product_brand":[],"product_cat":[171,108,47,173],"product_tag":[],"class_list":{"0":"post-7380","1":"product","2":"type-product","3":"status-publish","4":"has-post-thumbnail","6":"product_cat-himalaya","7":"product_cat-kojininiai-siulai","8":"product_cat-vilna","9":"product_cat-wool-socks-print","11":"first","12":"outofstock","13":"taxable","14":"shipping-taxable","15":"purchasable","16":"product-type-simple"},"_links":{"self":[{"href":"https:\/\/siulaiklaipeda.eu\/ru\/wp-json\/wp\/v2\/product\/7380","targetHints":{"allow":["GET"]}}],"collection":[{"href":"https:\/\/siulaiklaipeda.eu\/ru\/wp-json\/wp\/v2\/product"}],"about":[{"href":"https:\/\/siulaiklaipeda.eu\/ru\/wp-json\/wp\/v2\/types\/product"}],"wp:featuredmedia":[{"embeddable":true,"href":"https:\/\/siulaiklaipeda.eu\/ru\/wp-json\/wp\/v2\/media\/7381"}],"wp:attachment":[{"href":"https:\/\/siulaiklaipeda.eu\/ru\/wp-json\/wp\/v2\/media?parent=7380"}],"wp:term":[{"taxonomy":"product_brand","embeddable":true,"href":"https:\/\/siulaiklaipeda.eu\/ru\/wp-json\/wp\/v2\/product_brand?post=7380"},{"taxonomy":"product_cat","embeddable":true,"href":"https:\/\/siulaiklaipeda.eu\/ru\/wp-json\/wp\/v2\/product_cat?post=7380"},{"taxonomy":"product_tag","embeddable":true,"href":"https:\/\/siulaiklaipeda.eu\/ru\/wp-json\/wp\/v2\/product_tag?post=7380"}],"curies":[{"name":"wp","href":"https:\/\/api.w.org\/{rel}","templated":true}]}}