{"id":7116,"date":"2024-02-05T09:50:53","date_gmt":"2024-02-05T09:50:53","guid":{"rendered":"https:\/\/siulaiklaipeda.eu\/?post_type=product&#038;p=7116"},"modified":"2025-12-18T10:47:17","modified_gmt":"2025-12-18T08:47:17","slug":"alize-superlana-maxi-204","status":"publish","type":"product","link":"https:\/\/siulaiklaipeda.eu\/ru\/product\/alize-superlana-maxi-204\/","title":{"rendered":"\u0410\u043b\u0438\u0437\u0435 \u0421\u0443\u043f\u0435\u0440\u043b\u0430\u043d\u0430 \u041c\u0430\u043a\u0441\u0438 204"},"content":{"rendered":"<ul>\n<li>\u0421\u043e\u0441\u0442\u0430\u0432: 25 1\u0422\u041f3\u0422 \u0448\u0435\u0440\u0441\u0442\u044c, 75 1\u0422\u041f3\u0422 \u0430\u043a\u0440\u0438\u043b.<\/li>\n<li>\u0414\u043b\u0438\u043d\u0430: 100 \u0433, 100 \u043c<\/li>\n<li>\u0420\u0435\u043a\u043e\u043c\u0435\u043d\u0434\u0443\u0435\u043c\u044b\u0435 \u0438\u0433\u043b\u044b \u2116: 8\u20139.<\/li>\n<li>\u041f\u0440\u043e\u0438\u0437\u0432\u043e\u0434\u0438\u0442\u0435\u043b\u044c: \u0410\u043b\u0438\u0437\u0435, \u0422\u0443\u0440\u0446\u0438\u044f.<\/li>\n<\/ul>\n<p>Alize Superlana Maxi - \u0442\u043e\u043b\u0441\u0442\u0430\u044f \u043f\u0440\u044f\u0436\u0430 \u0434\u043b\u044f \u0448\u0430\u043f\u043e\u043a, \u0448\u0430\u0440\u0444\u043e\u0432, \u043a\u0430\u0440\u0434\u0438\u0433\u0430\u043d\u043e\u0432. \u041e\u0447\u0435\u043d\u044c \u043c\u044f\u0433\u043a\u0430\u044f, \u043f\u0440\u0438\u044f\u0442\u043d\u0430\u044f \u043d\u0430 \u043e\u0449\u0443\u043f\u044c.<\/p>","protected":false},"excerpt":{"rendered":"<p>Sud\u0117tis :25 % vilna , 75 % akrilas Ilgis : 100 g , 100 m Rekomenduojami virbalai\u00a0 Nr : 8 &#8211; 9 Gamintojas : Alize , Turkija Alize Superlana Maxi &#8211;\u00a0 storas si\u016blas\u00a0 kepur\u0117ms ,\u0161alikams ,kardiganams .Labai \u0161velnus ,malonus liesti .<\/p>","protected":false},"featured_media":7119,"template":"","meta":[],"product_brand":[],"product_cat":[92,48,138],"product_tag":[],"class_list":{"0":"post-7116","1":"product","2":"type-product","3":"status-publish","4":"has-post-thumbnail","6":"product_cat-alize","7":"product_cat-pusvilne","8":"product_cat-superlana-maxi","10":"first","11":"outofstock","12":"taxable","13":"shipping-taxable","14":"purchasable","15":"product-type-simple"},"_links":{"self":[{"href":"https:\/\/siulaiklaipeda.eu\/ru\/wp-json\/wp\/v2\/product\/7116","targetHints":{"allow":["GET"]}}],"collection":[{"href":"https:\/\/siulaiklaipeda.eu\/ru\/wp-json\/wp\/v2\/product"}],"about":[{"href":"https:\/\/siulaiklaipeda.eu\/ru\/wp-json\/wp\/v2\/types\/product"}],"wp:featuredmedia":[{"embeddable":true,"href":"https:\/\/siulaiklaipeda.eu\/ru\/wp-json\/wp\/v2\/media\/7119"}],"wp:attachment":[{"href":"https:\/\/siulaiklaipeda.eu\/ru\/wp-json\/wp\/v2\/media?parent=7116"}],"wp:term":[{"taxonomy":"product_brand","embeddable":true,"href":"https:\/\/siulaiklaipeda.eu\/ru\/wp-json\/wp\/v2\/product_brand?post=7116"},{"taxonomy":"product_cat","embeddable":true,"href":"https:\/\/siulaiklaipeda.eu\/ru\/wp-json\/wp\/v2\/product_cat?post=7116"},{"taxonomy":"product_tag","embeddable":true,"href":"https:\/\/siulaiklaipeda.eu\/ru\/wp-json\/wp\/v2\/product_tag?post=7116"}],"curies":[{"name":"wp","href":"https:\/\/api.w.org\/{rel}","templated":true}]}}