{"id":7115,"date":"2024-02-05T09:12:31","date_gmt":"2024-02-05T09:12:31","guid":{"rendered":"https:\/\/siulaiklaipeda.eu\/?post_type=product&#038;p=7115"},"modified":"2025-11-03T19:26:01","modified_gmt":"2025-11-03T17:26:01","slug":"lanoso-bonito-ethnic-1212","status":"publish","type":"product","link":"https:\/\/siulaiklaipeda.eu\/ru\/product\/lanoso-bonito-ethnic-1212\/","title":{"rendered":"\u041b\u0430\u043d\u043e\u0441\u043e \u0411\u043e\u043d\u0438\u0442\u043e \u042d\u0442\u043d\u0438\u0447\u0435\u0441\u043a\u0438\u0439 1212"},"content":{"rendered":"<ul>\n<li>\u0421\u043e\u0441\u0442\u0430\u0432: \u0448\u0435\u0440\u0441\u0442\u044c 491\u0422\u041f3\u0422, \u0430\u043a\u0440\u0438\u043b 511\u0422\u041f3\u0422.<\/li>\n<li>\u0414\u043b\u0438\u043d\u0430: 100 \u0433, 300 \u043c.<\/li>\n<li>\u0420\u0435\u043a\u043e\u043c\u0435\u043d\u0434\u0443\u0435\u043c\u044b\u0435 \u0441\u043f\u0438\u0446\u044b: 2,5-3,5.<\/li>\n<li>\u041f\u0440\u043e\u0438\u0437\u0432\u043e\u0434\u0438\u0442\u0435\u043b\u044c: Lanoso, \u0422\u0443\u0440\u0446\u0438\u044f.<\/li>\n<\/ul>\n<p>\u041f\u043e\u043b\u0443\u0448\u0435\u0440\u0441\u0442\u044f\u043d\u0430\u044f \u043f\u0440\u044f\u0436\u0430 \u0441\u0440\u0435\u0434\u043d\u0435\u0439 \u0442\u043e\u043b\u0449\u0438\u043d\u044b, \u043f\u043e\u0434\u0445\u043e\u0434\u0438\u0442 \u0434\u043b\u044f \u0432\u044f\u0437\u0430\u043d\u0438\u044f \u0441\u043f\u0438\u0446\u0430\u043c\u0438 \u0438 \u043a\u0440\u044e\u0447\u043a\u043e\u043c. \u041d\u0438\u0442\u044c \u0434\u043e\u0441\u0442\u0430\u0442\u043e\u0447\u043d\u043e \u043a\u0440\u0443\u0447\u0435\u043d\u0430\u044f \u0438 \u043c\u044f\u0433\u043a\u0430\u044f, \u043f\u043e\u0434\u0445\u043e\u0434\u0438\u0442 \u0434\u043b\u044f \u0434\u0435\u0442\u0441\u043a\u043e\u0433\u043e \u0432\u044f\u0437\u0430\u043d\u0438\u044f \u0438 \u043e\u0431\u044f\u0437\u0430\u0442\u0435\u043b\u044c\u043d\u043e \u0434\u043b\u044f \u0432\u0437\u0440\u043e\u0441\u043b\u044b\u0445. \u0426\u0432\u0435\u0442\u0430 \u044f\u0440\u043a\u0438\u0435 \u0438 \u0447\u0435\u0442\u043a\u0438\u0435, \u043d\u043e\u0441\u0438\u0442\u0441\u044f \u0445\u043e\u0440\u043e\u0448\u043e, \u043d\u0435 \u0441\u043a\u0430\u0442\u044b\u0432\u0430\u0435\u0442\u0441\u044f.<\/p>\n<p>&nbsp;<\/p>","protected":false},"excerpt":{"rendered":"<p>Sud\u0117tis : 49% vilna\u00a0 , 51% akrilas Ilgis :100 g , 300 m Rekomenduojami virbalai:2.5-3.5 Gamintojas\u00a0 :Lanoso ,Turkija Vidutinio storumo pusviln\u0117s verpalai,tinkantys megzti\u00a0 virbalais ir nerti v\u0105\u0161eliu.Si\u016blas pakankamai sukrus ,\u0161velnus ,tinka vaiki\u0161kiems mezginiams ir be abejo suaugusiems .Spalvos ry\u0161kios ,ai\u0161kios.Puikiai ne\u0161iojasi ,nesipumpuruoja . &nbsp;<\/p>","protected":false},"featured_media":7120,"template":"","meta":[],"product_brand":[],"product_cat":[158,154,48],"product_tag":[],"class_list":{"0":"post-7115","1":"product","2":"type-product","3":"status-publish","4":"has-post-thumbnail","6":"product_cat-bonito-ethnic-lanoso","7":"product_cat-lanoso-2","8":"product_cat-pusvilne","10":"first","11":"outofstock","12":"taxable","13":"shipping-taxable","14":"purchasable","15":"product-type-simple"},"_links":{"self":[{"href":"https:\/\/siulaiklaipeda.eu\/ru\/wp-json\/wp\/v2\/product\/7115","targetHints":{"allow":["GET"]}}],"collection":[{"href":"https:\/\/siulaiklaipeda.eu\/ru\/wp-json\/wp\/v2\/product"}],"about":[{"href":"https:\/\/siulaiklaipeda.eu\/ru\/wp-json\/wp\/v2\/types\/product"}],"wp:featuredmedia":[{"embeddable":true,"href":"https:\/\/siulaiklaipeda.eu\/ru\/wp-json\/wp\/v2\/media\/7120"}],"wp:attachment":[{"href":"https:\/\/siulaiklaipeda.eu\/ru\/wp-json\/wp\/v2\/media?parent=7115"}],"wp:term":[{"taxonomy":"product_brand","embeddable":true,"href":"https:\/\/siulaiklaipeda.eu\/ru\/wp-json\/wp\/v2\/product_brand?post=7115"},{"taxonomy":"product_cat","embeddable":true,"href":"https:\/\/siulaiklaipeda.eu\/ru\/wp-json\/wp\/v2\/product_cat?post=7115"},{"taxonomy":"product_tag","embeddable":true,"href":"https:\/\/siulaiklaipeda.eu\/ru\/wp-json\/wp\/v2\/product_tag?post=7115"}],"curies":[{"name":"wp","href":"https:\/\/api.w.org\/{rel}","templated":true}]}}