{"id":6916,"date":"2024-01-30T09:35:11","date_gmt":"2024-01-30T09:35:11","guid":{"rendered":"https:\/\/siulaiklaipeda.eu\/?post_type=product&#038;p=6916"},"modified":"2026-03-31T10:36:44","modified_gmt":"2026-03-31T07:36:44","slug":"alize-cotton-gold-26","status":"publish","type":"product","link":"https:\/\/siulaiklaipeda.eu\/ru\/product\/alize-cotton-gold-26\/","title":{"rendered":"\u0410\u043b\u0438\u0437\u0435 \u041a\u043e\u0442\u0442\u043e\u043d \u0413\u043e\u043b\u0434 26"},"content":{"rendered":"<ul>\n<li>\u0421\u043e\u0441\u0442\u0430\u0432: \u0445\u043b\u043e\u043f\u043e\u043a 551\u0422\u041f3\u0422, \u0430\u043a\u0440\u0438\u043b 45 1\u0422\u041f3\u0422.<\/li>\n<li>\u0414\u043b\u0438\u043d\u0430: 100 \u0433, 330 \u043c.<\/li>\n<li>Rekomenduojami virbalai :Nr 3.5 \u2013 5<\/li>\n<li>\u0420\u0435\u043a\u043e\u043c\u0435\u043d\u0434\u0443\u0435\u043c\u044b\u0439 \u0440\u0430\u0437\u043c\u0435\u0440: \u2116 2-4.<\/li>\n<li>\u041f\u0440\u043e\u0438\u0437\u0432\u043e\u0434\u0438\u0442\u0435\u043b\u044c: \u0410\u043b\u0438\u0437\u0435, \u0422\u0443\u0440\u0446\u0438\u044f.<\/li>\n<\/ul>\n<p>Alize Cotton Gold \u2013 klasikinis medviln\u0117s ir akrilo derinys\u00a0 \u012fvairiausiems\u00a0 pavasario ir vasaros mezginiams .Puikiai tinka \u017eaislams ,vaiki\u0161kiems r\u016bbeliams , pledams , megztiniams ir t.t<\/p>\n<p>\u00a0<\/p>","protected":false},"excerpt":{"rendered":"<p>Sud\u0117tis :\u00a0 55% medviln\u0117 ,45 % akrilas Ilgis :100g , 330 m Rekomenduojami virbalai :Nr 3.5 \u2013 5 Rekomenduojamas v\u0105\u0161elis :Nr 2 -4 Gamintojas :Alize ,Turkija Alize Cotton Gold \u2013 klasikinis medviln\u0117s ir akrilo derinys\u00a0 \u012fvairiausiems\u00a0 pavasario ir vasaros mezginiams .Puikiai tinka \u017eaislams ,vaiki\u0161kiems r\u016bbeliams , pledams , megztiniams ir t.t \u00a0<\/p>","protected":false},"featured_media":17739,"template":"","meta":[],"product_brand":[],"product_cat":[124,92,51],"product_tag":[],"class_list":{"0":"post-6916","1":"product","2":"type-product","3":"status-publish","4":"has-post-thumbnail","6":"product_cat-cotton-gold","7":"product_cat-alize","8":"product_cat-medvilne","10":"first","11":"instock","12":"taxable","13":"shipping-taxable","14":"purchasable","15":"product-type-simple"},"_links":{"self":[{"href":"https:\/\/siulaiklaipeda.eu\/ru\/wp-json\/wp\/v2\/product\/6916","targetHints":{"allow":["GET"]}}],"collection":[{"href":"https:\/\/siulaiklaipeda.eu\/ru\/wp-json\/wp\/v2\/product"}],"about":[{"href":"https:\/\/siulaiklaipeda.eu\/ru\/wp-json\/wp\/v2\/types\/product"}],"wp:featuredmedia":[{"embeddable":true,"href":"https:\/\/siulaiklaipeda.eu\/ru\/wp-json\/wp\/v2\/media\/17739"}],"wp:attachment":[{"href":"https:\/\/siulaiklaipeda.eu\/ru\/wp-json\/wp\/v2\/media?parent=6916"}],"wp:term":[{"taxonomy":"product_brand","embeddable":true,"href":"https:\/\/siulaiklaipeda.eu\/ru\/wp-json\/wp\/v2\/product_brand?post=6916"},{"taxonomy":"product_cat","embeddable":true,"href":"https:\/\/siulaiklaipeda.eu\/ru\/wp-json\/wp\/v2\/product_cat?post=6916"},{"taxonomy":"product_tag","embeddable":true,"href":"https:\/\/siulaiklaipeda.eu\/ru\/wp-json\/wp\/v2\/product_tag?post=6916"}],"curies":[{"name":"wp","href":"https:\/\/api.w.org\/{rel}","templated":true}]}}