{"id":6894,"date":"2024-01-29T15:38:13","date_gmt":"2024-01-29T15:38:13","guid":{"rendered":"https:\/\/siulaiklaipeda.eu\/?post_type=product&#038;p=6894"},"modified":"2025-11-03T19:19:37","modified_gmt":"2025-11-03T17:19:37","slug":"fibranatura-dona-106-23","status":"publish","type":"product","link":"https:\/\/siulaiklaipeda.eu\/ru\/product\/fibranatura-dona-106-23\/","title":{"rendered":"Fibra Natura Dona 106-23"},"content":{"rendered":"<ul>\n<li>\n<hr \/>\n<p>\u0421\u043e\u0441\u0442\u0430\u0432: 100 % \u043c\u0435\u0440\u0438\u043d\u043e\u0441\u043e\u0432\u0430\u044f \u0448\u0435\u0440\u0441\u0442\u044c Superwash.<\/li>\n<li>\u0414\u043b\u0438\u043d\u0430: 50 \u0433, 115 \u043c.<\/li>\n<li>\u041f\u0440\u043e\u0438\u0437\u0432\u043e\u0434\u0438\u0442\u0435\u043b\u044c: \u0424\u0438\u0431\u0440\u0430\u043d\u0430\u0442\u0443\u0440\u0430, \u0422\u0443\u0440\u0446\u0438\u044f.<\/li>\n<\/ul>\n<p>\u042d\u0442\u043e \u0440\u043e\u0441\u043a\u043e\u0448\u043d\u0430\u044f \u043f\u0440\u044f\u0436\u0430 \u0438\u0437 \u0448\u0435\u0440\u0441\u0442\u0438 \u043c\u0435\u0440\u0438\u043d\u043e\u0441\u0430 \u0434\u043b\u044f \u0442\u0435\u043f\u043b\u043e\u0433\u043e \u0437\u0438\u043c\u043d\u0435\u0433\u043e \u0442\u0440\u0438\u043a\u043e\u0442\u0430\u0436\u0430. \u041d\u0438\u0442\u044c \u043e\u0441\u043e\u0431\u0435\u043d\u043d\u043e \u043c\u044f\u0433\u043a\u0430\u044f, \u043f\u0440\u0438\u044f\u0442\u043d\u0430\u044f \u043d\u0430 \u043e\u0449\u0443\u043f\u044c, \u0440\u0430\u0432\u043d\u043e\u043c\u0435\u0440\u043d\u043e \u0441\u043a\u0440\u0443\u0447\u0435\u043d\u0430, \u043d\u0435 \u0440\u0430\u0437\u0434\u0440\u0430\u0436\u0430\u0435\u0442 \u043a\u043e\u0436\u0443. \u0412\u044f\u0436\u0435\u0442\u0441\u044f \u043e\u0447\u0435\u043d\u044c \u043b\u0435\u0433\u043a\u043e, \u043f\u043e\u0434\u0445\u043e\u0434\u0438\u0442 \u0434\u043b\u044f \u0440\u0430\u0437\u043b\u0438\u0447\u043d\u044b\u0445 \u0443\u0437\u043e\u0440\u043e\u0432 \u0441\u043f\u0438\u0446\u0430\u043c\u0438. \u0424\u0438\u0431\u0440\u0430\u043d\u0430\u0442\u0443\u0440\u0430 \u0414\u043e\u043d\u0430 \u2013 \u043d\u0438\u0442\u043a\u0438 \u0434\u043b\u044f \u0441\u0430\u043c\u044b\u0445 \u043c\u0430\u043b\u0435\u043d\u044c\u043a\u0438\u0445 \u0434\u0435\u0442\u0435\u0439 \u0438 \u0432\u0437\u0440\u043e\u0441\u043b\u044b\u0445.<\/p>","protected":false},"excerpt":{"rendered":"<p>Sud\u0117tis : 100 % Superwash merino vilnel\u0117 Ilgis :50 g ,115 m Gamintojas :Fibranatura ,Turkija Tai prabang\u016bs\u00a0 merino\u00a0 vilnel\u0117s\u00a0 si\u016blai , skirti \u0161iltiems\u00a0 \u017eieminiams mezginiams . Si\u016blas ypatingai \u0161velnus , malonus liesti ,tolygaus\u00a0 verpimo ,nedirgina odos . Mezgasi labai lengvai , tinka\u00a0 \u012fvairiausi mezgimo\u00a0 ra\u0161tai . Fibranatura\u00a0 Dona &#8211; si\u016blas\u00a0 patiems ma\u017eiausiems\u00a0 vaikams ir suaugusiems.<\/p>","protected":false},"featured_media":6895,"template":"","meta":[],"product_brand":[],"product_cat":[166,91,56,47],"product_tag":[],"class_list":{"0":"post-6894","1":"product","2":"type-product","3":"status-publish","4":"has-post-thumbnail","6":"product_cat-dona","7":"product_cat-fibra-natura","8":"product_cat-vaikiski-siulai","9":"product_cat-vilna","11":"first","12":"instock","13":"taxable","14":"shipping-taxable","15":"purchasable","16":"product-type-simple"},"_links":{"self":[{"href":"https:\/\/siulaiklaipeda.eu\/ru\/wp-json\/wp\/v2\/product\/6894","targetHints":{"allow":["GET"]}}],"collection":[{"href":"https:\/\/siulaiklaipeda.eu\/ru\/wp-json\/wp\/v2\/product"}],"about":[{"href":"https:\/\/siulaiklaipeda.eu\/ru\/wp-json\/wp\/v2\/types\/product"}],"wp:featuredmedia":[{"embeddable":true,"href":"https:\/\/siulaiklaipeda.eu\/ru\/wp-json\/wp\/v2\/media\/6895"}],"wp:attachment":[{"href":"https:\/\/siulaiklaipeda.eu\/ru\/wp-json\/wp\/v2\/media?parent=6894"}],"wp:term":[{"taxonomy":"product_brand","embeddable":true,"href":"https:\/\/siulaiklaipeda.eu\/ru\/wp-json\/wp\/v2\/product_brand?post=6894"},{"taxonomy":"product_cat","embeddable":true,"href":"https:\/\/siulaiklaipeda.eu\/ru\/wp-json\/wp\/v2\/product_cat?post=6894"},{"taxonomy":"product_tag","embeddable":true,"href":"https:\/\/siulaiklaipeda.eu\/ru\/wp-json\/wp\/v2\/product_tag?post=6894"}],"curies":[{"name":"wp","href":"https:\/\/api.w.org\/{rel}","templated":true}]}}