{"id":6418,"date":"2024-01-16T18:11:23","date_gmt":"2024-01-16T18:11:23","guid":{"rendered":"https:\/\/siulaiklaipeda.eu\/?post_type=product&#038;p=6418"},"modified":"2026-04-11T10:25:38","modified_gmt":"2026-04-11T07:25:38","slug":"wolans-bunny-baby-06","status":"publish","type":"product","link":"https:\/\/siulaiklaipeda.eu\/ru\/product\/wolans-bunny-baby-06\/","title":{"rendered":"\u0412\u043e\u043b\u0430\u043d\u0441 \u0411\u0430\u043d\u043d\u0438 \u0411\u044d\u0431\u0438 06"},"content":{"rendered":"<ul>\n<li>\u0421\u043e\u0441\u0442\u0430\u0432: 100 \u0441\u0443\u043f\u0435\u0440\u043c\u044f\u0433\u043a\u0438\u0439 \u043f\u043e\u043b\u0438\u044d\u0441\u0442\u0435\u0440 %.<\/li>\n<li>\u0414\u043b\u0438\u043d\u0430: 100 \u0433, 120 \u043c.<\/li>\n<li>\u0420\u0435\u043a\u043e\u043c\u0435\u043d\u0434\u0443\u0435\u043c\u0430\u044f \u043a\u0438\u0441\u0442\u044c: \u2116 4,5.<\/li>\n<li>\u0420\u0435\u043a\u043e\u043c\u0435\u043d\u0434\u0443\u0435\u043c\u044b\u0435 \u0441\u043f\u0438\u0446\u044b: \u2116 6.<\/li>\n<li>\u041f\u0440\u043e\u0438\u0437\u0432\u043e\u0434\u0438\u0442\u0435\u043b\u044c: Wolans Yarn, \u0422\u0443\u0440\u0446\u0438\u044f.<\/li>\n<\/ul>\n<p>\u041e\u0447\u0435\u043d\u044c \u043c\u044f\u0433\u043a\u0430\u044f \u043f\u043b\u044e\u0448\u0435\u0432\u0430\u044f \u043f\u0440\u044f\u0436\u0430 \u0434\u043b\u044f \u0438\u0433\u0440\u0443\u0448\u0435\u043a, \u043e\u0434\u0435\u044f\u043b, \u0441\u0432\u0438\u0442\u0435\u0440\u043e\u0432.<\/p>","protected":false},"excerpt":{"rendered":"<p>Sud\u0117tis : 100 % super soft\u00a0 poliesteris Ilgis :100 g ,120 m Rekomenduojamas v\u0105\u0161elis :Nr 4.5 Rekomenduojami virbalai :Nr 6 Gamintojas :Wolans Yarn ,Turkija Ypatingo \u0161velnumo\u00a0 pliu\u0161iniai si\u016blai \u017eaislams ,pledams ,megztiniams .<\/p>","protected":false},"featured_media":23147,"template":"","meta":[],"product_brand":[],"product_cat":[170,102,109,56,169,95],"product_tag":[],"class_list":{"0":"post-6418","1":"product","2":"type-product","3":"status-publish","4":"has-post-thumbnail","6":"product_cat-bunny-baby","7":"product_cat-mikropoliesteris-siulu-pluostai","8":"product_cat-pliusiniai-siulai","9":"product_cat-vaikiski-siulai","10":"product_cat-wolans","11":"product_cat-wolans-yarns","13":"first","14":"instock","15":"taxable","16":"shipping-taxable","17":"purchasable","18":"product-type-simple"},"_links":{"self":[{"href":"https:\/\/siulaiklaipeda.eu\/ru\/wp-json\/wp\/v2\/product\/6418","targetHints":{"allow":["GET"]}}],"collection":[{"href":"https:\/\/siulaiklaipeda.eu\/ru\/wp-json\/wp\/v2\/product"}],"about":[{"href":"https:\/\/siulaiklaipeda.eu\/ru\/wp-json\/wp\/v2\/types\/product"}],"wp:featuredmedia":[{"embeddable":true,"href":"https:\/\/siulaiklaipeda.eu\/ru\/wp-json\/wp\/v2\/media\/23147"}],"wp:attachment":[{"href":"https:\/\/siulaiklaipeda.eu\/ru\/wp-json\/wp\/v2\/media?parent=6418"}],"wp:term":[{"taxonomy":"product_brand","embeddable":true,"href":"https:\/\/siulaiklaipeda.eu\/ru\/wp-json\/wp\/v2\/product_brand?post=6418"},{"taxonomy":"product_cat","embeddable":true,"href":"https:\/\/siulaiklaipeda.eu\/ru\/wp-json\/wp\/v2\/product_cat?post=6418"},{"taxonomy":"product_tag","embeddable":true,"href":"https:\/\/siulaiklaipeda.eu\/ru\/wp-json\/wp\/v2\/product_tag?post=6418"}],"curies":[{"name":"wp","href":"https:\/\/api.w.org\/{rel}","templated":true}]}}