{"id":6108,"date":"2024-01-13T16:57:01","date_gmt":"2024-01-13T16:57:01","guid":{"rendered":"https:\/\/siulaiklaipeda.eu\/?post_type=product&#038;p=6108"},"modified":"2026-03-22T14:00:26","modified_gmt":"2026-03-22T12:00:26","slug":"lanoso-bonito-959","status":"publish","type":"product","link":"https:\/\/siulaiklaipeda.eu\/ru\/product\/lanoso-bonito-959\/","title":{"rendered":"959 \u041b\u0430\u043d\u043e\u0441 \u0411\u043e\u043d\u0438\u0442\u043e"},"content":{"rendered":"<ul>\n<li>\u0421\u043e\u0441\u0442\u0430\u0432: 49 \u0448\u0435\u0440\u0441\u0442\u0438 1\u0422\u041f3\u0422, 51 \u0430\u043a\u0440\u0438\u043b 1\u0422\u041f3\u0422.<\/li>\n<li>\u0414\u043b\u0438\u043d\u0430 ; 100 \u0433, 300 \u043c<\/li>\n<li>\u0420\u0435\u043a\u043e\u043c\u0435\u043d\u0434\u0443\u0435\u043c\u044b\u0435 \u0441\u043f\u0438\u0446\u044b: 2,5-3,5.<\/li>\n<li>\u041f\u0440\u043e\u0438\u0437\u0432\u043e\u0434\u0438\u0442\u0435\u043b\u044c: Lanoso, \u0422\u0443\u0440\u0446\u0438\u044f.<\/li>\n<\/ul>\n<p>\u041f\u043e\u043b\u0443\u0448\u0435\u0440\u0441\u0442\u044f\u043d\u0430\u044f \u043f\u0440\u044f\u0436\u0430 Lanoso Bonito, \u043f\u043e\u0434\u0445\u043e\u0434\u0438\u0442 \u0434\u043b\u044f \u0434\u0435\u0442\u0435\u0439 \u0438 \u0432\u0437\u0440\u043e\u0441\u043b\u044b\u0445. \u041d\u0438\u0442\u043a\u0430 \u0441\u0440\u0435\u0434\u043d\u0435\u0439 \u0442\u043e\u043b\u0449\u0438\u043d\u044b, \u0434\u043e\u0441\u0442\u0430\u0442\u043e\u0447\u043d\u043e \u0445\u043e\u0440\u043e\u0448\u043e \u0441\u043a\u0440\u0443\u0447\u0438\u0432\u0430\u0435\u0442\u0441\u044f, \u043d\u043e\u0441\u0438\u0442\u0441\u044f \u043e\u0442\u043b\u0438\u0447\u043d\u043e, \u043d\u0435 \u0441\u043a\u0430\u0442\u044b\u0432\u0430\u0435\u0442\u0441\u044f.<\/p>\n<p>\u0426\u0432\u0435\u0442 \u043c\u043e\u0436\u0435\u0442 \u043e\u0442\u043b\u0438\u0447\u0430\u0442\u044c\u0441\u044f \u0438\u0437-\u0437\u0430 \u0440\u0430\u0437\u043d\u044b\u0445 \u043a\u043e\u043c\u043f\u044c\u044e\u0442\u0435\u0440\u043e\u0432, \u0430 \u0442\u0430\u043a\u0436\u0435 \u0438\u0437-\u0437\u0430 \u0434\u0440\u0443\u0433\u043e\u0439 \u043f\u0430\u0440\u0442\u0438\u0438 \u043f\u043e\u043a\u0440\u0430\u0441\u043a\u0438.<\/p>","protected":false},"excerpt":{"rendered":"<p>Sud\u0117tis : 49 % vilna ,\u00a0 51 % akrilas Ilgis ; 100 g , 300 m Rekomenduojami virbalai :2.5-3.5 Gamintojas : Lanoso ,Turkija Lanoso Bonito\u00a0 pusvilnonis si\u016blas ,tinkantis\u00a0 vaikams ir suaugusiems . Si\u016blas vidutinio storio ,pakankamai sukrus .Puikiai ne\u0161iojasi ,nesipumpuruoja. Spalva gali skirtis\u00a0 d\u0117l skirting\u0173 kompiuteri\u0173 ,taip pat d\u0117l kitos da\u017eymo partijos .<\/p>","protected":false},"featured_media":7579,"template":"","meta":[],"product_brand":[],"product_cat":[155,254,96,154,48],"product_tag":[],"class_list":{"0":"post-6108","1":"product","2":"type-product","3":"status-publish","4":"has-post-thumbnail","6":"product_cat-bonito","7":"product_cat-ispardavimas","8":"product_cat-lanoso","9":"product_cat-lanoso-2","10":"product_cat-pusvilne","12":"first","13":"outofstock","14":"sale","15":"taxable","16":"shipping-taxable","17":"purchasable","18":"product-type-simple"},"_links":{"self":[{"href":"https:\/\/siulaiklaipeda.eu\/ru\/wp-json\/wp\/v2\/product\/6108","targetHints":{"allow":["GET"]}}],"collection":[{"href":"https:\/\/siulaiklaipeda.eu\/ru\/wp-json\/wp\/v2\/product"}],"about":[{"href":"https:\/\/siulaiklaipeda.eu\/ru\/wp-json\/wp\/v2\/types\/product"}],"wp:featuredmedia":[{"embeddable":true,"href":"https:\/\/siulaiklaipeda.eu\/ru\/wp-json\/wp\/v2\/media\/7579"}],"wp:attachment":[{"href":"https:\/\/siulaiklaipeda.eu\/ru\/wp-json\/wp\/v2\/media?parent=6108"}],"wp:term":[{"taxonomy":"product_brand","embeddable":true,"href":"https:\/\/siulaiklaipeda.eu\/ru\/wp-json\/wp\/v2\/product_brand?post=6108"},{"taxonomy":"product_cat","embeddable":true,"href":"https:\/\/siulaiklaipeda.eu\/ru\/wp-json\/wp\/v2\/product_cat?post=6108"},{"taxonomy":"product_tag","embeddable":true,"href":"https:\/\/siulaiklaipeda.eu\/ru\/wp-json\/wp\/v2\/product_tag?post=6108"}],"curies":[{"name":"wp","href":"https:\/\/api.w.org\/{rel}","templated":true}]}}