{"id":6057,"date":"2024-01-10T09:23:20","date_gmt":"2024-01-10T09:23:20","guid":{"rendered":"https:\/\/siulaiklaipeda.eu\/?post_type=product&#038;p=6057"},"modified":"2025-11-03T19:35:13","modified_gmt":"2025-11-03T17:35:13","slug":"yarnart-flowers-merino-533-2","status":"publish","type":"product","link":"https:\/\/siulaiklaipeda.eu\/ru\/product\/yarnart-flowers-merino-533-2\/","title":{"rendered":"\u042f\u0440\u043d\u0430\u0440\u0442 \u0426\u0432\u0435\u0442\u044b \u041c\u0435\u0440\u0438\u043d\u043e\u0441 533"},"content":{"rendered":"<ul>\n<li>\u0421\u043e\u0441\u0442\u0430\u0432: 251\u0422\u041f3\u0422 \u043c\u0435\u0440\u0438\u043d\u043e\u0441\u043e\u0432\u0430\u044f \u0448\u0435\u0440\u0441\u0442\u044c, 75 1\u0422\u041f3\u0422 \u0430\u043a\u0440\u0438\u043b.<\/li>\n<li>\u0414\u043b\u0438\u043d\u0430: 225 \u0433, 590 \u043c.<\/li>\n<li>\u0420\u0435\u043a\u043e\u043c\u0435\u043d\u0434\u0443\u0435\u043c\u044b\u0435 \u0441\u043f\u0438\u0446\u044b: 4,5-7.<\/li>\n<li>\u041f\u0440\u043e\u0438\u0437\u0432\u043e\u0434\u0438\u0442\u0435\u043b\u044c: \u042f\u0440\u043d\u0430\u0440\u0442, \u0422\u0443\u0440\u0446\u0438\u044f.<\/li>\n<\/ul>\n<p>\u041f\u0435\u0440\u0435\u0445\u043e\u0434\u043d\u044b\u0435 \u0446\u0432\u0435\u0442\u0430, \u043e\u0447\u0435\u043d\u044c \u043c\u044f\u0433\u043a\u0430\u044f \u043d\u0438\u0442\u044c \u0434\u043b\u044f \u0448\u0430\u043b\u0435\u0439 \u0438 \u0441\u0432\u0438\u0442\u0435\u0440\u043e\u0432. \u0412\u044f\u0437\u0430\u043b\u044c\u0449\u0438\u0446\u0435 \u043f\u043e\u043d\u0430\u0434\u043e\u0431\u044f\u0442\u0441\u044f \u0434\u0432\u0430 \u043a\u043b\u0443\u0431\u043a\u0430. \u041e\u043d\u0438 \u043f\u043e\u0434\u0445\u043e\u0434\u044f\u0442 \u0434\u043b\u044f \u0432\u044f\u0437\u0430\u043d\u0438\u044f \u0441\u043f\u0438\u0446\u0430\u043c\u0438 \u0438 \u043a\u0440\u044e\u0447\u043a\u043e\u043c.<\/p>","protected":false},"excerpt":{"rendered":"<p>Sud\u0117tis : 25%\u00a0 merino vilna , 75 % akrilas Ilgis :225 g ,590 m Rekomenduojami virbalai :4.5-7 Gamintojas: Yarnart ,Turkija Pereinam\u0173 spalv\u0173 labai \u0161velnus si\u016blas skaroms ,megztukams . Megztukui reikia\u00a0 dviej\u0173 kamuoliuk\u0173 .Tinkami megzti virbalais ir nerti v\u0105\u0161eliu .<\/p>","protected":false},"featured_media":6043,"template":"","meta":[],"product_brand":[],"product_cat":[146,48,94],"product_tag":[],"class_list":{"0":"post-6057","1":"product","2":"type-product","3":"status-publish","4":"has-post-thumbnail","6":"product_cat-flowers-merino","7":"product_cat-pusvilne","8":"product_cat-yarnart","10":"first","11":"outofstock","12":"taxable","13":"shipping-taxable","14":"purchasable","15":"product-type-simple"},"_links":{"self":[{"href":"https:\/\/siulaiklaipeda.eu\/ru\/wp-json\/wp\/v2\/product\/6057","targetHints":{"allow":["GET"]}}],"collection":[{"href":"https:\/\/siulaiklaipeda.eu\/ru\/wp-json\/wp\/v2\/product"}],"about":[{"href":"https:\/\/siulaiklaipeda.eu\/ru\/wp-json\/wp\/v2\/types\/product"}],"wp:featuredmedia":[{"embeddable":true,"href":"https:\/\/siulaiklaipeda.eu\/ru\/wp-json\/wp\/v2\/media\/6043"}],"wp:attachment":[{"href":"https:\/\/siulaiklaipeda.eu\/ru\/wp-json\/wp\/v2\/media?parent=6057"}],"wp:term":[{"taxonomy":"product_brand","embeddable":true,"href":"https:\/\/siulaiklaipeda.eu\/ru\/wp-json\/wp\/v2\/product_brand?post=6057"},{"taxonomy":"product_cat","embeddable":true,"href":"https:\/\/siulaiklaipeda.eu\/ru\/wp-json\/wp\/v2\/product_cat?post=6057"},{"taxonomy":"product_tag","embeddable":true,"href":"https:\/\/siulaiklaipeda.eu\/ru\/wp-json\/wp\/v2\/product_tag?post=6057"}],"curies":[{"name":"wp","href":"https:\/\/api.w.org\/{rel}","templated":true}]}}