{"id":6020,"date":"2024-01-10T08:02:14","date_gmt":"2024-01-10T08:02:14","guid":{"rendered":"https:\/\/siulaiklaipeda.eu\/?post_type=product&#038;p=6020"},"modified":"2025-11-03T19:35:12","modified_gmt":"2025-11-03T17:35:12","slug":"yarnart-flowers-merino-407","status":"publish","type":"product","link":"https:\/\/siulaiklaipeda.eu\/ru\/product\/yarnart-flowers-merino-407\/","title":{"rendered":"Yarnart \u0426\u0432\u0435\u0442\u044b \u0410\u043b\u044c\u043f\u0430\u043a\u0430 407"},"content":{"rendered":"<ul>\n<li>\u0421\u043e\u0441\u0442\u0430\u0432: 20 \u0430\u043b\u044c\u043f\u0430\u043a\u0430 %, \u0430\u043a\u0440\u0438\u043b 80%.<\/li>\n<li>\u0414\u043b\u0438\u043d\u0430: 250 \u0433, 940 \u043c.<\/li>\n<li>\u0420\u0435\u043a\u043e\u043c\u0435\u043d\u0434\u0443\u0435\u043c\u044b\u0435 \u0441\u043f\u0438\u0446\u044b: 3,5-4.<\/li>\n<li>\u041f\u0440\u043e\u0438\u0437\u0432\u043e\u0434\u0438\u0442\u0435\u043b\u044c: \u042f\u0440\u043d\u0430\u0440\u0442, \u0422\u0443\u0440\u0446\u0438\u044f.<\/li>\n<\/ul>\n<p>\u041f\u0435\u0440\u0435\u0445\u043e\u0434\u043d\u044b\u0445 \u0446\u0432\u0435\u0442\u043e\u0432, \u043e\u0447\u0435\u043d\u044c \u043c\u044f\u0433\u043a\u0430\u044f \u043f\u0440\u044f\u0436\u0430 \u0434\u043b\u044f \u0448\u0430\u043b\u0435\u0439, \u0441\u0432\u0438\u0442\u0435\u0440\u043e\u0432. \u0414\u043b\u044f \u0441\u0432\u0438\u0442\u0435\u0440\u0430 \u043c\u0430\u043b\u0435\u043d\u044c\u043a\u043e\u0433\u043e \u0440\u0430\u0437\u043c\u0435\u0440\u0430 \u0434\u043e\u0441\u0442\u0430\u0442\u043e\u0447\u043d\u043e \u043e\u0434\u043d\u043e\u0433\u043e \u043a\u043b\u0443\u0431\u043a\u0430, \u0434\u043b\u044f \u0441\u0432\u0438\u0442\u0435\u0440\u0430 \u0431\u043e\u043b\u044c\u0448\u0435\u0433\u043e \u0440\u0430\u0437\u043c\u0435\u0440\u0430 \u043f\u043e\u043d\u0430\u0434\u043e\u0431\u0438\u0442\u0441\u044f \u0434\u0432\u0430 \u043a\u043b\u0443\u0431\u043a\u0430. \u041f\u043e\u0434\u0445\u043e\u0434\u0438\u0442 \u0434\u043b\u044f \u0432\u044f\u0437\u0430\u043d\u0438\u044f \u0441\u043f\u0438\u0446\u0430\u043c\u0438 \u0438 \u043a\u0440\u044e\u0447\u043a\u043e\u043c. \u041f\u043e\u0441\u043b\u0435 \u0441\u0442\u0438\u0440\u043a\u0438 \u0432\u044b\u0445\u043e\u0434\u0438\u0442 \u043b\u0435\u0433\u043a\u0438\u0439 \u043f\u0443\u0445.<\/p>\n<p>&nbsp;<\/p>","protected":false},"excerpt":{"rendered":"<p>Sud\u0117tis :20 % alpaka ,80% akrilas Ilgis :250 g ,940 m Rekomenduojami virbalai:3.5-4 Gamintojas:Yarnart ,Turkija Pereinam\u0173 spalv\u0173 labai \u0161velnus si\u016blas skaroms ,megztukams .Nedidelio dyd\u017eio megztukui u\u017eteks vos\u00a0 vieno kamuoliuko ,didesnio dyd\u017eio megztukui reikia\u00a0 dviej\u0173 kamuoliuk\u0173 .Tinkami megzti virbalais ir nerti v\u0105\u0161eliu .Po skalbimo i\u0161lenda lengvas p\u016bkelis. &nbsp;<\/p>","protected":false},"featured_media":6013,"template":"","meta":[],"product_brand":[],"product_cat":[145,55,48,94],"product_tag":[],"class_list":{"0":"post-6020","1":"product","2":"type-product","3":"status-publish","4":"has-post-thumbnail","6":"product_cat-flowers-alpaca","7":"product_cat-alpaka","8":"product_cat-pusvilne","9":"product_cat-yarnart","11":"first","12":"outofstock","13":"taxable","14":"shipping-taxable","15":"purchasable","16":"product-type-simple"},"_links":{"self":[{"href":"https:\/\/siulaiklaipeda.eu\/ru\/wp-json\/wp\/v2\/product\/6020","targetHints":{"allow":["GET"]}}],"collection":[{"href":"https:\/\/siulaiklaipeda.eu\/ru\/wp-json\/wp\/v2\/product"}],"about":[{"href":"https:\/\/siulaiklaipeda.eu\/ru\/wp-json\/wp\/v2\/types\/product"}],"wp:featuredmedia":[{"embeddable":true,"href":"https:\/\/siulaiklaipeda.eu\/ru\/wp-json\/wp\/v2\/media\/6013"}],"wp:attachment":[{"href":"https:\/\/siulaiklaipeda.eu\/ru\/wp-json\/wp\/v2\/media?parent=6020"}],"wp:term":[{"taxonomy":"product_brand","embeddable":true,"href":"https:\/\/siulaiklaipeda.eu\/ru\/wp-json\/wp\/v2\/product_brand?post=6020"},{"taxonomy":"product_cat","embeddable":true,"href":"https:\/\/siulaiklaipeda.eu\/ru\/wp-json\/wp\/v2\/product_cat?post=6020"},{"taxonomy":"product_tag","embeddable":true,"href":"https:\/\/siulaiklaipeda.eu\/ru\/wp-json\/wp\/v2\/product_tag?post=6020"}],"curies":[{"name":"wp","href":"https:\/\/api.w.org\/{rel}","templated":true}]}}