{"id":5953,"date":"2024-01-09T19:52:16","date_gmt":"2024-01-09T19:52:16","guid":{"rendered":"https:\/\/siulaiklaipeda.eu\/?post_type=product&#038;p=5953"},"modified":"2026-01-23T22:09:08","modified_gmt":"2026-01-23T20:09:08","slug":"gazzal-baby-wool-xl-838","status":"publish","type":"product","link":"https:\/\/siulaiklaipeda.eu\/ru\/product\/gazzal-baby-wool-xl-838\/","title":{"rendered":"Gazzal \u0414\u0435\u0442\u0441\u043a\u0430\u044f \u0448\u0435\u0440\u0441\u0442\u044c XL 838"},"content":{"rendered":"<ul>\n<li>\u0421\u043e\u0441\u0442\u0430\u0432: 40 1\u0422\u041f3\u0422 \u043c\u0435\u0440\u0438\u043d\u043e\u0441\u043e\u0432\u0430\u044f \u0448\u0435\u0440\u0441\u0442\u044c, 40 1\u0422\u041f3\u0422 \u043f\u043e\u043b\u0438\u0430\u043a\u0440\u0438\u043b, 20 1\u0422\u041f3\u0422 \u043f\u043e\u043b\u0438\u0430\u043c\u0438\u0434 \u043a\u0430\u0448\u0435\u043c\u0438\u0440\u043e\u0432\u043e\u0433\u043e \u0442\u0438\u043f\u0430.<\/li>\n<li>\u0414\u043b\u0438\u043d\u0430: 50 \u0433, 100 \u043c<\/li>\n<li>\u0420\u0435\u043a\u043e\u043c\u0435\u043d\u0434\u0443\u0435\u043c\u044b\u0435 \u0438\u0433\u043b\u044b \u2116: 4,5-5.<\/li>\n<li>\u041f\u0440\u043e\u0438\u0437\u0432\u043e\u0434\u0438\u0442\u0435\u043b\u044c: \u0413\u0430\u0437\u0437\u0430\u043b, \u0422\u0443\u0440\u0446\u0438\u044f<\/li>\n<\/ul>\n<p>\u041e\u0447\u0435\u043d\u044c \u0442\u0435\u043f\u043b\u0430\u044f \u0438 \u043e\u0447\u0435\u043d\u044c \u043c\u044f\u0433\u043a\u0430\u044f \u043f\u0440\u044f\u0436\u0430. Gazzal Baby Wool XL \u0438\u0434\u0435\u0430\u043b\u044c\u043d\u043e \u043f\u043e\u0434\u0445\u043e\u0434\u0438\u0442 \u0434\u043b\u044f \u0434\u0435\u0442\u0435\u0439 \u0438 \u0432\u0437\u0440\u043e\u0441\u043b\u044b\u0445 \u0441 \u0447\u0443\u0432\u0441\u0442\u0432\u0438\u0442\u0435\u043b\u044c\u043d\u043e\u0439 \u043a\u043e\u0436\u0435\u0439. \u0415\u0435 \u0448\u0435\u043b\u043a\u043e\u0432\u0438\u0441\u0442\u0430\u044f \u0441\u0442\u0440\u0443\u043a\u0442\u0443\u0440\u0430 \u0434\u043e\u0441\u0442\u0430\u0432\u0438\u0442 \u0442\u043e\u043b\u044c\u043a\u043e \u0441\u0430\u043c\u044b\u0435 \u043f\u0440\u0438\u044f\u0442\u043d\u044b\u0435 \u043e\u0449\u0443\u0449\u0435\u043d\u0438\u044f. \u042d\u0442\u0430 \u043f\u0440\u044f\u0436\u0430 \u043f\u043e\u0434\u0445\u043e\u0434\u0438\u0442 \u0434\u043b\u044f \u043b\u044e\u0431\u043e\u0433\u043e \u0432\u044f\u0437\u0430\u043d\u0438\u044f \u2013 \u0448\u0430\u043f\u043e\u043a, \u0448\u0430\u0440\u0444\u043e\u0432, \u0441\u0432\u0438\u0442\u0435\u0440\u043e\u0432, \u043a\u0430\u0440\u0434\u0438\u0433\u0430\u043d\u043e\u0432.<\/p>","protected":false},"excerpt":{"rendered":"<p>Sud\u0117tis: 40 %\u00a0 merino vilna , 40 % poliakrilas , 20 % ka\u0161myro\u00a0 tipo\u00a0 polamidas Ilgis : 50 g , 100 m Rekomenduojami virbalai Nr :4.5- 5 Gamintojas: Gazzal ,Turkija Labai \u0161iltas ir ypatingai \u0161velnus si\u016blas . Gazzal\u00a0 Baby Wool XL idealiai tinka\u00a0 vaikams ir\u00a0 suaugusiems ,turintiems jautri\u0105 od\u0105.Jo \u0161ilkin\u0117 strukt\u016bra\u00a0 suteiks tik pa\u010dius maloniausius [&hellip;]<\/p>","protected":false},"featured_media":5926,"template":"","meta":[],"product_brand":[],"product_cat":[97,162,48,56],"product_tag":[],"class_list":{"0":"post-5953","1":"product","2":"type-product","3":"status-publish","4":"has-post-thumbnail","6":"product_cat-gazzal","7":"product_cat-baby-wool-xl","8":"product_cat-pusvilne","9":"product_cat-vaikiski-siulai","11":"first","12":"instock","13":"taxable","14":"shipping-taxable","15":"purchasable","16":"product-type-simple"},"_links":{"self":[{"href":"https:\/\/siulaiklaipeda.eu\/ru\/wp-json\/wp\/v2\/product\/5953","targetHints":{"allow":["GET"]}}],"collection":[{"href":"https:\/\/siulaiklaipeda.eu\/ru\/wp-json\/wp\/v2\/product"}],"about":[{"href":"https:\/\/siulaiklaipeda.eu\/ru\/wp-json\/wp\/v2\/types\/product"}],"wp:featuredmedia":[{"embeddable":true,"href":"https:\/\/siulaiklaipeda.eu\/ru\/wp-json\/wp\/v2\/media\/5926"}],"wp:attachment":[{"href":"https:\/\/siulaiklaipeda.eu\/ru\/wp-json\/wp\/v2\/media?parent=5953"}],"wp:term":[{"taxonomy":"product_brand","embeddable":true,"href":"https:\/\/siulaiklaipeda.eu\/ru\/wp-json\/wp\/v2\/product_brand?post=5953"},{"taxonomy":"product_cat","embeddable":true,"href":"https:\/\/siulaiklaipeda.eu\/ru\/wp-json\/wp\/v2\/product_cat?post=5953"},{"taxonomy":"product_tag","embeddable":true,"href":"https:\/\/siulaiklaipeda.eu\/ru\/wp-json\/wp\/v2\/product_tag?post=5953"}],"curies":[{"name":"wp","href":"https:\/\/api.w.org\/{rel}","templated":true}]}}