{"id":5743,"date":"2024-01-04T20:34:46","date_gmt":"2024-01-04T20:34:46","guid":{"rendered":"https:\/\/siulaiklaipeda.eu\/?post_type=product&#038;p=5743"},"modified":"2026-03-22T14:03:11","modified_gmt":"2026-03-22T12:03:11","slug":"alize-angora-gold-58","status":"publish","type":"product","link":"https:\/\/siulaiklaipeda.eu\/ru\/product\/alize-angora-gold-58\/","title":{"rendered":"\u0410\u043b\u0438\u0437\u0435 \u0410\u043d\u0433\u043e\u0440\u0430 \u0413\u043e\u043b\u0434 58"},"content":{"rendered":"<ul>\n<li>\u0421\u043e\u0441\u0442\u0430\u0432: 201\u0422\u041f3\u0422 \u0448\u0435\u0440\u0441\u0442\u044c, 80 1\u0422\u041f3\u0422 \u0430\u043a\u0440\u0438\u043b.<\/li>\n<li>\u0414\u043b\u0438\u043d\u0430: 100 \u0433, 550 \u043c.<\/li>\n<li>\u0420\u0435\u043a\u043e\u043c\u0435\u043d\u0434\u0443\u0435\u043c\u044b\u0435 \u0438\u0433\u043b\u044b: 3-6.<\/li>\n<li>\u0420\u0435\u043a\u043e\u043c\u0435\u043d\u0434\u0443\u0435\u043c\u044b\u0435 \u043d\u0430\u0447\u0438\u043d\u043a\u0438: 2-4.<\/li>\n<li>\u041f\u0440\u043e\u0438\u0437\u0432\u043e\u0434\u0438\u0442\u0435\u043b\u044c: \u0410\u043b\u0438\u0437\u0435, \u0422\u0443\u0440\u0446\u0438\u044f.<\/li>\n<\/ul>\n<p>\u0422\u0435\u043f\u043b\u0430\u044f, \u043f\u0443\u0448\u0438\u0441\u0442\u0430\u044f, \u043b\u0435\u0433\u043a\u0430\u044f \u043f\u0440\u044f\u0436\u0430. \u0418\u0434\u0435\u0430\u043b\u044c\u043d\u043e \u043f\u043e\u0434\u0445\u043e\u0434\u0438\u0442 \u0434\u043b\u044f \u0432\u044f\u0437\u0430\u043d\u0438\u044f \u0448\u0430\u043b\u0435\u0439 \u0438 \u0448\u0430\u0440\u0444\u043e\u0432. \u0421\u0432\u0438\u0442\u0435\u0440\u0430 \u0438\u0437 \u044d\u0442\u043e\u0439 \u043f\u0440\u044f\u0436\u0438 \u0431\u0443\u0434\u0443\u0442 \u0438\u043c\u0435\u0442\u044c \u043b\u0435\u0433\u043a\u0438\u0439 \u043f\u0443\u0445, \u043d\u0435 \u0442\u043e\u043b\u0441\u0442\u044b\u0439. \u041c\u043e\u0436\u043d\u043e \u0432\u044f\u0437\u0430\u0442\u044c \u0434\u0432\u043e\u0439\u043d\u043e\u0439 \u043f\u0440\u044f\u0436\u0435\u0439 Angora Gold \u0438\u043b\u0438 \u0434\u043e\u0431\u0430\u0432\u043b\u044f\u0442\u044c \u0432 \u043a\u0430\u0447\u0435\u0441\u0442\u0432\u0435 \u0434\u043e\u043f\u043e\u043b\u043d\u0438\u0442\u0435\u043b\u044c\u043d\u043e\u0439 \u043f\u0440\u044f\u0436\u0438 \u043a \u043c\u043e\u0445\u0435\u0440\u0443, \u0448\u0435\u0440\u0441\u0442\u0438 \u0438 \u0434\u0440\u0443\u0433\u0438\u043c \u0432\u043e\u043b\u043e\u043a\u043d\u0430\u043c.<\/p>","protected":false},"excerpt":{"rendered":"<p>Sud\u0117tis : 20% vilna ,80 % akrilas Ilgis : 100 g , 550 m Rekomenduojami virbalai : 3-6 Rekomenduojami v\u0105\u0161eliai :\u00a0 2-4 Gamintojas:Alize ,Turkija \u0160iltas ,p\u016bkuotas ,lengvas\u00a0 si\u016blas .Puikiai tinka skar\u0173 ,\u0161ali\u0173 mezgimui .Megztukai\u00a0 i\u0161 \u0161i\u0173 si\u016bl\u0173 bus su lengvu p\u016bku ,nestori .Galima megzti\u00a0 dvigubu\u00a0 Angora Gold si\u016blu\u00a0 arba prid\u0117ti kaip papildom\u0105 si\u016bl\u0105 prie moheros [&hellip;]<\/p>","protected":false},"featured_media":5682,"template":"","meta":[],"product_brand":[],"product_cat":[114,50,92,45,48,90,89,47],"product_tag":[],"class_list":{"0":"post-5743","1":"product","2":"type-product","3":"status-publish","4":"has-post-thumbnail","6":"product_cat-angora-gold","7":"product_cat-akrilas","8":"product_cat-alize","9":"product_cat-mezgimo-siulai","10":"product_cat-pusvilne","11":"product_cat-siulu-gamintojai","12":"product_cat-siulu-pluostai","13":"product_cat-vilna","15":"first","16":"outofstock","17":"sale","18":"taxable","19":"shipping-taxable","20":"purchasable","21":"product-type-simple"},"_links":{"self":[{"href":"https:\/\/siulaiklaipeda.eu\/ru\/wp-json\/wp\/v2\/product\/5743","targetHints":{"allow":["GET"]}}],"collection":[{"href":"https:\/\/siulaiklaipeda.eu\/ru\/wp-json\/wp\/v2\/product"}],"about":[{"href":"https:\/\/siulaiklaipeda.eu\/ru\/wp-json\/wp\/v2\/types\/product"}],"wp:featuredmedia":[{"embeddable":true,"href":"https:\/\/siulaiklaipeda.eu\/ru\/wp-json\/wp\/v2\/media\/5682"}],"wp:attachment":[{"href":"https:\/\/siulaiklaipeda.eu\/ru\/wp-json\/wp\/v2\/media?parent=5743"}],"wp:term":[{"taxonomy":"product_brand","embeddable":true,"href":"https:\/\/siulaiklaipeda.eu\/ru\/wp-json\/wp\/v2\/product_brand?post=5743"},{"taxonomy":"product_cat","embeddable":true,"href":"https:\/\/siulaiklaipeda.eu\/ru\/wp-json\/wp\/v2\/product_cat?post=5743"},{"taxonomy":"product_tag","embeddable":true,"href":"https:\/\/siulaiklaipeda.eu\/ru\/wp-json\/wp\/v2\/product_tag?post=5743"}],"curies":[{"name":"wp","href":"https:\/\/api.w.org\/{rel}","templated":true}]}}