{"id":5546,"date":"2024-01-03T20:07:39","date_gmt":"2024-01-03T20:07:39","guid":{"rendered":"https:\/\/siulaiklaipeda.eu\/?post_type=product&#038;p=5546"},"modified":"2025-10-13T11:05:28","modified_gmt":"2025-10-13T09:05:28","slug":"alize-alpaca-royal-new-684","status":"publish","type":"product","link":"https:\/\/siulaiklaipeda.eu\/ru\/product\/alize-alpaca-royal-new-684\/","title":{"rendered":"\u0410\u043b\u0438\u0437\u0435 \u0410\u043b\u044c\u043f\u0430\u043a\u0430 \u0420\u043e\u044f\u043b \u041d\u044c\u044e 684"},"content":{"rendered":"<ul>\n<li>\u0421\u043e\u0441\u0442\u0430\u0432: 301\u0422\u041f3\u0422 \u0448\u0435\u0440\u0441\u0442\u044c, 15 1\u0422\u041f3\u0422 \u0430\u043b\u044c\u043f\u0430\u043a\u0430, 55 1\u0422\u041f3\u0422 \u0430\u043a\u0440\u0438\u043b.<\/li>\n<li>\u0414\u043b\u0438\u043d\u0430: 100 \u0433, 250 \u043c.<\/li>\n<li>\u0420\u0435\u043a\u043e\u043c\u0435\u043d\u0434\u0443\u0435\u043c\u044b\u0435 \u0438\u0433\u043b\u044b: 4-5.<\/li>\n<li>\u041f\u0440\u043e\u0438\u0437\u0432\u043e\u0434\u0438\u0442\u0435\u043b\u044c: \u0410\u043b\u0438\u0437\u0435, \u0422\u0443\u0440\u0446\u0438\u044f.<\/li>\n<\/ul>\n<p>Alize Alpaca\u00a0 Royal \u2013 universalus ,puikios sud\u0117ties\u00a0 verpalai.Si\u016blas\u00a0 vidutinio storumo ,purus,d\u0117l sud\u0117tyje esan\u010dios alpacos ,elastingas.Mezginiai\u00a0 \u0161ilti ir jauk\u016bs.Tinka\u00a0 megzti virbalais ir nerti v\u0105\u0161eliu \u012fvairiausiais ra\u0161tais.<\/p>\n\n\n<p><\/p>","protected":false},"excerpt":{"rendered":"<p>Sud\u0117tis : 30% vilna\u00a0 , 15 % alpaca , 55 % akrilas Ilgis :100 g , 250\u00a0 m Rekomenduojami virbalai : 4-5 Gamintojas :Alize ,Turkija Alize Alpaca\u00a0 Royal \u2013 universalus ,puikios sud\u0117ties\u00a0 verpalai.Si\u016blas\u00a0 vidutinio storumo ,purus,d\u0117l sud\u0117tyje esan\u010dios alpacos ,elastingas.Mezginiai\u00a0 \u0161ilti ir jauk\u016bs.Tinka\u00a0 megzti virbalais ir nerti v\u0105\u0161eliu \u012fvairiausiais ra\u0161tais.<\/p>","protected":false},"featured_media":5527,"template":"","meta":[],"product_brand":[],"product_cat":[92,50,113,55,45,48,90,89,47],"product_tag":[],"class_list":{"0":"post-5546","1":"product","2":"type-product","3":"status-publish","4":"has-post-thumbnail","6":"product_cat-alize","7":"product_cat-akrilas","8":"product_cat-alpaca-royal","9":"product_cat-alpaka","10":"product_cat-mezgimo-siulai","11":"product_cat-pusvilne","12":"product_cat-siulu-gamintojai","13":"product_cat-siulu-pluostai","14":"product_cat-vilna","16":"first","17":"outofstock","18":"taxable","19":"shipping-taxable","20":"purchasable","21":"product-type-simple"},"_links":{"self":[{"href":"https:\/\/siulaiklaipeda.eu\/ru\/wp-json\/wp\/v2\/product\/5546","targetHints":{"allow":["GET"]}}],"collection":[{"href":"https:\/\/siulaiklaipeda.eu\/ru\/wp-json\/wp\/v2\/product"}],"about":[{"href":"https:\/\/siulaiklaipeda.eu\/ru\/wp-json\/wp\/v2\/types\/product"}],"wp:featuredmedia":[{"embeddable":true,"href":"https:\/\/siulaiklaipeda.eu\/ru\/wp-json\/wp\/v2\/media\/5527"}],"wp:attachment":[{"href":"https:\/\/siulaiklaipeda.eu\/ru\/wp-json\/wp\/v2\/media?parent=5546"}],"wp:term":[{"taxonomy":"product_brand","embeddable":true,"href":"https:\/\/siulaiklaipeda.eu\/ru\/wp-json\/wp\/v2\/product_brand?post=5546"},{"taxonomy":"product_cat","embeddable":true,"href":"https:\/\/siulaiklaipeda.eu\/ru\/wp-json\/wp\/v2\/product_cat?post=5546"},{"taxonomy":"product_tag","embeddable":true,"href":"https:\/\/siulaiklaipeda.eu\/ru\/wp-json\/wp\/v2\/product_tag?post=5546"}],"curies":[{"name":"wp","href":"https:\/\/api.w.org\/{rel}","templated":true}]}}