{"id":5506,"date":"2023-12-27T16:29:24","date_gmt":"2023-12-27T16:29:24","guid":{"rendered":"https:\/\/siulaiklaipeda.eu\/?post_type=product&#038;p=5506"},"modified":"2025-10-13T10:43:07","modified_gmt":"2025-10-13T08:43:07","slug":"alize-3-season-224","status":"publish","type":"product","link":"https:\/\/siulaiklaipeda.eu\/ru\/product\/alize-3-season-224\/","title":{"rendered":"Alize 3 Season 224"},"content":{"rendered":"<ul>\n<li>\u0421\u043e\u0441\u0442\u0430\u0432: 25 1\u0422\u041f3\u0422 \u0448\u0435\u0440\u0441\u0442\u044c, 24 1\u0422\u041f3\u0422 \u043c\u043e\u0445\u0435\u0440, 51 1\u0422\u041f3\u0422 \u0430\u043a\u0440\u0438\u043b.<\/li>\n<li>\u0414\u043b\u0438\u043d\u0430: 100 \u0433, 500 \u043c.<\/li>\n<li>\u0420\u0435\u043a\u043e\u043c\u0435\u043d\u0434\u0443\u0435\u043c\u044b\u0435 \u0441\u043f\u0438\u0446\u044b: 4,5-5,5.<\/li>\n<li>\u0420\u0435\u043a\u043e\u043c\u0435\u043d\u0434\u0443\u0435\u043c\u044b\u0435 \u0440\u0430\u0437\u043c\u0435\u0440\u044b: 2,5-3,5.<\/li>\n<li>\u041f\u0440\u043e\u0438\u0437\u0432\u043e\u0434\u0438\u0442\u0435\u043b\u044c: \u0410\u043b\u0438\u0437\u0435, \u0422\u0443\u0440\u0446\u0438\u044f.<\/li>\n<\/ul>\n<p>\u041d\u0438\u0442\u043a\u0430, \u0438\u043c\u0435\u044e\u0449\u0430\u044f \u0432\u043e\u0440\u0441 \u0438 \u0440\u043e\u0441\u043a\u043e\u0448\u043d\u043e \u0441\u043c\u043e\u0442\u0440\u044f\u0449\u0430\u044f\u0441\u044f \u0432 \u0442\u0440\u0438\u043a\u043e\u0442\u0430\u0436\u0435, \u043f\u0440\u0435\u043a\u0440\u0430\u0441\u043d\u043e \u043f\u043e\u0434\u043e\u0439\u0434\u0435\u0442 \u0434\u043b\u044f \u0432\u044f\u0437\u0430\u043d\u0438\u044f \u043a\u0430\u043a \u043f\u0440\u043e\u0441\u0442\u043e\u0439, \u0442\u0430\u043a \u0438 \u043f\u043b\u0430\u0442\u043e\u0447\u043d\u043e\u0439 \u0432\u044f\u0437\u043a\u043e\u0439. \u0412\u044f\u0437\u0430\u043d\u0438\u0435 \u043f\u043e\u043b\u0443\u0447\u0438\u0442\u0441\u044f \u043e\u0447\u0435\u043d\u044c \u043b\u0435\u0433\u043a\u0438\u043c, \u043f\u0440\u043e\u0437\u0440\u0430\u0447\u043d\u044b\u043c, \u043d\u043e \u0442\u0435\u043f\u043b\u044b\u043c \u0438 \u0434\u043e\u043b\u0433\u043e\u0432\u0435\u0447\u043d\u044b\u043c.<\/p>\n<p>\u0418\u0437-\u0437\u0430 \u0440\u0430\u0437\u043d\u044b\u0445 \u043c\u043e\u043d\u0438\u0442\u043e\u0440\u043e\u0432 \u043e\u0442\u0442\u0435\u043d\u043a\u0438 \u043c\u043e\u0433\u0443\u0442 \u043d\u0435\u0437\u043d\u0430\u0447\u0438\u0442\u0435\u043b\u044c\u043d\u043e \u043e\u0442\u043b\u0438\u0447\u0430\u0442\u044c\u0441\u044f<\/p>","protected":false},"excerpt":{"rendered":"<p>Sud\u0117tis : 25 % vilna\u00a0 , 24 % mohera , 51 % akrilas Ilgis :100 g ,500 m Rekomenduojami virbalai :4.5-5.5 Rekomenduojami v\u0105\u0161eliai :2.5-3.5 Gamintojas :Alize ,Turkija Si\u016blas ,turintis plauk\u0105\u00a0 ir prabangiai\u00a0 atrodantis\u00a0 mezginiuose .Alize 3 Season\u00a0 puikiai\u00a0 tinka\u00a0 megzti\u00a0 tiek lygiu mezgimu ,tiek kiaurara\u0161\u010diu .Mezginiai bus labai\u00a0 lengvi ,permatomi ,ta\u010diau \u0161ilti\u00a0 ir ilgaam\u017eiai . [&hellip;]<\/p>","protected":false},"featured_media":6215,"template":"","meta":[],"product_brand":[],"product_cat":[92,112,50,45,49,90,89,47],"product_tag":[],"class_list":{"0":"post-5506","1":"product","2":"type-product","3":"status-publish","4":"has-post-thumbnail","6":"product_cat-alize","7":"product_cat-3-season","8":"product_cat-akrilas","9":"product_cat-mezgimo-siulai","10":"product_cat-mohera","11":"product_cat-siulu-gamintojai","12":"product_cat-siulu-pluostai","13":"product_cat-vilna","15":"first","16":"outofstock","17":"taxable","18":"shipping-taxable","19":"purchasable","20":"product-type-simple"},"_links":{"self":[{"href":"https:\/\/siulaiklaipeda.eu\/ru\/wp-json\/wp\/v2\/product\/5506","targetHints":{"allow":["GET"]}}],"collection":[{"href":"https:\/\/siulaiklaipeda.eu\/ru\/wp-json\/wp\/v2\/product"}],"about":[{"href":"https:\/\/siulaiklaipeda.eu\/ru\/wp-json\/wp\/v2\/types\/product"}],"wp:featuredmedia":[{"embeddable":true,"href":"https:\/\/siulaiklaipeda.eu\/ru\/wp-json\/wp\/v2\/media\/6215"}],"wp:attachment":[{"href":"https:\/\/siulaiklaipeda.eu\/ru\/wp-json\/wp\/v2\/media?parent=5506"}],"wp:term":[{"taxonomy":"product_brand","embeddable":true,"href":"https:\/\/siulaiklaipeda.eu\/ru\/wp-json\/wp\/v2\/product_brand?post=5506"},{"taxonomy":"product_cat","embeddable":true,"href":"https:\/\/siulaiklaipeda.eu\/ru\/wp-json\/wp\/v2\/product_cat?post=5506"},{"taxonomy":"product_tag","embeddable":true,"href":"https:\/\/siulaiklaipeda.eu\/ru\/wp-json\/wp\/v2\/product_tag?post=5506"}],"curies":[{"name":"wp","href":"https:\/\/api.w.org\/{rel}","templated":true}]}}