{"id":5473,"date":"2023-12-26T18:11:35","date_gmt":"2023-12-26T18:11:35","guid":{"rendered":"https:\/\/siulaiklaipeda.eu\/?post_type=product&#038;p=5473"},"modified":"2026-01-18T14:37:45","modified_gmt":"2026-01-18T12:37:45","slug":"alize-mohair-classic-180","status":"publish","type":"product","link":"https:\/\/siulaiklaipeda.eu\/ru\/product\/alize-mohair-classic-180\/","title":{"rendered":"\u0410\u043b\u0438\u0437\u0435 \u041c\u043e\u0445\u0435\u0440 \u041a\u043b\u0430\u0441\u0441\u0438\u043a 180"},"content":{"rendered":"<ul>\n<li>\u0421\u043e\u0441\u0442\u0430\u0432: 25 1\u0422\u041f3\u0422 \u0448\u0435\u0440\u0441\u0442\u044c, 24 1\u0422\u041f3\u0422 \u043c\u043e\u0445\u0435\u0440, 51 1\u0422\u041f3\u0422 \u0430\u043a\u0440\u0438\u043b.<\/li>\n<li>\u0414\u043b\u0438\u043d\u0430: 100 \u0433, 200 \u043c.<\/li>\n<li>\u0420\u0435\u043a\u043e\u043c\u0435\u043d\u0434\u0443\u0435\u043c\u044b\u0435 \u0438\u0433\u043b\u044b: 5-7.<\/li>\n<li>\u0420\u0435\u043a\u043e\u043c\u0435\u043d\u0434\u0443\u0435\u043c\u044b\u0435 \u043a\u0430\u043f\u0441\u0443\u043b\u044b: 2\u20134<\/li>\n<li>\u041f\u0440\u043e\u0438\u0437\u0432\u043e\u0434\u0438\u0442\u0435\u043b\u044c: \u0410\u043b\u0438\u0437\u0435, \u0422\u0443\u0440\u0446\u0438\u044f.<\/li>\n<\/ul>\n<p>\u041f\u0440\u044f\u0436\u0430 \u0441 \u0434\u043b\u0438\u043d\u043d\u044b\u043c \u0432\u043e\u0440\u0441\u043e\u043c, \u043a\u043e\u0442\u043e\u0440\u0430\u044f \u043f\u043e\u0442\u0440\u044f\u0441\u0430\u044e\u0449\u0435 \u0441\u043c\u043e\u0442\u0440\u0438\u0442\u0441\u044f \u0432 \u0442\u0440\u0438\u043a\u043e\u0442\u0430\u0436\u0435. \u0414\u043b\u044f \u044d\u0442\u043e\u0439 \u043f\u0440\u044f\u0436\u0438 \u043d\u0435 \u043d\u0443\u0436\u043d\u043e \u043f\u043e\u0434\u0431\u0438\u0440\u0430\u0442\u044c \u0443\u0437\u043e\u0440\u044b, \u043f\u043e\u0434\u043e\u0439\u0434\u0435\u0442 \u0442\u0430\u043a\u0436\u0435 \u0433\u043b\u0430\u0434\u043a\u0430\u044f \u0432\u044f\u0437\u043a\u0430. \u0418\u0437 \u043d\u0435\u0435 \u043c\u043e\u0436\u043d\u043e \u0441\u0432\u044f\u0437\u0430\u0442\u044c \u0448\u0430\u043f\u043e\u0447\u043a\u0438, \u0448\u0430\u0440\u0444\u044b, \u043d\u043e\u0441\u043a\u0438, \u0436\u0438\u043b\u0435\u0442\u044b, \u0441\u0432\u0438\u0442\u0435\u0440\u0430. \u0434\u043e\u043b\u0433\u043e\u0438\u0433\u0440\u0430\u044e\u0449\u0438\u0439.<\/p>\n<p>\u0418\u0437-\u0437\u0430 \u0440\u0430\u0437\u043d\u044b\u0445 \u043c\u043e\u043d\u0438\u0442\u043e\u0440\u043e\u0432 \u043e\u0442\u0442\u0435\u043d\u043a\u0438 \u043c\u043e\u0433\u0443\u0442 \u043d\u0435\u0437\u043d\u0430\u0447\u0438\u0442\u0435\u043b\u044c\u043d\u043e \u043e\u0442\u043b\u0438\u0447\u0430\u0442\u044c\u0441\u044f<\/p>","protected":false},"excerpt":{"rendered":"<p>Sud\u0117tis : 25 % vilna\u00a0 , 24 % mohera , 51 % akrilas Ilgis :100 g ,200 m Rekomenduojami virbalai :5-7 Rekomenduojami v\u0105\u0161eliai :2-4 Gamintojas :Alize ,Turkija Si\u016blas ,turintis ilg\u0105 plauk\u0105 ,nuostabiai atrodantis\u00a0 mezginiuose .\u0160iam si\u016blui nereikia rinktis ra\u0161t\u0173 ,puikiai tinka ir lygus mezgimas .Galima\u00a0 megzti\u00a0 kepures , \u0161alikus , kojines , liemenes megztinius .Mezginiai [&hellip;]<\/p>","protected":false},"featured_media":24778,"template":"","meta":[],"product_brand":[],"product_cat":[92,133,49],"product_tag":[],"class_list":{"0":"post-5473","1":"product","2":"type-product","3":"status-publish","4":"has-post-thumbnail","6":"product_cat-alize","7":"product_cat-mohair-classic","8":"product_cat-mohera","10":"first","11":"instock","12":"taxable","13":"shipping-taxable","14":"purchasable","15":"product-type-simple"},"_links":{"self":[{"href":"https:\/\/siulaiklaipeda.eu\/ru\/wp-json\/wp\/v2\/product\/5473","targetHints":{"allow":["GET"]}}],"collection":[{"href":"https:\/\/siulaiklaipeda.eu\/ru\/wp-json\/wp\/v2\/product"}],"about":[{"href":"https:\/\/siulaiklaipeda.eu\/ru\/wp-json\/wp\/v2\/types\/product"}],"wp:featuredmedia":[{"embeddable":true,"href":"https:\/\/siulaiklaipeda.eu\/ru\/wp-json\/wp\/v2\/media\/24778"}],"wp:attachment":[{"href":"https:\/\/siulaiklaipeda.eu\/ru\/wp-json\/wp\/v2\/media?parent=5473"}],"wp:term":[{"taxonomy":"product_brand","embeddable":true,"href":"https:\/\/siulaiklaipeda.eu\/ru\/wp-json\/wp\/v2\/product_brand?post=5473"},{"taxonomy":"product_cat","embeddable":true,"href":"https:\/\/siulaiklaipeda.eu\/ru\/wp-json\/wp\/v2\/product_cat?post=5473"},{"taxonomy":"product_tag","embeddable":true,"href":"https:\/\/siulaiklaipeda.eu\/ru\/wp-json\/wp\/v2\/product_tag?post=5473"}],"curies":[{"name":"wp","href":"https:\/\/api.w.org\/{rel}","templated":true}]}}