{"id":5393,"date":"2023-12-20T20:17:22","date_gmt":"2023-12-20T20:17:22","guid":{"rendered":"https:\/\/siulaiklaipeda.eu\/?post_type=product&#038;p=5393"},"modified":"2026-05-05T11:40:27","modified_gmt":"2026-05-05T08:40:27","slug":"yarnart-jeans-76","status":"publish","type":"product","link":"https:\/\/siulaiklaipeda.eu\/ru\/product\/yarnart-jeans-76\/","title":{"rendered":"\u041f\u0440\u044f\u0436\u0430 \u0414\u0436\u0438\u043d\u0441 76"},"content":{"rendered":"<ul>\n<li>\u0421\u043e\u0441\u0442\u0430\u0432: 55 1\u0422\u041f3\u0422 \u0445\u043b\u043e\u043f\u043e\u043a, 45 1\u0422\u041f3\u0422 \u0430\u043a\u0440\u0438\u043b.<\/li>\n<li>\u0414\u043b\u0438\u043d\u0430: 50 \u0433, 160 \u043c.<\/li>\n<li>\u041f\u0440\u043e\u0438\u0437\u0432\u043e\u0434\u0438\u0442\u0435\u043b\u044c: YarnArt, \u0422\u0443\u0440\u0446\u0438\u044f<\/li>\n<li>\u0420\u0435\u043a\u043e\u043c\u0435\u043d\u0434\u0443\u0435\u043c\u044b\u0435 \u0441\u043f\u0438\u0446\u044b: \u2116 3,5.<\/li>\n<li>\u0420\u0435\u043a\u043e\u043c\u0435\u043d\u0434\u0443\u0435\u043c\u044b\u0439 \u0432\u0435\u0441\u0447\u0435\u043b \u21163,5;<\/li>\n<\/ul>\n<p>Vis\u0173 taip m\u0117gstami si\u016blai \u2013 YarnArt\u00a0 Jeans .Jie\u00a0 tinkami megzti\u00a0 \u017eaislus ,rankines ,megztukus ,sukneles ,lovatieses ir t.t Lie\u010diant ,si\u016blas malonus ,mink\u0161tas .Itin plati spalv\u0173 palet\u0117 ir universalus storis. Rekomenduojame YarnArt Jeans si\u016bl\u0105 tiek pradedan\u010dioms ,tiek patyrusioms mezg\u0117joms, manau visos liksite patenkintos<\/p>\n<p>\u0426\u0432\u0435\u0442\u0430 \u043c\u043e\u0433\u0443\u0442 \u043d\u0435\u0437\u043d\u0430\u0447\u0438\u0442\u0435\u043b\u044c\u043d\u043e \u043e\u0442\u043b\u0438\u0447\u0430\u0442\u044c\u0441\u044f \u0438\u0437-\u0437\u0430 \u0440\u0430\u0437\u043b\u0438\u0447\u043d\u044b\u0445 \u043d\u0430\u0441\u0442\u0440\u043e\u0435\u043a \u043c\u043e\u043d\u0438\u0442\u043e\u0440\u0430<\/p>\n<p>\u00a0<\/p>","protected":false},"excerpt":{"rendered":"<p>Sud\u0117tis: 55 % medviln\u0117 ,45 % akrilas Ilgis :50 g, 160 m Gamintojas : YarnArt ,Turkija Rekomenduojami virbalai:Nr 3.5 Rekomenduojamas v\u0105\u0161elis ;Nr 3.5 Vis\u0173 taip m\u0117gstami si\u016blai \u2013 YarnArt\u00a0 Jeans .Jie\u00a0 tinkami megzti\u00a0 \u017eaislus ,rankines ,megztukus ,sukneles ,lovatieses ir t.t Lie\u010diant ,si\u016blas malonus ,mink\u0161tas .Itin plati spalv\u0173 palet\u0117 ir universalus storis. Rekomenduojame YarnArt Jeans si\u016bl\u0105 [&hellip;]<\/p>\n","protected":false},"featured_media":5329,"template":"","meta":[],"product_brand":[],"product_cat":[147,51,94],"product_tag":[],"class_list":{"0":"post-5393","1":"product","2":"type-product","3":"status-publish","4":"has-post-thumbnail","6":"product_cat-jeans","7":"product_cat-medvilne","8":"product_cat-yarnart","10":"first","11":"instock","12":"taxable","13":"shipping-taxable","14":"purchasable","15":"product-type-simple"},"_links":{"self":[{"href":"https:\/\/siulaiklaipeda.eu\/ru\/wp-json\/wp\/v2\/product\/5393","targetHints":{"allow":["GET"]}}],"collection":[{"href":"https:\/\/siulaiklaipeda.eu\/ru\/wp-json\/wp\/v2\/product"}],"about":[{"href":"https:\/\/siulaiklaipeda.eu\/ru\/wp-json\/wp\/v2\/types\/product"}],"wp:featuredmedia":[{"embeddable":true,"href":"https:\/\/siulaiklaipeda.eu\/ru\/wp-json\/wp\/v2\/media\/5329"}],"wp:attachment":[{"href":"https:\/\/siulaiklaipeda.eu\/ru\/wp-json\/wp\/v2\/media?parent=5393"}],"wp:term":[{"taxonomy":"product_brand","embeddable":true,"href":"https:\/\/siulaiklaipeda.eu\/ru\/wp-json\/wp\/v2\/product_brand?post=5393"},{"taxonomy":"product_cat","embeddable":true,"href":"https:\/\/siulaiklaipeda.eu\/ru\/wp-json\/wp\/v2\/product_cat?post=5393"},{"taxonomy":"product_tag","embeddable":true,"href":"https:\/\/siulaiklaipeda.eu\/ru\/wp-json\/wp\/v2\/product_tag?post=5393"}],"curies":[{"name":"wp","href":"https:\/\/api.w.org\/{rel}","templated":true}]}}