{"id":5299,"date":"2023-12-20T03:07:12","date_gmt":"2023-12-20T03:07:12","guid":{"rendered":"https:\/\/siulaiklaipeda.eu\/?post_type=product&#038;p=5299"},"modified":"2026-03-27T12:40:45","modified_gmt":"2026-03-27T10:40:45","slug":"nako-boho-81927","status":"publish","type":"product","link":"https:\/\/siulaiklaipeda.eu\/ru\/product\/nako-boho-81927\/","title":{"rendered":"\u041d\u0430\u043a\u043e \u0411\u043e\u0445\u043e 81927"},"content":{"rendered":"<ul>\n<li>\u0421\u043e\u0441\u0442\u0430\u0432: 75 \u0448\u0435\u0440\u0441\u0442\u044c 1\u0422\u041f3\u0422, 25 \u043f\u043e\u043b\u0438\u0430\u043c\u0438\u0434 1\u0422\u041f3\u0422.<\/li>\n<li>\u0414\u043b\u0438\u043d\u0430: 100 \u0433 400 \u043c<\/li>\n<li>\u041f\u0440\u043e\u0438\u0437\u0432\u043e\u0434\u0438\u0442\u0435\u043b\u044c: \u041d\u0430\u043a\u043e, \u0422\u0443\u0440\u0446\u0438\u044f.<\/li>\n<li>\u0420\u0435\u043a\u043e\u043c\u0435\u043d\u0434\u0443\u0435\u043c\u044b\u0435 \u0441\u043f\u0438\u0446\u044b: \u2116 2-3,5.<\/li>\n<li>Nako Boho - \u043d\u043e\u0441\u043e\u0447\u043d\u0430\u044f \u043f\u0440\u044f\u0436\u0430. \u041e\u0434\u043d\u043e\u0433\u043e \u043a\u043b\u0443\u0431\u043a\u0430 \u044d\u0442\u043e\u0439 \u043f\u0440\u044f\u0436\u0438 \u0445\u0432\u0430\u0442\u0430\u0435\u0442 \u043d\u0430 \u043f\u0430\u0440\u0443 \u0431\u043e\u043b\u0435\u0435 \u0434\u043b\u0438\u043d\u043d\u044b\u0445 \u0432\u0437\u0440\u043e\u0441\u043b\u044b\u0445 \u043d\u043e\u0441\u043a\u043e\u0432 \u0440\u0430\u0437\u043c\u0435\u0440\u043e\u043c \u043e\u0442 37 \u0434\u043e 43. \u0412 \u0437\u0430\u0432\u0438\u0441\u0438\u043c\u043e\u0441\u0442\u0438 \u043e\u0442 \u043e\u043a\u0440\u0430\u0448\u0438\u0432\u0430\u043d\u0438\u044f \u043d\u0438\u0442\u0438 \u0440\u0430\u0441\u043f\u043e\u043b\u0430\u0433\u0430\u044e\u0442\u0441\u044f \u0443\u0437\u043e\u0440\u0430\u043c\u0438 \u0438\u043b\u0438 \u0446\u0432\u0435\u0442\u043d\u044b\u043c\u0438 \u043f\u043e\u043b\u043e\u0441\u043a\u0430\u043c\u0438. \u041f\u0440\u044f\u0436\u0430 Nako Boho \u0443\u0441\u0442\u043e\u0439\u0447\u0438\u0432\u0430 \u043a \u0438\u0441\u0442\u0438\u0440\u0430\u043d\u0438\u044e, \u0434\u043e\u043b\u0433\u043e\u0432\u0435\u0447\u043d\u0430. \u043e\u0431\u0435\u0441\u043f\u0435\u0447\u0438\u0432\u0430\u0435\u0442\u0441\u044f \u043f\u043e\u043b\u0438\u0430\u043c\u0438\u0434\u043e\u043c \u0432 \u0441\u043e\u0441\u0442\u0430\u0432\u0435. \u042d\u0442\u0430 \u043d\u0438\u0442\u044c \u0442\u0430\u043a\u0436\u0435 \u0438\u0434\u0435\u0430\u043b\u044c\u043d\u043e \u043f\u043e\u0434\u0445\u043e\u0434\u0438\u0442 \u0434\u043b\u044f \u0441\u0432\u0438\u0442\u0435\u0440\u043e\u0432, \u0448\u0430\u043f\u043e\u043a, \u0448\u0430\u0440\u0444\u043e\u0432, \u043f\u0435\u0440\u0447\u0430\u0442\u043e\u043a.<\/li>\n<\/ul>","protected":false},"excerpt":{"rendered":"<p>Sud\u0117tis : 75 % vilna, 25 % poliamidas Ilgis : 100 g\u00a0 400 m Gamintojas : Nako ,Turkija Rekomenduojami virbalai :Nr 2-3.5 Nako Boho &#8211;\u00a0 kojini\u0173 si\u016blai .Vieno kamuoliuko \u0161i\u0173 verpal\u0173\u00a0 u\u017etenka porai\u00a0 ilgesni\u0173 suaugusi\u0173 kojini\u0173 nuo 37 iki 43 dyd\u017eio .Priklausomai nuo da\u017eymo ,si\u016blai i\u0161sid\u0117sto ra\u0161tais arba spalvotomis juostel\u0117mis .Nako Boho verpalai\u00a0 atspar\u016bs dilimui, [&hellip;]<\/p>","protected":false},"featured_media":5273,"template":"","meta":[],"product_brand":[],"product_cat":[153,108,93,47],"product_tag":[],"class_list":{"0":"post-5299","1":"product","2":"type-product","3":"status-publish","4":"has-post-thumbnail","6":"product_cat-boho","7":"product_cat-kojininiai-siulai","8":"product_cat-nako","9":"product_cat-vilna","11":"first","12":"instock","13":"taxable","14":"shipping-taxable","15":"purchasable","16":"product-type-simple"},"_links":{"self":[{"href":"https:\/\/siulaiklaipeda.eu\/ru\/wp-json\/wp\/v2\/product\/5299","targetHints":{"allow":["GET"]}}],"collection":[{"href":"https:\/\/siulaiklaipeda.eu\/ru\/wp-json\/wp\/v2\/product"}],"about":[{"href":"https:\/\/siulaiklaipeda.eu\/ru\/wp-json\/wp\/v2\/types\/product"}],"wp:featuredmedia":[{"embeddable":true,"href":"https:\/\/siulaiklaipeda.eu\/ru\/wp-json\/wp\/v2\/media\/5273"}],"wp:attachment":[{"href":"https:\/\/siulaiklaipeda.eu\/ru\/wp-json\/wp\/v2\/media?parent=5299"}],"wp:term":[{"taxonomy":"product_brand","embeddable":true,"href":"https:\/\/siulaiklaipeda.eu\/ru\/wp-json\/wp\/v2\/product_brand?post=5299"},{"taxonomy":"product_cat","embeddable":true,"href":"https:\/\/siulaiklaipeda.eu\/ru\/wp-json\/wp\/v2\/product_cat?post=5299"},{"taxonomy":"product_tag","embeddable":true,"href":"https:\/\/siulaiklaipeda.eu\/ru\/wp-json\/wp\/v2\/product_tag?post=5299"}],"curies":[{"name":"wp","href":"https:\/\/api.w.org\/{rel}","templated":true}]}}