{"id":5257,"date":"2023-12-19T19:18:27","date_gmt":"2023-12-19T19:18:27","guid":{"rendered":"https:\/\/siulaiklaipeda.eu\/?post_type=product&#038;p=5257"},"modified":"2026-04-22T18:22:26","modified_gmt":"2026-04-22T15:22:26","slug":"nako-boho-87720","status":"publish","type":"product","link":"https:\/\/siulaiklaipeda.eu\/ru\/product\/nako-boho-87720\/","title":{"rendered":"\u041d\u0430\u043a\u043e \u0411\u043e\u0445\u043e 87720"},"content":{"rendered":"<ul>\n<li>\u0421\u043e\u0441\u0442\u0430\u0432: 75 \u0448\u0435\u0440\u0441\u0442\u044c 1\u0422\u041f3\u0422, 25 \u043f\u043e\u043b\u0438\u0430\u043c\u0438\u0434 1\u0422\u041f3\u0422.<\/li>\n<li>\u0414\u043b\u0438\u043d\u0430: 100 \u0433 400 \u043c<\/li>\n<li>\u041f\u0440\u043e\u0438\u0437\u0432\u043e\u0434\u0438\u0442\u0435\u043b\u044c: \u041d\u0430\u043a\u043e, \u0422\u0443\u0440\u0446\u0438\u044f.<\/li>\n<li>\u0420\u0435\u043a\u043e\u043c\u0435\u043d\u0434\u0443\u0435\u043c\u044b\u0435 \u0441\u043f\u0438\u0446\u044b: \u2116 2-3,5.<\/li>\n<li>Nako Boho \u2013\u00a0 kojini\u0173 si\u016blai.Vieno kamuoliuko \u0161i\u0173 verpal\u0173\u00a0 u\u017etenka porai\u00a0 ilgesni\u0173 suaugusi\u0173 kojini\u0173 nuo 37 iki 43 dyd\u017eio.Priklausomai nuo da\u017eymo ,si\u016blai i\u0161sid\u0117sto ra\u0161tais arba spalvotomis juostel\u0117mis.Nako Boho verpalai\u00a0 atspar\u016bs dilimui,patvarumo\u00a0 suteikia\u00a0 sud\u0117tyje esantis poliamidas.\u0160is si\u016blas puikiai tinka ir megztukams,kepur\u0117ms,\u0161alikams,pir\u0161tin\u0117ms<\/li>\n<\/ul>","protected":false},"excerpt":{"rendered":"<p>Sud\u0117tis : 75 % vilna, 25 % poliamidas Ilgis : 100 g\u00a0 400 m Gamintojas : Nako ,Turkija Rekomenduojami virbalai :Nr 2-3.5 Nako Boho \u2013\u00a0 kojini\u0173 si\u016blai.Vieno kamuoliuko \u0161i\u0173 verpal\u0173\u00a0 u\u017etenka porai\u00a0 ilgesni\u0173 suaugusi\u0173 kojini\u0173 nuo 37 iki 43 dyd\u017eio.Priklausomai nuo da\u017eymo ,si\u016blai i\u0161sid\u0117sto ra\u0161tais arba spalvotomis juostel\u0117mis.Nako Boho verpalai\u00a0 atspar\u016bs dilimui,patvarumo\u00a0 suteikia\u00a0 sud\u0117tyje esantis [&hellip;]<\/p>\n","protected":false},"featured_media":5213,"template":"","meta":[],"product_brand":[],"product_cat":[153,108,45,93,90,89,47],"product_tag":[],"class_list":{"0":"post-5257","1":"product","2":"type-product","3":"status-publish","4":"has-post-thumbnail","6":"product_cat-boho","7":"product_cat-kojininiai-siulai","8":"product_cat-mezgimo-siulai","9":"product_cat-nako","10":"product_cat-siulu-gamintojai","11":"product_cat-siulu-pluostai","12":"product_cat-vilna","14":"first","15":"instock","16":"taxable","17":"shipping-taxable","18":"purchasable","19":"product-type-simple"},"_links":{"self":[{"href":"https:\/\/siulaiklaipeda.eu\/ru\/wp-json\/wp\/v2\/product\/5257","targetHints":{"allow":["GET"]}}],"collection":[{"href":"https:\/\/siulaiklaipeda.eu\/ru\/wp-json\/wp\/v2\/product"}],"about":[{"href":"https:\/\/siulaiklaipeda.eu\/ru\/wp-json\/wp\/v2\/types\/product"}],"wp:featuredmedia":[{"embeddable":true,"href":"https:\/\/siulaiklaipeda.eu\/ru\/wp-json\/wp\/v2\/media\/5213"}],"wp:attachment":[{"href":"https:\/\/siulaiklaipeda.eu\/ru\/wp-json\/wp\/v2\/media?parent=5257"}],"wp:term":[{"taxonomy":"product_brand","embeddable":true,"href":"https:\/\/siulaiklaipeda.eu\/ru\/wp-json\/wp\/v2\/product_brand?post=5257"},{"taxonomy":"product_cat","embeddable":true,"href":"https:\/\/siulaiklaipeda.eu\/ru\/wp-json\/wp\/v2\/product_cat?post=5257"},{"taxonomy":"product_tag","embeddable":true,"href":"https:\/\/siulaiklaipeda.eu\/ru\/wp-json\/wp\/v2\/product_tag?post=5257"}],"curies":[{"name":"wp","href":"https:\/\/api.w.org\/{rel}","templated":true}]}}