{"id":4898,"date":"2023-12-15T14:58:13","date_gmt":"2023-12-15T14:58:13","guid":{"rendered":"https:\/\/siulaiklaipeda.eu\/?post_type=product&#038;p=4898"},"modified":"2025-10-18T10:55:47","modified_gmt":"2025-10-18T08:55:47","slug":"angora-real-40-52","status":"publish","type":"product","link":"https:\/\/siulaiklaipeda.eu\/ru\/product\/angora-real-40-52\/","title":{"rendered":"\u0410\u043d\u0433\u043e\u0440\u0430 \u0420\u0435\u0430\u043b 40 -52"},"content":{"rendered":"<strong>Alize Angora Real 40<\/strong> \u2013 klasikinis pasirinkimas jaukiems ir lengviems mezginiams\nPlonas, purus ir eleganti\u0161kas si\u016blas su vilna \u2013 puikiai tinka megzti skaroms, megztiniams, palaidin\u0117ms ar net a\u017e\u016briniams ra\u0161tams. Nors si\u016blas labai lengvas, jis maloniai \u0161ildo ir dailiai krenta, tod\u0117l puikiai tinka tiek kasdieniams, tiek proginiams mezginiams.\n\n \n\n<strong>Sud\u0117tis:<\/strong> 60 % akrilas, 40 % vilna\n<strong>Svoris\/ilgis:<\/strong> 100 g ~ 480 m\n<strong>Rekomenduojami virbalai:<\/strong> 2-5 mm\n<strong>Prie\u017ei\u016bra:<\/strong> Rekomenduojama skalbti rankomis\n\n \n\nPlataus spalv\u0173 asortimentas \u2013 nuo pastelini\u0173 iki sodri\u0173 atspalvi\u0173. Tavo mezginiai spind\u0117s stiliumi ir \u0161velnumu!","protected":false},"excerpt":{"rendered":"<p>Alize Angora Real 40 \u2013 klasikinis pasirinkimas jaukiems ir lengviems mezginiams Plonas, purus ir eleganti\u0161kas si\u016blas su vilna \u2013 puikiai tinka megzti skaroms, megztiniams, palaidin\u0117ms ar net a\u017e\u016briniams ra\u0161tams. Nors si\u016blas labai lengvas, jis maloniai \u0161ildo ir dailiai krenta, tod\u0117l puikiai tinka tiek kasdieniams, tiek proginiams mezginiams. Sud\u0117tis: 60 % akrilas, 40 % vilna Svoris\/ilgis: [&hellip;]<\/p>","protected":false},"featured_media":18032,"template":"","meta":[],"product_brand":[],"product_cat":[118,92,48],"product_tag":[],"class_list":{"0":"post-4898","1":"product","2":"type-product","3":"status-publish","4":"has-post-thumbnail","6":"product_cat-angora-real-40","7":"product_cat-alize","8":"product_cat-pusvilne","10":"first","11":"outofstock","12":"taxable","13":"shipping-taxable","14":"purchasable","15":"product-type-simple"},"_links":{"self":[{"href":"https:\/\/siulaiklaipeda.eu\/ru\/wp-json\/wp\/v2\/product\/4898","targetHints":{"allow":["GET"]}}],"collection":[{"href":"https:\/\/siulaiklaipeda.eu\/ru\/wp-json\/wp\/v2\/product"}],"about":[{"href":"https:\/\/siulaiklaipeda.eu\/ru\/wp-json\/wp\/v2\/types\/product"}],"wp:featuredmedia":[{"embeddable":true,"href":"https:\/\/siulaiklaipeda.eu\/ru\/wp-json\/wp\/v2\/media\/18032"}],"wp:attachment":[{"href":"https:\/\/siulaiklaipeda.eu\/ru\/wp-json\/wp\/v2\/media?parent=4898"}],"wp:term":[{"taxonomy":"product_brand","embeddable":true,"href":"https:\/\/siulaiklaipeda.eu\/ru\/wp-json\/wp\/v2\/product_brand?post=4898"},{"taxonomy":"product_cat","embeddable":true,"href":"https:\/\/siulaiklaipeda.eu\/ru\/wp-json\/wp\/v2\/product_cat?post=4898"},{"taxonomy":"product_tag","embeddable":true,"href":"https:\/\/siulaiklaipeda.eu\/ru\/wp-json\/wp\/v2\/product_tag?post=4898"}],"curies":[{"name":"wp","href":"https:\/\/api.w.org\/{rel}","templated":true}]}}