{"id":4477,"date":"2023-12-12T17:33:31","date_gmt":"2023-12-12T17:33:31","guid":{"rendered":"https:\/\/siulaiklaipeda.eu\/?post_type=product&#038;p=4477"},"modified":"2026-04-07T16:28:53","modified_gmt":"2026-04-07T13:28:53","slug":"alize-puffy-8","status":"publish","type":"product","link":"https:\/\/siulaiklaipeda.eu\/ru\/product\/alize-puffy-8\/","title":{"rendered":"\u0410\u043b\u0438\u0437\u0435 \u041f\u0430\u0444\u0444\u0438 161"},"content":{"rendered":"<ul>\n<li>\u041d\u0438\u0442\u043a\u0438 - \u043f\u0435\u0442\u043b\u0438<\/li>\n<li>\u0421\u043e\u0441\u0442\u0430\u0432: \u043c\u0438\u043a\u0440\u043e\u043f\u043e\u043b\u0438\u044d\u0441\u0442\u0435\u0440 100%.<\/li>\n<li>\u0414\u043b\u0438\u043d\u0430: 100 \u0433\u0440.9 \u043c<\/li>\n<li>\u041f\u0440\u043e\u0434\u044e\u0441\u0435\u0440: \u0410\u043b\u0438\u0437\u0435<\/li>\n<\/ul>","protected":false},"excerpt":{"rendered":"<p>Si\u016blai- kilput\u0117s Sud\u0117tis: 100% mikropoliesteris Ilgis: 100 gr.9 m Gamintojas: Alize<\/p>","protected":false},"featured_media":4399,"template":"","meta":[],"product_brand":[],"product_cat":[92,106,102,111],"product_tag":[],"class_list":{"0":"post-4477","1":"product","2":"type-product","3":"status-publish","4":"has-post-thumbnail","6":"product_cat-alize","7":"product_cat-kilpiniai-siulai","8":"product_cat-mikropoliesteris-siulu-pluostai","9":"product_cat-puffy","11":"first","12":"instock","13":"taxable","14":"shipping-taxable","15":"purchasable","16":"product-type-simple"},"_links":{"self":[{"href":"https:\/\/siulaiklaipeda.eu\/ru\/wp-json\/wp\/v2\/product\/4477","targetHints":{"allow":["GET"]}}],"collection":[{"href":"https:\/\/siulaiklaipeda.eu\/ru\/wp-json\/wp\/v2\/product"}],"about":[{"href":"https:\/\/siulaiklaipeda.eu\/ru\/wp-json\/wp\/v2\/types\/product"}],"wp:featuredmedia":[{"embeddable":true,"href":"https:\/\/siulaiklaipeda.eu\/ru\/wp-json\/wp\/v2\/media\/4399"}],"wp:attachment":[{"href":"https:\/\/siulaiklaipeda.eu\/ru\/wp-json\/wp\/v2\/media?parent=4477"}],"wp:term":[{"taxonomy":"product_brand","embeddable":true,"href":"https:\/\/siulaiklaipeda.eu\/ru\/wp-json\/wp\/v2\/product_brand?post=4477"},{"taxonomy":"product_cat","embeddable":true,"href":"https:\/\/siulaiklaipeda.eu\/ru\/wp-json\/wp\/v2\/product_cat?post=4477"},{"taxonomy":"product_tag","embeddable":true,"href":"https:\/\/siulaiklaipeda.eu\/ru\/wp-json\/wp\/v2\/product_tag?post=4477"}],"curies":[{"name":"wp","href":"https:\/\/api.w.org\/{rel}","templated":true}]}}