{"id":4168,"date":"2023-12-01T17:46:41","date_gmt":"2023-12-01T17:46:41","guid":{"rendered":"https:\/\/siulaiklaipeda.eu\/?post_type=product&#038;p=4168"},"modified":"2025-11-03T19:24:18","modified_gmt":"2025-11-03T17:24:18","slug":"vilna-3889","status":"publish","type":"product","link":"https:\/\/siulaiklaipeda.eu\/ru\/product\/vilna-3889\/","title":{"rendered":"\u0413\u0430\u0437\u0437\u0430\u043b \u0427\u0435\u0440\u0432\u044c 3889"},"content":{"rendered":"<ul>\n<li>\u0421\u043e\u0441\u0442\u0430\u0432: 100 \u0448\u0442. % \u0422\u043e\u043d\u043a\u0430\u044f \u0448\u0435\u0440\u0441\u0442\u044c \u043c\u0435\u0440\u0438\u043d\u043e\u0441\u0430 Superwash.<\/li>\n<li>\u0414\u043b\u0438\u043d\u0430: 150 \u0433, 120 \u043c.<\/li>\n<li>\u0420\u0435\u043a\u043e\u043c\u0435\u043d\u0434\u0443\u0435\u043c\u044b\u0435 \u0438\u0433\u043b\u044b: 10.<\/li>\n<li>\u041f\u0440\u043e\u0438\u0437\u0432\u043e\u0434\u0438\u0442\u0435\u043b\u044c: \u0413\u0430\u0437\u0437\u0430\u043b, \u0422\u0443\u0440\u0446\u0438\u044f<\/li>\n<\/ul>\n<p>\u041c\u0435\u0440\u0438\u043d\u043e\u0441\u043e\u0432\u0430\u044f \u0448\u0435\u0440\u0441\u0442\u044c, \u043e\u043a\u0440\u0430\u0448\u0435\u043d\u043d\u0430\u044f \u0432\u0440\u0443\u0447\u043d\u0443\u044e. \u041f\u043e\u0441\u043a\u043e\u043b\u044c\u043a\u0443 \u043f\u0430\u0440\u0442\u0438\u0438 \u043e\u043a\u0440\u0430\u0448\u0438\u0432\u0430\u043d\u0438\u044f \u043d\u0435\u0442, \u0440\u0435\u043a\u043e\u043c\u0435\u043d\u0434\u0443\u0435\u0442\u0441\u044f \u043f\u0440\u0438\u043e\u0431\u0440\u0435\u0442\u0430\u0442\u044c \u0434\u043e\u0441\u0442\u0430\u0442\u043e\u0447\u043d\u043e\u0435 \u043a\u043e\u043b\u0438\u0447\u0435\u0441\u0442\u0432\u043e \u043f\u0440\u044f\u0436\u0438 \u0437\u0430 \u043e\u0434\u0438\u043d \u0440\u0430\u0437.<\/p>","protected":false},"excerpt":{"rendered":"<p>Sud\u0117tis :100 % Superwash merino\u00a0 fine vilna Ilgis :150 g ,120m Rekomenduojami\u00a0 virbalai :10 Gamintojas :Gazzal ,Turkija Rankomis da\u017eyta merino vilna .Kadangi\u00a0 n\u0117ra da\u017eymo partijos , rekomenduojama\u00a0 vienu metu\u00a0 \u012fsigyti pakankam\u0105 kiek\u012f verpal\u0173<\/p>","protected":false},"featured_media":4169,"template":"","meta":[],"product_brand":[],"product_cat":[97,89,47,163],"product_tag":[],"class_list":{"0":"post-4168","1":"product","2":"type-product","3":"status-publish","4":"has-post-thumbnail","6":"product_cat-gazzal","7":"product_cat-siulu-pluostai","8":"product_cat-vilna","9":"product_cat-worm","11":"first","12":"outofstock","13":"taxable","14":"shipping-taxable","15":"purchasable","16":"product-type-simple"},"_links":{"self":[{"href":"https:\/\/siulaiklaipeda.eu\/ru\/wp-json\/wp\/v2\/product\/4168","targetHints":{"allow":["GET"]}}],"collection":[{"href":"https:\/\/siulaiklaipeda.eu\/ru\/wp-json\/wp\/v2\/product"}],"about":[{"href":"https:\/\/siulaiklaipeda.eu\/ru\/wp-json\/wp\/v2\/types\/product"}],"wp:featuredmedia":[{"embeddable":true,"href":"https:\/\/siulaiklaipeda.eu\/ru\/wp-json\/wp\/v2\/media\/4169"}],"wp:attachment":[{"href":"https:\/\/siulaiklaipeda.eu\/ru\/wp-json\/wp\/v2\/media?parent=4168"}],"wp:term":[{"taxonomy":"product_brand","embeddable":true,"href":"https:\/\/siulaiklaipeda.eu\/ru\/wp-json\/wp\/v2\/product_brand?post=4168"},{"taxonomy":"product_cat","embeddable":true,"href":"https:\/\/siulaiklaipeda.eu\/ru\/wp-json\/wp\/v2\/product_cat?post=4168"},{"taxonomy":"product_tag","embeddable":true,"href":"https:\/\/siulaiklaipeda.eu\/ru\/wp-json\/wp\/v2\/product_tag?post=4168"}],"curies":[{"name":"wp","href":"https:\/\/api.w.org\/{rel}","templated":true}]}}