{"id":27306,"date":"2026-04-10T14:30:32","date_gmt":"2026-04-10T11:30:32","guid":{"rendered":"https:\/\/siulaiklaipeda.eu\/?post_type=product&#038;p=27306"},"modified":"2026-04-15T22:07:56","modified_gmt":"2026-04-15T19:07:56","slug":"marilyn-8281","status":"publish","type":"product","link":"https:\/\/siulaiklaipeda.eu\/ru\/product\/marilyn-8281\/","title":{"rendered":"Gazzal Marilyn &#038; Merinos 8281 juoda"},"content":{"rendered":"<ul class=\"wp-block-list\">\n<li>\u0413\u0430\u0437\u0437\u0430\u043b \u041c\u044d\u0440\u0438\u043b\u0438\u043d \u0438 \u041c\u0435\u0440\u0438\u043d\u043e\u0441<\/li>\n\n\n\n<li>\u0412\u0435\u0441 - 50 \u0433.<\/li>\n\n\n\n<li>\u0414\u043b\u0438\u043d\u0430 - 88 \u043c.<\/li>\n\n\n\n<li>\u0421\u043e\u0441\u0442\u0430\u0432 -41 % \u0428\u0435\u0440\u0441\u0442\u044c \u0430\u0432\u0441\u0442\u0440\u0430\u043b\u0438\u0439\u0441\u043a\u043e\u0433\u043e \u043c\u0435\u0440\u0438\u043d\u043e\u0441\u0430, 59 % \u043f\u043e\u043b\u0438\u0430\u043c\u0438\u0434<\/li>\n\n\n\n<li>Ne\u012ftik\u0117tinas purumas ir \u0161velnumas &#8211; idealiai tinka jautriai odai ,rekomenduojama&nbsp; skalbti rankomis \u0161altame vandenyje.<\/li>\n<\/ul>\n\n\n\n<p><\/p>","protected":false},"excerpt":{"rendered":"","protected":false},"featured_media":27408,"template":"","meta":[],"product_brand":[],"product_cat":[97,233],"product_tag":[],"class_list":{"0":"post-27306","1":"product","2":"type-product","3":"status-publish","4":"has-post-thumbnail","6":"product_cat-gazzal","7":"product_cat-marilyn-merinos","9":"first","10":"instock","11":"taxable","12":"shipping-taxable","13":"purchasable","14":"product-type-simple"},"_links":{"self":[{"href":"https:\/\/siulaiklaipeda.eu\/ru\/wp-json\/wp\/v2\/product\/27306","targetHints":{"allow":["GET"]}}],"collection":[{"href":"https:\/\/siulaiklaipeda.eu\/ru\/wp-json\/wp\/v2\/product"}],"about":[{"href":"https:\/\/siulaiklaipeda.eu\/ru\/wp-json\/wp\/v2\/types\/product"}],"wp:featuredmedia":[{"embeddable":true,"href":"https:\/\/siulaiklaipeda.eu\/ru\/wp-json\/wp\/v2\/media\/27408"}],"wp:attachment":[{"href":"https:\/\/siulaiklaipeda.eu\/ru\/wp-json\/wp\/v2\/media?parent=27306"}],"wp:term":[{"taxonomy":"product_brand","embeddable":true,"href":"https:\/\/siulaiklaipeda.eu\/ru\/wp-json\/wp\/v2\/product_brand?post=27306"},{"taxonomy":"product_cat","embeddable":true,"href":"https:\/\/siulaiklaipeda.eu\/ru\/wp-json\/wp\/v2\/product_cat?post=27306"},{"taxonomy":"product_tag","embeddable":true,"href":"https:\/\/siulaiklaipeda.eu\/ru\/wp-json\/wp\/v2\/product_tag?post=27306"}],"curies":[{"name":"wp","href":"https:\/\/api.w.org\/{rel}","templated":true}]}}