{"id":26368,"date":"2026-03-15T20:45:00","date_gmt":"2026-03-15T18:45:00","guid":{"rendered":"https:\/\/siulaiklaipeda.eu\/?post_type=product&#038;p=26368"},"modified":"2026-04-18T10:18:42","modified_gmt":"2026-04-18T07:18:42","slug":"alize-diva-36","status":"publish","type":"product","link":"https:\/\/siulaiklaipeda.eu\/ru\/product\/alize-diva-36\/","title":{"rendered":"Alize Diva 36"},"content":{"rendered":"<ul class=\"wp-block-list\">\n<li>\u0421\u043e\u0441\u0442\u0430\u0432: 100 \u043c\u0438\u043a\u0440\u043e\u0444\u0438\u0431\u0440\u0430 1\u0422\u041f3\u0422 (\u0430\u043a\u0440\u0438\u043b)<\/li>\n\n\n\n<li>\u0414\u043b\u0438\u043d\u0430: 100 \u0433, 350 \u043c.<\/li>\n\n\n\n<li>\u0420\u0435\u043a\u043e\u043c\u0435\u043d\u0434\u0443\u044e\u0442\u0441\u044f \u0441\u043f\u0438\u0446\u044b \u2116 2-3,5 \u043c\u043c.<\/li>\n\n\n\n<li>\u0420\u0435\u043a\u043e\u043c\u0435\u043d\u0434\u0443\u0435\u043c\u044b\u0439 \u0440\u0430\u0437\u043c\u0435\u0440: 1-3 \u043c\u043c<\/li>\n\n\n\n<li>\u041f\u0440\u043e\u0438\u0437\u0432\u043e\u0434\u0438\u0442\u0435\u043b\u044c - \u0410\u043b\u0438\u0437\u0435, \u0422\u0443\u0440\u0446\u0438\u044f<\/li>\n<\/ul>\n\n\n\n<p>Alize Diva \u2013 100% akrilas ,turintis\u00a0 \u0161ilko efekto \u017evilges\u012f .Puikiai tinka vasaros mezginiams ir n\u0117riniams .Mezginiai bus lengvai ,krentantys ,puikiai ne\u0161iojasi , nesipumpuruoja.<\/p>\n\n\n\n<p><\/p>","protected":false},"excerpt":{"rendered":"<p>Alize Diva \u2013 100% akrilas ,turintis\u00a0 \u0161ilko efekto \u017evilges\u012f .Puikiai tinka vasaros mezginiams ir n\u0117riniams .Mezginiai bus lengvai ,krentantys ,puikiai ne\u0161iojasi , nesipumpuruoja.<\/p>","protected":false},"featured_media":26992,"template":"","meta":[],"product_brand":[],"product_cat":[92,50,126,52],"product_tag":[],"class_list":{"0":"post-26368","1":"product","2":"type-product","3":"status-publish","4":"has-post-thumbnail","6":"product_cat-alize","7":"product_cat-akrilas","8":"product_cat-diva","9":"product_cat-mikrofibra","11":"first","12":"instock","13":"taxable","14":"shipping-taxable","15":"purchasable","16":"product-type-simple"},"_links":{"self":[{"href":"https:\/\/siulaiklaipeda.eu\/ru\/wp-json\/wp\/v2\/product\/26368","targetHints":{"allow":["GET"]}}],"collection":[{"href":"https:\/\/siulaiklaipeda.eu\/ru\/wp-json\/wp\/v2\/product"}],"about":[{"href":"https:\/\/siulaiklaipeda.eu\/ru\/wp-json\/wp\/v2\/types\/product"}],"wp:featuredmedia":[{"embeddable":true,"href":"https:\/\/siulaiklaipeda.eu\/ru\/wp-json\/wp\/v2\/media\/26992"}],"wp:attachment":[{"href":"https:\/\/siulaiklaipeda.eu\/ru\/wp-json\/wp\/v2\/media?parent=26368"}],"wp:term":[{"taxonomy":"product_brand","embeddable":true,"href":"https:\/\/siulaiklaipeda.eu\/ru\/wp-json\/wp\/v2\/product_brand?post=26368"},{"taxonomy":"product_cat","embeddable":true,"href":"https:\/\/siulaiklaipeda.eu\/ru\/wp-json\/wp\/v2\/product_cat?post=26368"},{"taxonomy":"product_tag","embeddable":true,"href":"https:\/\/siulaiklaipeda.eu\/ru\/wp-json\/wp\/v2\/product_tag?post=26368"}],"curies":[{"name":"wp","href":"https:\/\/api.w.org\/{rel}","templated":true}]}}