{"id":25012,"date":"2026-01-21T14:58:25","date_gmt":"2026-01-21T12:58:25","guid":{"rendered":"https:\/\/siulaiklaipeda.eu\/?post_type=product&#038;p=25012"},"modified":"2026-03-19T10:03:51","modified_gmt":"2026-03-19T08:03:51","slug":"lino-956","status":"publish","type":"product","link":"https:\/\/siulaiklaipeda.eu\/ru\/product\/lino-956\/","title":{"rendered":"Lanoso Lino 956"},"content":{"rendered":"<p>Lanoso Lino mezgimo si\u016blai \u2013 50 % linas, 50 % viskoz\u0117 Lanoso Lino \u2013 kokybi\u0161ki lino ir viskoz\u0117s mezgimo si\u016blai, skirti lengviems ir kv\u0117puojantiems mezginiams. Nat\u016bralus lino pluo\u0161tas suteikia tvirtumo ir laidumo orui, o viskoz\u0117 u\u017etikrina \u0161velnum\u0105 bei gra\u017e\u0173 mezginio kritim\u0105. Puikus pasirinkimas vasaros drabu\u017eiams, palaidin\u0117ms, tunikoms, suknel\u0117ms, skaroms ir lengviems megztiniams. Produkto savyb\u0117s:<\/p>\n\n\n\n<div class=\"wp-block-group is-nowrap is-layout-flex wp-container-core-group-is-layout-6c531013 wp-block-group-is-layout-flex\">\n<figure class=\"wp-block-image\"><img decoding=\"async\" src=\"https:\/\/static.xx.fbcdn.net\/images\/emoji.php\/v9\/t51\/1\/16\/2714.png\" alt=\"\u2714\"\/><\/figure>\n\n\n\n<p>Nat\u016bralus ir kv\u0117puojantis pluo\u0161tas<\/p>\n<\/div>\n\n\n\n<div class=\"wp-block-group is-nowrap is-layout-flex wp-container-core-group-is-layout-6c531013 wp-block-group-is-layout-flex\">\n<figure class=\"wp-block-image\"><img decoding=\"async\" src=\"https:\/\/static.xx.fbcdn.net\/images\/emoji.php\/v9\/t51\/1\/16\/2714.png\" alt=\"\u2714\"\/><\/figure>\n\n\n\n<p>Lengvi ir patvar\u016bs si\u016blai<\/p>\n<\/div>\n\n\n\n<div class=\"wp-block-group is-nowrap is-layout-flex wp-container-core-group-is-layout-6c531013 wp-block-group-is-layout-flex\">\n<figure class=\"wp-block-image\"><img decoding=\"async\" src=\"https:\/\/static.xx.fbcdn.net\/images\/emoji.php\/v9\/t51\/1\/16\/2714.png\" alt=\"\u2714\"\/><\/figure>\n\n\n\n<p>Tinka vasaros mezginiams<\/p>\n<\/div>\n\n\n\n<div class=\"wp-block-group is-nowrap is-layout-flex wp-container-core-group-is-layout-6c531013 wp-block-group-is-layout-flex\">\n<figure class=\"wp-block-image\"><img decoding=\"async\" src=\"https:\/\/static.xx.fbcdn.net\/images\/emoji.php\/v9\/t51\/1\/16\/2714.png\" alt=\"\u2714\"\/><\/figure>\n\n\n\n<p>Gra\u017eus kritimas ir subtilus blizgesys<\/p>\n<\/div>\n\n\n\n<p>Sud\u0117tis: 50 % linas, 50 % viskoz\u0117 <\/p>\n\n\n\n<p>Svoris: 50 g <\/p>\n\n\n\n<p>Ilgis: 175 m<\/p>","protected":false},"excerpt":{"rendered":"<p>Lanoso Lino mezgimo si\u016blai \u2013 50 % linas, 50 % viskoz\u0117 Lanoso Lino \u2013 kokybi\u0161ki lino ir viskoz\u0117s mezgimo si\u016blai, skirti lengviems ir kv\u0117puojantiems mezginiams. Nat\u016bralus lino pluo\u0161tas suteikia tvirtumo ir laidumo orui, o viskoz\u0117 u\u017etikrina \u0161velnum\u0105 bei gra\u017e\u0173 mezginio kritim\u0105. Puikus pasirinkimas vasaros drabu\u017eiams, palaidin\u0117ms, tunikoms, suknel\u0117ms, skaroms ir lengviems megztiniams. Produkto savyb\u0117s: Nat\u016bralus [&hellip;]<\/p>","protected":false},"featured_media":25013,"template":"","meta":[],"product_brand":[],"product_cat":[154,289,45],"product_tag":[],"class_list":{"0":"post-25012","1":"product","2":"type-product","3":"status-publish","4":"has-post-thumbnail","6":"product_cat-lanoso-2","7":"product_cat-lino","8":"product_cat-mezgimo-siulai","10":"first","11":"instock","12":"taxable","13":"shipping-taxable","14":"purchasable","15":"product-type-simple"},"_links":{"self":[{"href":"https:\/\/siulaiklaipeda.eu\/ru\/wp-json\/wp\/v2\/product\/25012","targetHints":{"allow":["GET"]}}],"collection":[{"href":"https:\/\/siulaiklaipeda.eu\/ru\/wp-json\/wp\/v2\/product"}],"about":[{"href":"https:\/\/siulaiklaipeda.eu\/ru\/wp-json\/wp\/v2\/types\/product"}],"wp:featuredmedia":[{"embeddable":true,"href":"https:\/\/siulaiklaipeda.eu\/ru\/wp-json\/wp\/v2\/media\/25013"}],"wp:attachment":[{"href":"https:\/\/siulaiklaipeda.eu\/ru\/wp-json\/wp\/v2\/media?parent=25012"}],"wp:term":[{"taxonomy":"product_brand","embeddable":true,"href":"https:\/\/siulaiklaipeda.eu\/ru\/wp-json\/wp\/v2\/product_brand?post=25012"},{"taxonomy":"product_cat","embeddable":true,"href":"https:\/\/siulaiklaipeda.eu\/ru\/wp-json\/wp\/v2\/product_cat?post=25012"},{"taxonomy":"product_tag","embeddable":true,"href":"https:\/\/siulaiklaipeda.eu\/ru\/wp-json\/wp\/v2\/product_tag?post=25012"}],"curies":[{"name":"wp","href":"https:\/\/api.w.org\/{rel}","templated":true}]}}