{"id":24515,"date":"2026-01-07T21:17:59","date_gmt":"2026-01-07T19:17:59","guid":{"rendered":"https:\/\/siulaiklaipeda.eu\/?post_type=product&#038;p=24515"},"modified":"2026-01-07T21:19:26","modified_gmt":"2026-01-07T19:19:26","slug":"midara-princess-mohair-242","status":"publish","type":"product","link":"https:\/\/siulaiklaipeda.eu\/ru\/product\/midara-princess-mohair-242\/","title":{"rendered":"Princess Mohair 242"},"content":{"rendered":"<p>Sud\u0117tis &#8211; 33 % moheris , 30 % poliamidas , 37 % poliesteris<\/p>\n\n\n\n<p>25g ,apie 230-235 m <\/p>\n\n\n\n<p>Princess Mohair -p\u016bkuoti,\u0161veln\u016bs kaip debes\u0117lis si\u016blai,puikiai tinka lengviems megztiniams ,skaraist\u0117ms, \u0161alikams.<\/p>\n\n\n\n<p>Mezginiai bus itin lengvi ,bet \u0161ilti.<\/p>","protected":false},"excerpt":{"rendered":"<p>Sud\u0117tis &#8211; 33 % moheris , 30 % poliamidas , 37 % poliesteris 25g ,apie 230-235 m Princess Mohair -p\u016bkuoti,\u0161veln\u016bs kaip debes\u0117lis si\u016blai,puikiai tinka lengviems megztiniams ,skaraist\u0117ms, \u0161alikams. Mezginiai bus itin lengvi ,bet \u0161ilti.<\/p>","protected":false},"featured_media":24516,"template":"","meta":[],"product_brand":[],"product_cat":[255,258],"product_tag":[],"class_list":{"0":"post-24515","1":"product","2":"type-product","3":"status-publish","4":"has-post-thumbnail","6":"product_cat-midara","7":"product_cat-princess-mohair","9":"first","10":"instock","11":"taxable","12":"shipping-taxable","13":"purchasable","14":"product-type-simple"},"_links":{"self":[{"href":"https:\/\/siulaiklaipeda.eu\/ru\/wp-json\/wp\/v2\/product\/24515","targetHints":{"allow":["GET"]}}],"collection":[{"href":"https:\/\/siulaiklaipeda.eu\/ru\/wp-json\/wp\/v2\/product"}],"about":[{"href":"https:\/\/siulaiklaipeda.eu\/ru\/wp-json\/wp\/v2\/types\/product"}],"wp:featuredmedia":[{"embeddable":true,"href":"https:\/\/siulaiklaipeda.eu\/ru\/wp-json\/wp\/v2\/media\/24516"}],"wp:attachment":[{"href":"https:\/\/siulaiklaipeda.eu\/ru\/wp-json\/wp\/v2\/media?parent=24515"}],"wp:term":[{"taxonomy":"product_brand","embeddable":true,"href":"https:\/\/siulaiklaipeda.eu\/ru\/wp-json\/wp\/v2\/product_brand?post=24515"},{"taxonomy":"product_cat","embeddable":true,"href":"https:\/\/siulaiklaipeda.eu\/ru\/wp-json\/wp\/v2\/product_cat?post=24515"},{"taxonomy":"product_tag","embeddable":true,"href":"https:\/\/siulaiklaipeda.eu\/ru\/wp-json\/wp\/v2\/product_tag?post=24515"}],"curies":[{"name":"wp","href":"https:\/\/api.w.org\/{rel}","templated":true}]}}