{"id":24246,"date":"2025-12-30T16:27:16","date_gmt":"2025-12-30T14:27:16","guid":{"rendered":"https:\/\/siulaiklaipeda.eu\/?post_type=product&#038;p=24246"},"modified":"2026-01-30T22:59:26","modified_gmt":"2026-01-30T20:59:26","slug":"gazzal-aura-173","status":"publish","type":"product","link":"https:\/\/siulaiklaipeda.eu\/ru\/product\/gazzal-aura-173\/","title":{"rendered":"Gazzal Aura 173"},"content":{"rendered":"<p><strong>GAZZAL Aura<\/strong> \u2013 tai auk\u0161tos kokyb\u0117s <strong>100 % australi\u0161ka merino vilna <\/strong>, rank\u0173 da\u017eymo .Idealiai tinkanti kasdieniams, patogiems ir ilgaam\u017eiams mezginiams. Si\u016blas yra <strong>mink\u0161tas, elastingas, malonus odai<\/strong>, nekandantis, tod\u0117l puikiai tinka tiek suaugusiems, tiek vaikams.<\/p>\n\n\n\n<p>Puikus pasirinkimas megztiniams, kardiganams, kepur\u0117ms, \u0161alikams, pir\u0161tin\u0117ms, vaiki\u0161kiems drabu\u017e\u0117liams ir kitiems kasdieniams mezginiams.<\/p>\n\n\n\n<p><strong>Sud\u0117tis:<\/strong> 100 % australi\u0161ka merino vilna (Superwash)<br><strong>Svoris:<\/strong> 100 g<br><strong>Ilgis:<\/strong> ~197 m<\/p>\n\n\n\n<p><strong>Rekomenduojami virbalai:<\/strong> 4\u20135 mm<br><strong>Rekomenduojamas v\u0105\u0161elis:<\/strong> 4\u20134,5 mm<\/p>\n\n\n\n<p>Si\u016blai turi <strong>OEKO-TEX\u00ae STANDARD 100 sertifikat\u0105<\/strong>, kuris patvirtina, kad produktas yra <strong>be kenksming\u0173 med\u017eiag\u0173<\/strong>, <strong>saugus odai<\/strong> ir tinkamas net <strong>k\u016bdiki\u0173 bei jautriai odai skirt\u0173 mezgini\u0173<\/strong> gamybai.<\/p>","protected":false},"excerpt":{"rendered":"<p>GAZZAL Aura \u2013 tai auk\u0161tos kokyb\u0117s 100 % australi\u0161ka merino vilna , rank\u0173 da\u017eymo .Idealiai tinkanti kasdieniams, patogiems ir ilgaam\u017eiams mezginiams. Si\u016blas yra mink\u0161tas, elastingas, malonus odai, nekandantis, tod\u0117l puikiai tinka tiek suaugusiems, tiek vaikams. Puikus pasirinkimas megztiniams, kardiganams, kepur\u0117ms, \u0161alikams, pir\u0161tin\u0117ms, vaiki\u0161kiems drabu\u017e\u0117liams ir kitiems kasdieniams mezginiams. Sud\u0117tis: 100 % australi\u0161ka merino vilna (Superwash)Svoris: [&hellip;]<\/p>","protected":false},"featured_media":24674,"template":"","meta":[],"product_brand":[],"product_cat":[45,285,97],"product_tag":[],"class_list":{"0":"post-24246","1":"product","2":"type-product","3":"status-publish","4":"has-post-thumbnail","6":"product_cat-mezgimo-siulai","7":"product_cat-aura","8":"product_cat-gazzal","10":"first","11":"instock","12":"taxable","13":"shipping-taxable","14":"purchasable","15":"product-type-simple"},"_links":{"self":[{"href":"https:\/\/siulaiklaipeda.eu\/ru\/wp-json\/wp\/v2\/product\/24246","targetHints":{"allow":["GET"]}}],"collection":[{"href":"https:\/\/siulaiklaipeda.eu\/ru\/wp-json\/wp\/v2\/product"}],"about":[{"href":"https:\/\/siulaiklaipeda.eu\/ru\/wp-json\/wp\/v2\/types\/product"}],"wp:featuredmedia":[{"embeddable":true,"href":"https:\/\/siulaiklaipeda.eu\/ru\/wp-json\/wp\/v2\/media\/24674"}],"wp:attachment":[{"href":"https:\/\/siulaiklaipeda.eu\/ru\/wp-json\/wp\/v2\/media?parent=24246"}],"wp:term":[{"taxonomy":"product_brand","embeddable":true,"href":"https:\/\/siulaiklaipeda.eu\/ru\/wp-json\/wp\/v2\/product_brand?post=24246"},{"taxonomy":"product_cat","embeddable":true,"href":"https:\/\/siulaiklaipeda.eu\/ru\/wp-json\/wp\/v2\/product_cat?post=24246"},{"taxonomy":"product_tag","embeddable":true,"href":"https:\/\/siulaiklaipeda.eu\/ru\/wp-json\/wp\/v2\/product_tag?post=24246"}],"curies":[{"name":"wp","href":"https:\/\/api.w.org\/{rel}","templated":true}]}}