{"id":22686,"date":"2025-11-04T12:15:14","date_gmt":"2025-11-04T10:15:14","guid":{"rendered":"https:\/\/siulaiklaipeda.eu\/?post_type=product&#038;p=22686"},"modified":"2026-02-14T12:00:05","modified_gmt":"2026-02-14T10:00:05","slug":"wolans-bunny-baby-90","status":"publish","type":"product","link":"https:\/\/siulaiklaipeda.eu\/ru\/product\/wolans-bunny-baby-90\/","title":{"rendered":"Wolans Bunny Baby 90"},"content":{"rendered":"<ul class=\"wp-block-list\">\n<li>Sud\u0117tis : 100 % super soft&nbsp; poliesteris<\/li>\n\n\n\n<li>\u0414\u043b\u0438\u043d\u0430: 100 \u0433, 120 \u043c.<\/li>\n\n\n\n<li>\u0420\u0435\u043a\u043e\u043c\u0435\u043d\u0434\u0443\u0435\u043c\u0430\u044f \u043a\u0438\u0441\u0442\u044c: \u2116 4,5.<\/li>\n\n\n\n<li>\u0420\u0435\u043a\u043e\u043c\u0435\u043d\u0434\u0443\u0435\u043c\u044b\u0435 \u0441\u043f\u0438\u0446\u044b: \u2116 6.<\/li>\n\n\n\n<li>\u041f\u0440\u043e\u0438\u0437\u0432\u043e\u0434\u0438\u0442\u0435\u043b\u044c: Wolans Yarn, \u0422\u0443\u0440\u0446\u0438\u044f.<\/li>\n<\/ul>\n\n\n\n<p>Ypatingo \u0161velnumo&nbsp; pliu\u0161iniai si\u016blai \u017eaislams ,pledams ,megztiniams .<\/p>\n\n\n\n<p><\/p>","protected":false},"excerpt":{"rendered":"<p>Ypatingo \u0161velnumo&nbsp; pliu\u0161iniai si\u016blai \u017eaislams ,pledams ,megztiniams .<\/p>","protected":false},"featured_media":23067,"template":"","meta":[],"product_brand":[],"product_cat":[95,170],"product_tag":[],"class_list":{"0":"post-22686","1":"product","2":"type-product","3":"status-publish","4":"has-post-thumbnail","6":"product_cat-wolans-yarns","7":"product_cat-bunny-baby","9":"first","10":"instock","11":"taxable","12":"shipping-taxable","13":"purchasable","14":"product-type-simple"},"_links":{"self":[{"href":"https:\/\/siulaiklaipeda.eu\/ru\/wp-json\/wp\/v2\/product\/22686","targetHints":{"allow":["GET"]}}],"collection":[{"href":"https:\/\/siulaiklaipeda.eu\/ru\/wp-json\/wp\/v2\/product"}],"about":[{"href":"https:\/\/siulaiklaipeda.eu\/ru\/wp-json\/wp\/v2\/types\/product"}],"wp:featuredmedia":[{"embeddable":true,"href":"https:\/\/siulaiklaipeda.eu\/ru\/wp-json\/wp\/v2\/media\/23067"}],"wp:attachment":[{"href":"https:\/\/siulaiklaipeda.eu\/ru\/wp-json\/wp\/v2\/media?parent=22686"}],"wp:term":[{"taxonomy":"product_brand","embeddable":true,"href":"https:\/\/siulaiklaipeda.eu\/ru\/wp-json\/wp\/v2\/product_brand?post=22686"},{"taxonomy":"product_cat","embeddable":true,"href":"https:\/\/siulaiklaipeda.eu\/ru\/wp-json\/wp\/v2\/product_cat?post=22686"},{"taxonomy":"product_tag","embeddable":true,"href":"https:\/\/siulaiklaipeda.eu\/ru\/wp-json\/wp\/v2\/product_tag?post=22686"}],"curies":[{"name":"wp","href":"https:\/\/api.w.org\/{rel}","templated":true}]}}