{"id":22489,"date":"2025-11-01T13:46:26","date_gmt":"2025-11-01T11:46:26","guid":{"rendered":"https:\/\/siulaiklaipeda.eu\/?post_type=product&#038;p=22489"},"modified":"2026-01-29T19:23:49","modified_gmt":"2026-01-29T17:23:49","slug":"fibra-natura-dona-106-10","status":"publish","type":"product","link":"https:\/\/siulaiklaipeda.eu\/ru\/product\/fibra-natura-dona-106-10\/","title":{"rendered":"Fibra Natura Dona 106-10"},"content":{"rendered":"<ul class=\"wp-block-list\">\n<li>\u0421\u043e\u0441\u0442\u0430\u0432: 100 % \u043c\u0435\u0440\u0438\u043d\u043e\u0441\u043e\u0432\u0430\u044f \u0448\u0435\u0440\u0441\u0442\u044c Superwash.<\/li>\n\n\n\n<li>\u0414\u043b\u0438\u043d\u0430: 50 \u0433, 115 \u043c.<\/li>\n\n\n\n<li>\u041f\u0440\u043e\u0438\u0437\u0432\u043e\u0434\u0438\u0442\u0435\u043b\u044c: \u0424\u0438\u0431\u0440\u0430\u043d\u0430\u0442\u0443\u0440\u0430, \u0422\u0443\u0440\u0446\u0438\u044f.<\/li>\n<\/ul>\n\n\n\n<p>Tai prabang\u016bs&nbsp; merino&nbsp; vilnel\u0117s&nbsp; si\u016blai , skirti \u0161iltiems&nbsp; \u017eieminiams mezginiams . Si\u016blas ypatingai \u0161velnus , malonus liesti ,tolygaus&nbsp; verpimo ,nedirgina odos . Mezgasi labai lengvai , tinka&nbsp; \u012fvairiausi mezgimo&nbsp; ra\u0161tai . Fibranatura&nbsp; Dona &#8211; si\u016blas&nbsp; patiems ma\u017eiausiems&nbsp; vaikams ir suaugusiems.<\/p>","protected":false},"excerpt":{"rendered":"<p>Tai prabang\u016bs&nbsp; merino&nbsp; vilnel\u0117s&nbsp; si\u016blai , skirti \u0161iltiems&nbsp; \u017eieminiams mezginiams . Si\u016blas ypatingai \u0161velnus , malonus liesti ,tolygaus&nbsp; verpimo ,nedirgina odos . Mezgasi labai lengvai , tinka&nbsp; \u012fvairiausi mezgimo&nbsp; ra\u0161tai . Fibranatura&nbsp; Dona &#8211; si\u016blas&nbsp; patiems ma\u017eiausiems&nbsp; vaikams ir suaugusiems.<\/p>","protected":false},"featured_media":22532,"template":"","meta":[],"product_brand":[],"product_cat":[45,166,91,56,47],"product_tag":[],"class_list":{"0":"post-22489","1":"product","2":"type-product","3":"status-publish","4":"has-post-thumbnail","6":"product_cat-mezgimo-siulai","7":"product_cat-dona","8":"product_cat-fibra-natura","9":"product_cat-vaikiski-siulai","10":"product_cat-vilna","12":"first","13":"instock","14":"taxable","15":"shipping-taxable","16":"purchasable","17":"product-type-simple"},"_links":{"self":[{"href":"https:\/\/siulaiklaipeda.eu\/ru\/wp-json\/wp\/v2\/product\/22489","targetHints":{"allow":["GET"]}}],"collection":[{"href":"https:\/\/siulaiklaipeda.eu\/ru\/wp-json\/wp\/v2\/product"}],"about":[{"href":"https:\/\/siulaiklaipeda.eu\/ru\/wp-json\/wp\/v2\/types\/product"}],"wp:featuredmedia":[{"embeddable":true,"href":"https:\/\/siulaiklaipeda.eu\/ru\/wp-json\/wp\/v2\/media\/22532"}],"wp:attachment":[{"href":"https:\/\/siulaiklaipeda.eu\/ru\/wp-json\/wp\/v2\/media?parent=22489"}],"wp:term":[{"taxonomy":"product_brand","embeddable":true,"href":"https:\/\/siulaiklaipeda.eu\/ru\/wp-json\/wp\/v2\/product_brand?post=22489"},{"taxonomy":"product_cat","embeddable":true,"href":"https:\/\/siulaiklaipeda.eu\/ru\/wp-json\/wp\/v2\/product_cat?post=22489"},{"taxonomy":"product_tag","embeddable":true,"href":"https:\/\/siulaiklaipeda.eu\/ru\/wp-json\/wp\/v2\/product_tag?post=22489"}],"curies":[{"name":"wp","href":"https:\/\/api.w.org\/{rel}","templated":true}]}}