{"id":21665,"date":"2025-10-03T16:47:53","date_gmt":"2025-10-03T14:47:53","guid":{"rendered":"https:\/\/siulaiklaipeda.eu\/?post_type=product&#038;p=21665"},"modified":"2026-02-11T14:40:29","modified_gmt":"2026-02-11T12:40:29","slug":"midara-angora2-735","status":"publish","type":"product","link":"https:\/\/siulaiklaipeda.eu\/ru\/product\/midara-angora2-735\/","title":{"rendered":"Midara Angora2-735"},"content":{"rendered":"<p><strong>ANGORA 2<\/strong> \u2013 lengvi, \u0161veln\u016bs ir pur\u016bs si\u016blai su mohera ir vilna. Jie suteikia mezginiams jaukumo, \u0161ilumos ir elegancijos. Puikiai tinka megztiniams, skaroms, \u0161alikams ar lengviems kardiganams.<\/p>\n\n\n\n<ul class=\"wp-block-list\">\n<li>Sud\u0117tis: 50 % mohera, 20 % jauna vilna,30 % akrilas <\/li>\n\n\n\n<li>Svoris: 100 g \u2248 750 m<\/li>\n\n\n\n<li>Virbalai: rekomenduojami 2,5\u20133,5 mm ,pagal norim\u0105 purum\u0105<\/li>\n<\/ul>\n\n\n\n<p>Privalumai: mezginys gaunasi lengvas, \u0161iltas, gra\u017eiai krentantis, puikiai tinka sluoksnia<\/p>","protected":false},"excerpt":{"rendered":"<p>ANGORA 2 \u2013 lengvi, \u0161veln\u016bs ir pur\u016bs si\u016blai su mohera ir vilna. Jie suteikia mezginiams jaukumo, \u0161ilumos ir elegancijos. Puikiai tinka megztiniams, skaroms, \u0161alikams ar lengviems kardiganams. Privalumai: mezginys gaunasi lengvas, \u0161iltas, gra\u017eiai krentantis, puikiai tinka sluoksnia<\/p>","protected":false},"featured_media":24588,"template":"","meta":[],"product_brand":[],"product_cat":[255,262],"product_tag":[],"class_list":{"0":"post-21665","1":"product","2":"type-product","3":"status-publish","4":"has-post-thumbnail","6":"product_cat-midara","7":"product_cat-angora-2","9":"first","10":"instock","11":"taxable","12":"shipping-taxable","13":"purchasable","14":"product-type-simple"},"_links":{"self":[{"href":"https:\/\/siulaiklaipeda.eu\/ru\/wp-json\/wp\/v2\/product\/21665","targetHints":{"allow":["GET"]}}],"collection":[{"href":"https:\/\/siulaiklaipeda.eu\/ru\/wp-json\/wp\/v2\/product"}],"about":[{"href":"https:\/\/siulaiklaipeda.eu\/ru\/wp-json\/wp\/v2\/types\/product"}],"wp:featuredmedia":[{"embeddable":true,"href":"https:\/\/siulaiklaipeda.eu\/ru\/wp-json\/wp\/v2\/media\/24588"}],"wp:attachment":[{"href":"https:\/\/siulaiklaipeda.eu\/ru\/wp-json\/wp\/v2\/media?parent=21665"}],"wp:term":[{"taxonomy":"product_brand","embeddable":true,"href":"https:\/\/siulaiklaipeda.eu\/ru\/wp-json\/wp\/v2\/product_brand?post=21665"},{"taxonomy":"product_cat","embeddable":true,"href":"https:\/\/siulaiklaipeda.eu\/ru\/wp-json\/wp\/v2\/product_cat?post=21665"},{"taxonomy":"product_tag","embeddable":true,"href":"https:\/\/siulaiklaipeda.eu\/ru\/wp-json\/wp\/v2\/product_tag?post=21665"}],"curies":[{"name":"wp","href":"https:\/\/api.w.org\/{rel}","templated":true}]}}