{"id":20995,"date":"2025-09-09T16:01:43","date_gmt":"2025-09-09T14:01:43","guid":{"rendered":"https:\/\/siulaiklaipeda.eu\/?post_type=product&#038;p=20995"},"modified":"2026-04-12T11:26:30","modified_gmt":"2026-04-12T08:26:30","slug":"gazzal-alpaca-air-91","status":"publish","type":"product","link":"https:\/\/siulaiklaipeda.eu\/ru\/product\/gazzal-alpaca-air-91\/","title":{"rendered":"Gazzal Alpaca Air 91"},"content":{"rendered":"<p><strong>GAZZAL Alpaca Air<\/strong> \u2013 prabangus purumo ir \u0161ilumos derinys! <br>\u0160ie si\u016blai pagaminti i\u0161 itin \u0161velnaus alpakos, merino vilnos ir poliamido mi\u0161inio. Jie ypatingai lengvi, pur\u016bs, mink\u0161ti, tod\u0117l idealiai tinka megzti megztiniams, skaroms, \u0161alikams ar kepur\u0117ms.<br>Tvirti, bet \u0161veln\u016bs prie odos \u2013 tikra \u017eiemos svajon\u0117!<\/p>\n\n\n\n<p><strong>Sud\u0117tis:<\/strong> 58 %  baby alpak\u0173 vilna, 14 %  australijos merino vilna, 28 % poliamidas<br> <strong>Svoris\/ilgis:<\/strong> 50 g ~ 150  m<br> <strong>Rekomenduojami virbalai:<\/strong> 4-5  mm<br> <strong>Prie\u017ei\u016bra:<\/strong> Rekomenduojamas rank\u0173 plovimas<\/p>","protected":false},"excerpt":{"rendered":"<p>GAZZAL Alpaca Air \u2013 prabangus purumo ir \u0161ilumos derinys! \u0160ie si\u016blai pagaminti i\u0161 itin \u0161velnaus alpakos, merino vilnos ir poliamido mi\u0161inio. Jie ypatingai lengvi, pur\u016bs, mink\u0161ti, tod\u0117l idealiai tinka megzti megztiniams, skaroms, \u0161alikams ar kepur\u0117ms.Tvirti, bet \u0161veln\u016bs prie odos \u2013 tikra \u017eiemos svajon\u0117! Sud\u0117tis: 58 % baby alpak\u0173 vilna, 14 % australijos merino vilna, 28 [&hellip;]<\/p>","protected":false},"featured_media":21013,"template":"","meta":[],"product_brand":[],"product_cat":[97,204,55],"product_tag":[],"class_list":{"0":"post-20995","1":"product","2":"type-product","3":"status-publish","4":"has-post-thumbnail","6":"product_cat-gazzal","7":"product_cat-alpaca-air","8":"product_cat-alpaka","10":"first","11":"instock","12":"taxable","13":"shipping-taxable","14":"purchasable","15":"product-type-simple"},"_links":{"self":[{"href":"https:\/\/siulaiklaipeda.eu\/ru\/wp-json\/wp\/v2\/product\/20995","targetHints":{"allow":["GET"]}}],"collection":[{"href":"https:\/\/siulaiklaipeda.eu\/ru\/wp-json\/wp\/v2\/product"}],"about":[{"href":"https:\/\/siulaiklaipeda.eu\/ru\/wp-json\/wp\/v2\/types\/product"}],"wp:featuredmedia":[{"embeddable":true,"href":"https:\/\/siulaiklaipeda.eu\/ru\/wp-json\/wp\/v2\/media\/21013"}],"wp:attachment":[{"href":"https:\/\/siulaiklaipeda.eu\/ru\/wp-json\/wp\/v2\/media?parent=20995"}],"wp:term":[{"taxonomy":"product_brand","embeddable":true,"href":"https:\/\/siulaiklaipeda.eu\/ru\/wp-json\/wp\/v2\/product_brand?post=20995"},{"taxonomy":"product_cat","embeddable":true,"href":"https:\/\/siulaiklaipeda.eu\/ru\/wp-json\/wp\/v2\/product_cat?post=20995"},{"taxonomy":"product_tag","embeddable":true,"href":"https:\/\/siulaiklaipeda.eu\/ru\/wp-json\/wp\/v2\/product_tag?post=20995"}],"curies":[{"name":"wp","href":"https:\/\/api.w.org\/{rel}","templated":true}]}}