{"id":20928,"date":"2025-09-05T16:16:55","date_gmt":"2025-09-05T14:16:55","guid":{"rendered":"https:\/\/siulaiklaipeda.eu\/?post_type=product&#038;p=20928"},"modified":"2026-04-19T08:53:27","modified_gmt":"2026-04-19T05:53:27","slug":"gazzal-sisley-5730","status":"publish","type":"product","link":"https:\/\/siulaiklaipeda.eu\/ru\/product\/gazzal-sisley-5730\/","title":{"rendered":"Gazzal Sisley 5730"},"content":{"rendered":"<p>\u201eGazzal Sisley\u201c \u2013 prabangus, subtiliai blizgus si\u016blas, puikiai tinkantis megzti lengvus bei eleganti\u0161kus drabu\u017eius ar aksesuarus. D\u0117l savo sud\u0117ties si\u016blai yra \u0161veln\u016bs, malon\u016bs odai ir suteikia mezginiui ypatingo \u017eavesio bei modernumo.<\/p>\n\n\n\n<p class=\"has-text-align-left\">58% Australijos merino vilnos,<br>42% viskoz\u0117s   ,50 g \/ 105 m.<\/p>\n\n\n\n<p class=\"has-text-align-left\">Gamintojas Gazzal,Turkija<\/p>","protected":false},"excerpt":{"rendered":"<p>\u201eGazzal Sisley\u201c \u2013 prabangus, subtiliai blizgus si\u016blas, puikiai tinkantis megzti lengvus bei eleganti\u0161kus drabu\u017eius ar aksesuarus. D\u0117l savo sud\u0117ties si\u016blai yra \u0161veln\u016bs, malon\u016bs odai ir suteikia mezginiui ypatingo \u017eavesio bei modernumo. 58% Australijos merino vilnos,42% viskoz\u0117s ,50 g \/ 105 m. Gamintojas Gazzal,Turkija<\/p>","protected":false},"featured_media":20929,"template":"","meta":[],"product_brand":[],"product_cat":[97,268],"product_tag":[],"class_list":{"0":"post-20928","1":"product","2":"type-product","3":"status-publish","4":"has-post-thumbnail","6":"product_cat-gazzal","7":"product_cat-sisley","9":"first","10":"instock","11":"taxable","12":"shipping-taxable","13":"purchasable","14":"product-type-simple"},"_links":{"self":[{"href":"https:\/\/siulaiklaipeda.eu\/ru\/wp-json\/wp\/v2\/product\/20928","targetHints":{"allow":["GET"]}}],"collection":[{"href":"https:\/\/siulaiklaipeda.eu\/ru\/wp-json\/wp\/v2\/product"}],"about":[{"href":"https:\/\/siulaiklaipeda.eu\/ru\/wp-json\/wp\/v2\/types\/product"}],"wp:featuredmedia":[{"embeddable":true,"href":"https:\/\/siulaiklaipeda.eu\/ru\/wp-json\/wp\/v2\/media\/20929"}],"wp:attachment":[{"href":"https:\/\/siulaiklaipeda.eu\/ru\/wp-json\/wp\/v2\/media?parent=20928"}],"wp:term":[{"taxonomy":"product_brand","embeddable":true,"href":"https:\/\/siulaiklaipeda.eu\/ru\/wp-json\/wp\/v2\/product_brand?post=20928"},{"taxonomy":"product_cat","embeddable":true,"href":"https:\/\/siulaiklaipeda.eu\/ru\/wp-json\/wp\/v2\/product_cat?post=20928"},{"taxonomy":"product_tag","embeddable":true,"href":"https:\/\/siulaiklaipeda.eu\/ru\/wp-json\/wp\/v2\/product_tag?post=20928"}],"curies":[{"name":"wp","href":"https:\/\/api.w.org\/{rel}","templated":true}]}}