{"id":20860,"date":"2025-09-05T15:50:54","date_gmt":"2025-09-05T13:50:54","guid":{"rendered":"https:\/\/siulaiklaipeda.eu\/?post_type=product&#038;p=20860"},"modified":"2026-01-23T14:12:02","modified_gmt":"2026-01-23T12:12:02","slug":"gazzal-merino-boucle-3765","status":"publish","type":"product","link":"https:\/\/siulaiklaipeda.eu\/ru\/product\/gazzal-merino-boucle-3765\/","title":{"rendered":"Gazzal Merino Boucle 3765"},"content":{"rendered":"<p>Gazzal Merino Boucle\u201c \u2013 tai ypatingai \u0161iltas, purutis ir mink\u0161tas si\u016blas, pagamintas i\u0161 100 % australijos  merino vilnos (Superwash). D\u0117l savo \u201eboucle\u201c tekst\u016bros mezginiai atrodo i\u0161rai\u0161kingi, p\u016bkuoti ir modern\u016bs, o \u0161velnus si\u016blo pavir\u0161ius suteikia jaukumo bei komforto.<\/p>\n\n\n\n<p>Svoris: 100 g<\/p>\n\n\n\n<p>Ilgis: ~120 m<\/p>\n\n\n\n<p>Rekomenduojami virbalai: 8,0 mm<\/p>\n\n\n\n<p>Rekomenduojamas v\u0105\u0161elis: 7,0 mm<\/p>\n\n\n\n<p>Idealiai tinka megzti  megztinius, kardiganus, liemenes, \u0161alikus, kepures, pledus ir kitus \u0161iltus gaminius. Boucle si\u016blas suteikia i\u0161skirtin\u012f, puraus mezginio  efekt\u0105 net ir papras\u010diausiame ra\u0161te, tod\u0117l mezginiai atrodo \u012fsp\u016bdingai be dideli\u0173 pastang\u0173.<\/p>","protected":false},"excerpt":{"rendered":"<p>Gazzal Merino Boucle\u201c \u2013 tai ypatingai \u0161iltas, purutis ir mink\u0161tas si\u016blas, pagamintas i\u0161 100 % australijos merino vilnos (Superwash). D\u0117l savo \u201eboucle\u201c tekst\u016bros mezginiai atrodo i\u0161rai\u0161kingi, p\u016bkuoti ir modern\u016bs, o \u0161velnus si\u016blo pavir\u0161ius suteikia jaukumo bei komforto. Svoris: 100 g Ilgis: ~120 m Rekomenduojami virbalai: 8,0 mm Rekomenduojamas v\u0105\u0161elis: 7,0 mm Idealiai tinka megzti megztinius, [&hellip;]<\/p>","protected":false},"featured_media":20861,"template":"","meta":[],"product_brand":[],"product_cat":[97,267],"product_tag":[],"class_list":{"0":"post-20860","1":"product","2":"type-product","3":"status-publish","4":"has-post-thumbnail","6":"product_cat-gazzal","7":"product_cat-merino-boucle","9":"first","10":"outofstock","11":"taxable","12":"shipping-taxable","13":"purchasable","14":"product-type-simple"},"_links":{"self":[{"href":"https:\/\/siulaiklaipeda.eu\/ru\/wp-json\/wp\/v2\/product\/20860","targetHints":{"allow":["GET"]}}],"collection":[{"href":"https:\/\/siulaiklaipeda.eu\/ru\/wp-json\/wp\/v2\/product"}],"about":[{"href":"https:\/\/siulaiklaipeda.eu\/ru\/wp-json\/wp\/v2\/types\/product"}],"wp:featuredmedia":[{"embeddable":true,"href":"https:\/\/siulaiklaipeda.eu\/ru\/wp-json\/wp\/v2\/media\/20861"}],"wp:attachment":[{"href":"https:\/\/siulaiklaipeda.eu\/ru\/wp-json\/wp\/v2\/media?parent=20860"}],"wp:term":[{"taxonomy":"product_brand","embeddable":true,"href":"https:\/\/siulaiklaipeda.eu\/ru\/wp-json\/wp\/v2\/product_brand?post=20860"},{"taxonomy":"product_cat","embeddable":true,"href":"https:\/\/siulaiklaipeda.eu\/ru\/wp-json\/wp\/v2\/product_cat?post=20860"},{"taxonomy":"product_tag","embeddable":true,"href":"https:\/\/siulaiklaipeda.eu\/ru\/wp-json\/wp\/v2\/product_tag?post=20860"}],"curies":[{"name":"wp","href":"https:\/\/api.w.org\/{rel}","templated":true}]}}