{"id":20840,"date":"2025-09-05T15:39:32","date_gmt":"2025-09-05T13:39:32","guid":{"rendered":"https:\/\/siulaiklaipeda.eu\/?post_type=product&#038;p=20840"},"modified":"2026-01-22T09:48:40","modified_gmt":"2026-01-22T07:48:40","slug":"gazzal-baby-alpaca-46031","status":"publish","type":"product","link":"https:\/\/siulaiklaipeda.eu\/ru\/product\/gazzal-baby-alpaca-46031\/","title":{"rendered":"Gazzal Baby Alpaca 46031"},"content":{"rendered":"<p>Atraskite ypating\u0105 \u0161velnum\u0105 ir prabang\u0105 su <strong>Gazzal Baby Alpaca<\/strong> si\u016blais!<br>\u0160is si\u016blas sukurtas i\u0161 kruop\u0161\u010diai atrinkto pluo\u0161t\u0173 derinio \u2013 55% Baby Alpaca ir 45% Superwash Merino Fine vilna. Abu pluo\u0161tai papildo vienas kit\u0105: alpaka suteikia \u0161ilumos, mink\u0161tumo ir lengvumo, o merino vilna \u2013 elastingumo, ilgaam\u017ei\u0161kumo ir prakti\u0161kumo.<\/p>\n\n\n\n<ul class=\"wp-block-list\">\n<li>Sud\u0117tis: 55% Baby Alpaca, 45% Superwash Merino Fine<\/li>\n\n\n\n<li>Kamuoliuko svoris: 50 g<\/li>\n\n\n\n<li>Ilgis: ~150 m<\/li>\n\n\n\n<li>Rekomenduojami virbalai: 3,0 \u2013 3,5 mm<\/li>\n\n\n\n<li>Prie\u017ei\u016bra: skalbti rankomis arba \u0161velniu re\u017eimu, ned\u017eiovinti d\u017eiovykl\u0117je<\/li>\n<\/ul>\n\n\n\n<p>\u201eGazzal Baby Alpaca\u201c \u2013 tai si\u016blai, kurie prad\u017eiugins kiekvien\u0105 mezg\u0117j\u0105, ie\u0161kan\u010di\u0105 kompromiso tarp prabangos, prakti\u0161kumo ir jaukumo. Jie ypa\u010d tinka <strong>rudens\u2013\u017eiemos<\/strong> sezono mezginiams, kai norisi \u0161ilumos, bet nenorite sunki\u0173, grem\u0117zdi\u0161k\u0173 drabu\u017ei\u0173.Puikiai tinka jautresn\u0117s odos suaugusii\u0173 ir vaik\u0173  mezginiams <\/p>\n\n\n\n<p>\u0160is si\u016blas tinka tiek smulkiems aksesuarams (kepur\u0117ms, pir\u0161tin\u0117ms, \u0161alikams), tiek didesniems drabu\u017eiams (megztiniams, kardiganams).<\/p>","protected":false},"excerpt":{"rendered":"<p>Atraskite ypating\u0105 \u0161velnum\u0105 ir prabang\u0105 su Gazzal Baby Alpaca si\u016blais!\u0160is si\u016blas sukurtas i\u0161 kruop\u0161\u010diai atrinkto pluo\u0161t\u0173 derinio \u2013 55% Baby Alpaca ir 45% Superwash Merino Fine vilna. Abu pluo\u0161tai papildo vienas kit\u0105: alpaka suteikia \u0161ilumos, mink\u0161tumo ir lengvumo, o merino vilna \u2013 elastingumo, ilgaam\u017ei\u0161kumo ir prakti\u0161kumo. \u201eGazzal Baby Alpaca\u201c \u2013 tai si\u016blai, kurie prad\u017eiugins kiekvien\u0105 [&hellip;]<\/p>","protected":false},"featured_media":23444,"template":"","meta":[],"product_brand":[],"product_cat":[97,266,254],"product_tag":[],"class_list":{"0":"post-20840","1":"product","2":"type-product","3":"status-publish","4":"has-post-thumbnail","6":"product_cat-gazzal","7":"product_cat-baby-alpaca","8":"product_cat-ispardavimas","10":"first","11":"instock","12":"sale","13":"taxable","14":"shipping-taxable","15":"purchasable","16":"product-type-simple"},"_links":{"self":[{"href":"https:\/\/siulaiklaipeda.eu\/ru\/wp-json\/wp\/v2\/product\/20840","targetHints":{"allow":["GET"]}}],"collection":[{"href":"https:\/\/siulaiklaipeda.eu\/ru\/wp-json\/wp\/v2\/product"}],"about":[{"href":"https:\/\/siulaiklaipeda.eu\/ru\/wp-json\/wp\/v2\/types\/product"}],"wp:featuredmedia":[{"embeddable":true,"href":"https:\/\/siulaiklaipeda.eu\/ru\/wp-json\/wp\/v2\/media\/23444"}],"wp:attachment":[{"href":"https:\/\/siulaiklaipeda.eu\/ru\/wp-json\/wp\/v2\/media?parent=20840"}],"wp:term":[{"taxonomy":"product_brand","embeddable":true,"href":"https:\/\/siulaiklaipeda.eu\/ru\/wp-json\/wp\/v2\/product_brand?post=20840"},{"taxonomy":"product_cat","embeddable":true,"href":"https:\/\/siulaiklaipeda.eu\/ru\/wp-json\/wp\/v2\/product_cat?post=20840"},{"taxonomy":"product_tag","embeddable":true,"href":"https:\/\/siulaiklaipeda.eu\/ru\/wp-json\/wp\/v2\/product_tag?post=20840"}],"curies":[{"name":"wp","href":"https:\/\/api.w.org\/{rel}","templated":true}]}}