{"id":20506,"date":"2025-08-21T18:09:44","date_gmt":"2025-08-21T16:09:44","guid":{"rendered":"https:\/\/siulaiklaipeda.eu\/?post_type=product&#038;p=20506"},"modified":"2026-01-25T21:44:52","modified_gmt":"2026-01-25T19:44:52","slug":"midara-merino-soft-6-3-107","status":"publish","type":"product","link":"https:\/\/siulaiklaipeda.eu\/ru\/product\/midara-merino-soft-6-3-107\/","title":{"rendered":"Midara Merino Soft 6\/3-107"},"content":{"rendered":"<p><strong>Merino Soft 6\/3 \u2013 100% merino vilna<\/strong><\/p>\n\n\n\n<p>Mink\u0161ta, \u0161velni ir \u0161ilta 100% merino vilnel\u0117, puikiai tinkanti megzti tiek kasdienius, tiek ypatingus gaminius. Merino vilna pasi\u017eymi nat\u016braliu elastingumu, \u0161velnumu bei oro laidumu, tod\u0117l mezginiai bus jauk\u016bs ir patog\u016bs d\u0117v\u0117ti.<\/p>\n\n\n\n<p>Tinka megzti megztiniams, \u0161alikams, kepur\u0117ms, skaroms bei vaiki\u0161kiems drabu\u017e\u0117liams \u2013 nekanda ir maloniai priglunda prie odos.<\/p>\n\n\n\n<ul class=\"wp-block-list\">\n<li>Sud\u0117tis: 100% merino vilna<\/li>\n\n\n\n<li>Svoris: 100 g<\/li>\n\n\n\n<li>Ilgis: apie 200 m<\/li>\n\n\n\n<li>Virbalai: 2,5\u20133.5 mm<\/li>\n<\/ul>\n\n\n\n<p>Rinkit\u0117s kokyb\u0119 ir nat\u016bralum\u0105 \u2013 su \u0161ia merino vilnele J\u016bs\u0173 mezginiai bus ypatingai \u0161veln\u016bs ir ilgaam\u017eiai<\/p>","protected":false},"excerpt":{"rendered":"<p>Merino Soft 6\/3 \u2013 100% merino vilna Mink\u0161ta, \u0161velni ir \u0161ilta 100% merino vilnel\u0117, puikiai tinkanti megzti tiek kasdienius, tiek ypatingus gaminius. Merino vilna pasi\u017eymi nat\u016braliu elastingumu, \u0161velnumu bei oro laidumu, tod\u0117l mezginiai bus jauk\u016bs ir patog\u016bs d\u0117v\u0117ti. Tinka megzti megztiniams, \u0161alikams, kepur\u0117ms, skaroms bei vaiki\u0161kiems drabu\u017e\u0117liams \u2013 nekanda ir maloniai priglunda prie odos. Rinkit\u0117s [&hellip;]<\/p>","protected":false},"featured_media":20508,"template":"","meta":[],"product_brand":[],"product_cat":[255,264,47],"product_tag":[],"class_list":{"0":"post-20506","1":"product","2":"type-product","3":"status-publish","4":"has-post-thumbnail","6":"product_cat-midara","7":"product_cat-merino-soft","8":"product_cat-vilna","10":"first","11":"outofstock","12":"taxable","13":"shipping-taxable","14":"purchasable","15":"product-type-simple"},"_links":{"self":[{"href":"https:\/\/siulaiklaipeda.eu\/ru\/wp-json\/wp\/v2\/product\/20506","targetHints":{"allow":["GET"]}}],"collection":[{"href":"https:\/\/siulaiklaipeda.eu\/ru\/wp-json\/wp\/v2\/product"}],"about":[{"href":"https:\/\/siulaiklaipeda.eu\/ru\/wp-json\/wp\/v2\/types\/product"}],"wp:featuredmedia":[{"embeddable":true,"href":"https:\/\/siulaiklaipeda.eu\/ru\/wp-json\/wp\/v2\/media\/20508"}],"wp:attachment":[{"href":"https:\/\/siulaiklaipeda.eu\/ru\/wp-json\/wp\/v2\/media?parent=20506"}],"wp:term":[{"taxonomy":"product_brand","embeddable":true,"href":"https:\/\/siulaiklaipeda.eu\/ru\/wp-json\/wp\/v2\/product_brand?post=20506"},{"taxonomy":"product_cat","embeddable":true,"href":"https:\/\/siulaiklaipeda.eu\/ru\/wp-json\/wp\/v2\/product_cat?post=20506"},{"taxonomy":"product_tag","embeddable":true,"href":"https:\/\/siulaiklaipeda.eu\/ru\/wp-json\/wp\/v2\/product_tag?post=20506"}],"curies":[{"name":"wp","href":"https:\/\/api.w.org\/{rel}","templated":true}]}}