{"id":20127,"date":"2025-08-06T11:28:11","date_gmt":"2025-08-06T09:28:11","guid":{"rendered":"https:\/\/siulaiklaipeda.eu\/?post_type=product&#038;p=20127"},"modified":"2026-03-25T08:35:48","modified_gmt":"2026-03-25T06:35:48","slug":"gazzal-exclusive-9904","status":"publish","type":"product","link":"https:\/\/siulaiklaipeda.eu\/ru\/product\/gazzal-exclusive-9904\/","title":{"rendered":"Gazzal Exclusive 9904"},"content":{"rendered":"<p><strong>Gazzal Exclusive<\/strong> \u2013 prabanga tavo mezginiui! <br>\u0160ie auk\u0161tos kokyb\u0117s si\u016blai sukurti tikram mezgimo malonumui \u2013 lengvi, \u0161veln\u016bs ir be galo eleganti\u0161ki. Tobulai tinka tiek kasdieniams mezginiams, tiek ypatingiems projektams, kuriuose norisi i\u0161skirtinumo.<\/p>\n\n\n\n<p><strong>Sud\u0117tis:<\/strong><br>\u2022 60% Superwash merino vilna<br>\u2022 10% Super Kid mohera<br>\u2022 30% \u0160ilkas<\/p>\n\n\n\n<p> <strong>Svoris \/ Ilgis:<\/strong> 25 g = apie 200 m<br> <strong>Rekomenduojami virbalai:<\/strong> 2\u20133 mm<br> Skalbti rankomis (d\u0117l \u0161ilko ir moheros \u2013 reikalinga \u0161velni prie\u017ei\u016bra)<\/p>\n\n\n\n<p> <em>Si\u016blai itin \u0161veln\u016bs, subtiliai blizga, o mezginiai i\u0161 j\u0173 d\u017eiugina lengvumu ir puikia forma. Idealiai tinka megztukams, skaroms, palaidin\u0117ms ar aksesuarams.<\/em><\/p>\n\n\n\n<p>Idealiai tinka miksuoti su Gazzal Super kid mohair.<\/p>\n\n\n\n<p>D\u0117l skirting\u0173 monitori\u0173,spalva gali ne\u017eymiai skirtis.<\/p>\n\n\n\n<p><\/p>\n\n\n\n<p><\/p>","protected":false},"excerpt":{"rendered":"<p>Gazzal Exclusive \u2013 prabanga tavo mezginiui! \u0160ie auk\u0161tos kokyb\u0117s si\u016blai sukurti tikram mezgimo malonumui \u2013 lengvi, \u0161veln\u016bs ir be galo eleganti\u0161ki. Tobulai tinka tiek kasdieniams mezginiams, tiek ypatingiems projektams, kuriuose norisi i\u0161skirtinumo. Sud\u0117tis:\u2022 60% Superwash merino vilna\u2022 10% Super Kid mohera\u2022 30% \u0160ilkas Svoris \/ Ilgis: 25 g = apie 200 m Rekomenduojami virbalai: 2\u20133 [&hellip;]<\/p>","protected":false},"featured_media":23408,"template":"","meta":[],"product_brand":[],"product_cat":[97,260,165],"product_tag":[],"class_list":{"0":"post-20127","1":"product","2":"type-product","3":"status-publish","4":"has-post-thumbnail","6":"product_cat-gazzal","7":"product_cat-exclusive","8":"product_cat-mohera-su-silku","10":"first","11":"instock","12":"taxable","13":"shipping-taxable","14":"purchasable","15":"product-type-simple"},"_links":{"self":[{"href":"https:\/\/siulaiklaipeda.eu\/ru\/wp-json\/wp\/v2\/product\/20127","targetHints":{"allow":["GET"]}}],"collection":[{"href":"https:\/\/siulaiklaipeda.eu\/ru\/wp-json\/wp\/v2\/product"}],"about":[{"href":"https:\/\/siulaiklaipeda.eu\/ru\/wp-json\/wp\/v2\/types\/product"}],"wp:featuredmedia":[{"embeddable":true,"href":"https:\/\/siulaiklaipeda.eu\/ru\/wp-json\/wp\/v2\/media\/23408"}],"wp:attachment":[{"href":"https:\/\/siulaiklaipeda.eu\/ru\/wp-json\/wp\/v2\/media?parent=20127"}],"wp:term":[{"taxonomy":"product_brand","embeddable":true,"href":"https:\/\/siulaiklaipeda.eu\/ru\/wp-json\/wp\/v2\/product_brand?post=20127"},{"taxonomy":"product_cat","embeddable":true,"href":"https:\/\/siulaiklaipeda.eu\/ru\/wp-json\/wp\/v2\/product_cat?post=20127"},{"taxonomy":"product_tag","embeddable":true,"href":"https:\/\/siulaiklaipeda.eu\/ru\/wp-json\/wp\/v2\/product_tag?post=20127"}],"curies":[{"name":"wp","href":"https:\/\/api.w.org\/{rel}","templated":true}]}}