{"id":19963,"date":"2025-08-01T12:11:52","date_gmt":"2025-08-01T10:11:52","guid":{"rendered":"https:\/\/siulaiklaipeda.eu\/?post_type=product&#038;p=19963"},"modified":"2026-02-11T10:58:15","modified_gmt":"2026-02-11T08:58:15","slug":"alize-mohair-classic-620","status":"publish","type":"product","link":"https:\/\/siulaiklaipeda.eu\/ru\/product\/alize-mohair-classic-620\/","title":{"rendered":"Alize Mohair Classic 620"},"content":{"rendered":"<ul class=\"wp-block-list\">\n<li>\u0421\u043e\u0441\u0442\u0430\u0432: 25 1\u0422\u041f3\u0422 \u0448\u0435\u0440\u0441\u0442\u044c, 24 1\u0422\u041f3\u0422 \u043c\u043e\u0445\u0435\u0440, 51 1\u0422\u041f3\u0422 \u0430\u043a\u0440\u0438\u043b.<\/li>\n\n\n\n<li>\u0414\u043b\u0438\u043d\u0430: 100 \u0433, 200 \u043c.<\/li>\n\n\n\n<li>\u0420\u0435\u043a\u043e\u043c\u0435\u043d\u0434\u0443\u0435\u043c\u044b\u0435 \u0438\u0433\u043b\u044b: 5-7.<\/li>\n\n\n\n<li>\u0420\u0435\u043a\u043e\u043c\u0435\u043d\u0434\u0443\u0435\u043c\u044b\u0435 \u043a\u0430\u043f\u0441\u0443\u043b\u044b: 2\u20134<\/li>\n\n\n\n<li>\u041f\u0440\u043e\u0438\u0437\u0432\u043e\u0434\u0438\u0442\u0435\u043b\u044c: \u0410\u043b\u0438\u0437\u0435, \u0422\u0443\u0440\u0446\u0438\u044f.<\/li>\n<\/ul>\n\n\n\n<p>Si\u016blas ,turintis ilg\u0105 plauk\u0105 ,nuostabiai atrodantis&nbsp; mezginiuose .\u0160iam si\u016blui nereikia rinktis ra\u0161t\u0173 ,puikiai tinka ir lygus mezgimas .Galima&nbsp; megzti&nbsp; kepures , \u0161alikus , kojines , liemenes megztinius .Mezginiai bus labai \u0161ilti ir ilgaam\u017eiai .<\/p>\n\n\n\n<p>D\u0117l skirting\u0173 monitori\u0173 , atspalviai&nbsp; gali ne\u017eymiai skirtis<\/p>","protected":false},"excerpt":{"rendered":"<p>Si\u016blas ,turintis ilg\u0105 plauk\u0105 ,nuostabiai atrodantis&nbsp; mezginiuose .\u0160iam si\u016blui nereikia rinktis ra\u0161t\u0173 ,puikiai tinka ir lygus mezgimas .Galima&nbsp; megzti&nbsp; kepures , \u0161alikus , kojines , liemenes megztinius .Mezginiai bus labai \u0161ilti ir ilgaam\u017eiai . D\u0117l skirting\u0173 monitori\u0173 , atspalviai&nbsp; gali ne\u017eymiai skirtis<\/p>","protected":false},"featured_media":24765,"template":"","meta":[],"product_brand":[],"product_cat":[92,133,49],"product_tag":[],"class_list":{"0":"post-19963","1":"product","2":"type-product","3":"status-publish","4":"has-post-thumbnail","6":"product_cat-alize","7":"product_cat-mohair-classic","8":"product_cat-mohera","10":"first","11":"instock","12":"taxable","13":"shipping-taxable","14":"purchasable","15":"product-type-simple"},"_links":{"self":[{"href":"https:\/\/siulaiklaipeda.eu\/ru\/wp-json\/wp\/v2\/product\/19963","targetHints":{"allow":["GET"]}}],"collection":[{"href":"https:\/\/siulaiklaipeda.eu\/ru\/wp-json\/wp\/v2\/product"}],"about":[{"href":"https:\/\/siulaiklaipeda.eu\/ru\/wp-json\/wp\/v2\/types\/product"}],"wp:featuredmedia":[{"embeddable":true,"href":"https:\/\/siulaiklaipeda.eu\/ru\/wp-json\/wp\/v2\/media\/24765"}],"wp:attachment":[{"href":"https:\/\/siulaiklaipeda.eu\/ru\/wp-json\/wp\/v2\/media?parent=19963"}],"wp:term":[{"taxonomy":"product_brand","embeddable":true,"href":"https:\/\/siulaiklaipeda.eu\/ru\/wp-json\/wp\/v2\/product_brand?post=19963"},{"taxonomy":"product_cat","embeddable":true,"href":"https:\/\/siulaiklaipeda.eu\/ru\/wp-json\/wp\/v2\/product_cat?post=19963"},{"taxonomy":"product_tag","embeddable":true,"href":"https:\/\/siulaiklaipeda.eu\/ru\/wp-json\/wp\/v2\/product_tag?post=19963"}],"curies":[{"name":"wp","href":"https:\/\/api.w.org\/{rel}","templated":true}]}}