{"id":19713,"date":"2025-07-18T15:24:49","date_gmt":"2025-07-18T13:24:49","guid":{"rendered":"https:\/\/siulaiklaipeda.eu\/?post_type=product&#038;p=19713"},"modified":"2025-09-25T18:06:02","modified_gmt":"2025-09-25T16:06:02","slug":"princess-mohair-165","status":"publish","type":"product","link":"https:\/\/siulaiklaipeda.eu\/ru\/product\/princess-mohair-165\/","title":{"rendered":"Princess Mohair 165"},"content":{"rendered":"<p>Sud\u0117tis &#8211; 33 % moheris , 30 % ppliamidas , 37 % poliesteris<\/p>\n\n\n\n<p>25g ,apie 230-235 m <\/p>\n\n\n\n<p>Princess Mohair -p\u016bkuoti,\u0161veln\u016bs kaip debes\u0117lis si\u016blai,puikiai tinka lengviems megztiniams ,skaraist\u0117ms, \u0161alikams.<\/p>\n\n\n\n<p>Mezginiai bus itin lengvi ,bet \u0161ilti.<\/p>","protected":false},"excerpt":{"rendered":"<p>Sud\u0117tis &#8211; 33 % moheris , 30 % ppliamidas , 37 % poliesteris 25g ,apie 230-235 m Princess Mohair -p\u016bkuoti,\u0161veln\u016bs kaip debes\u0117lis si\u016blai,puikiai tinka lengviems megztiniams ,skaraist\u0117ms, \u0161alikams. Mezginiai bus itin lengvi ,bet \u0161ilti.<\/p>","protected":false},"featured_media":19744,"template":"","meta":[],"product_brand":[],"product_cat":[255,49,258],"product_tag":[],"class_list":{"0":"post-19713","1":"product","2":"type-product","3":"status-publish","4":"has-post-thumbnail","6":"product_cat-midara","7":"product_cat-mohera","8":"product_cat-princess-mohair","10":"first","11":"instock","12":"taxable","13":"shipping-taxable","14":"purchasable","15":"product-type-simple"},"_links":{"self":[{"href":"https:\/\/siulaiklaipeda.eu\/ru\/wp-json\/wp\/v2\/product\/19713","targetHints":{"allow":["GET"]}}],"collection":[{"href":"https:\/\/siulaiklaipeda.eu\/ru\/wp-json\/wp\/v2\/product"}],"about":[{"href":"https:\/\/siulaiklaipeda.eu\/ru\/wp-json\/wp\/v2\/types\/product"}],"wp:featuredmedia":[{"embeddable":true,"href":"https:\/\/siulaiklaipeda.eu\/ru\/wp-json\/wp\/v2\/media\/19744"}],"wp:attachment":[{"href":"https:\/\/siulaiklaipeda.eu\/ru\/wp-json\/wp\/v2\/media?parent=19713"}],"wp:term":[{"taxonomy":"product_brand","embeddable":true,"href":"https:\/\/siulaiklaipeda.eu\/ru\/wp-json\/wp\/v2\/product_brand?post=19713"},{"taxonomy":"product_cat","embeddable":true,"href":"https:\/\/siulaiklaipeda.eu\/ru\/wp-json\/wp\/v2\/product_cat?post=19713"},{"taxonomy":"product_tag","embeddable":true,"href":"https:\/\/siulaiklaipeda.eu\/ru\/wp-json\/wp\/v2\/product_tag?post=19713"}],"curies":[{"name":"wp","href":"https:\/\/api.w.org\/{rel}","templated":true}]}}