{"id":19704,"date":"2025-07-18T14:19:32","date_gmt":"2025-07-18T12:19:32","guid":{"rendered":"https:\/\/siulaiklaipeda.eu\/?post_type=product&#038;p=19704"},"modified":"2025-09-25T18:04:15","modified_gmt":"2025-09-25T16:04:15","slug":"midara-maxi-999","status":"publish","type":"product","link":"https:\/\/siulaiklaipeda.eu\/ru\/product\/midara-maxi-999\/","title":{"rendered":"Midara Maxi 999"},"content":{"rendered":"<p>Sud\u0117tis \u2013 100 % medviln\u0117<\/p>\n\n\n\n<p>100 g 530 m <\/p>\n\n\n\n<p>Rekomenduojamas v\u0105\u0161elis -1,5<\/p>","protected":false},"excerpt":{"rendered":"<p>Sud\u0117tis \u2013 100 % medviln\u0117 100 g 530 m Rekomenduojamas v\u0105\u0161elis -1,5<\/p>","protected":false},"featured_media":19727,"template":"","meta":[],"product_brand":[],"product_cat":[255,259,51,46],"product_tag":[],"class_list":{"0":"post-19704","1":"product","2":"type-product","3":"status-publish","4":"has-post-thumbnail","6":"product_cat-midara","7":"product_cat-maxi-midara","8":"product_cat-medvilne","9":"product_cat-nerimo-siulai","11":"first","12":"outofstock","13":"taxable","14":"shipping-taxable","15":"purchasable","16":"product-type-simple"},"_links":{"self":[{"href":"https:\/\/siulaiklaipeda.eu\/ru\/wp-json\/wp\/v2\/product\/19704","targetHints":{"allow":["GET"]}}],"collection":[{"href":"https:\/\/siulaiklaipeda.eu\/ru\/wp-json\/wp\/v2\/product"}],"about":[{"href":"https:\/\/siulaiklaipeda.eu\/ru\/wp-json\/wp\/v2\/types\/product"}],"wp:featuredmedia":[{"embeddable":true,"href":"https:\/\/siulaiklaipeda.eu\/ru\/wp-json\/wp\/v2\/media\/19727"}],"wp:attachment":[{"href":"https:\/\/siulaiklaipeda.eu\/ru\/wp-json\/wp\/v2\/media?parent=19704"}],"wp:term":[{"taxonomy":"product_brand","embeddable":true,"href":"https:\/\/siulaiklaipeda.eu\/ru\/wp-json\/wp\/v2\/product_brand?post=19704"},{"taxonomy":"product_cat","embeddable":true,"href":"https:\/\/siulaiklaipeda.eu\/ru\/wp-json\/wp\/v2\/product_cat?post=19704"},{"taxonomy":"product_tag","embeddable":true,"href":"https:\/\/siulaiklaipeda.eu\/ru\/wp-json\/wp\/v2\/product_tag?post=19704"}],"curies":[{"name":"wp","href":"https:\/\/api.w.org\/{rel}","templated":true}]}}