{"id":19700,"date":"2025-07-18T14:15:35","date_gmt":"2025-07-18T12:15:35","guid":{"rendered":"https:\/\/siulaiklaipeda.eu\/?post_type=product&#038;p=19700"},"modified":"2026-03-31T10:34:31","modified_gmt":"2026-03-31T07:34:31","slug":"midara-maxi-718","status":"publish","type":"product","link":"https:\/\/siulaiklaipeda.eu\/ru\/product\/midara-maxi-718\/","title":{"rendered":"Midara Maxi 718"},"content":{"rendered":"<p>Sud\u0117tis \u2013 100 % medviln\u0117<\/p>\n\n\n\n<p>100 g 530 m <\/p>\n\n\n\n<p>Rekomenduojamas v\u0105\u0161elis -1,5<\/p>","protected":false},"excerpt":{"rendered":"<p>Sud\u0117tis \u2013 100 % medviln\u0117 100 g 530 m Rekomenduojamas v\u0105\u0161elis -1,5<\/p>","protected":false},"featured_media":19732,"template":"","meta":[],"product_brand":[],"product_cat":[255,259,51,46],"product_tag":[],"class_list":{"0":"post-19700","1":"product","2":"type-product","3":"status-publish","4":"has-post-thumbnail","6":"product_cat-midara","7":"product_cat-maxi-midara","8":"product_cat-medvilne","9":"product_cat-nerimo-siulai","11":"first","12":"outofstock","13":"taxable","14":"shipping-taxable","15":"purchasable","16":"product-type-simple"},"_links":{"self":[{"href":"https:\/\/siulaiklaipeda.eu\/ru\/wp-json\/wp\/v2\/product\/19700","targetHints":{"allow":["GET"]}}],"collection":[{"href":"https:\/\/siulaiklaipeda.eu\/ru\/wp-json\/wp\/v2\/product"}],"about":[{"href":"https:\/\/siulaiklaipeda.eu\/ru\/wp-json\/wp\/v2\/types\/product"}],"wp:featuredmedia":[{"embeddable":true,"href":"https:\/\/siulaiklaipeda.eu\/ru\/wp-json\/wp\/v2\/media\/19732"}],"wp:attachment":[{"href":"https:\/\/siulaiklaipeda.eu\/ru\/wp-json\/wp\/v2\/media?parent=19700"}],"wp:term":[{"taxonomy":"product_brand","embeddable":true,"href":"https:\/\/siulaiklaipeda.eu\/ru\/wp-json\/wp\/v2\/product_brand?post=19700"},{"taxonomy":"product_cat","embeddable":true,"href":"https:\/\/siulaiklaipeda.eu\/ru\/wp-json\/wp\/v2\/product_cat?post=19700"},{"taxonomy":"product_tag","embeddable":true,"href":"https:\/\/siulaiklaipeda.eu\/ru\/wp-json\/wp\/v2\/product_tag?post=19700"}],"curies":[{"name":"wp","href":"https:\/\/api.w.org\/{rel}","templated":true}]}}