{"id":19530,"date":"2025-07-08T16:53:22","date_gmt":"2025-07-08T14:53:22","guid":{"rendered":"https:\/\/siulaiklaipeda.eu\/?post_type=product&#038;p=19530"},"modified":"2025-11-23T10:33:27","modified_gmt":"2025-11-23T08:33:27","slug":"alize-cotton-gold-828","status":"publish","type":"product","link":"https:\/\/siulaiklaipeda.eu\/ru\/product\/alize-cotton-gold-828\/","title":{"rendered":"Alize Cotton Gold 828"},"content":{"rendered":"<ul class=\"wp-block-list\">\n<li>\u0421\u043e\u0441\u0442\u0430\u0432: \u0445\u043b\u043e\u043f\u043e\u043a 551\u0422\u041f3\u0422, \u0430\u043a\u0440\u0438\u043b 45 1\u0422\u041f3\u0422.<\/li>\n\n\n\n<li>\u0414\u043b\u0438\u043d\u0430: 100 \u0433, 330 \u043c.<\/li>\n\n\n\n<li>\u0420\u0435\u043a\u043e\u043c\u0435\u043d\u0434\u0443\u0435\u043c\u044b\u0435 \u0441\u043f\u0438\u0446\u044b: \u2116 3,5 \u2013 5.<\/li>\n\n\n\n<li>\u0420\u0435\u043a\u043e\u043c\u0435\u043d\u0434\u0443\u0435\u043c\u044b\u0439 \u0440\u0430\u0437\u043c\u0435\u0440: \u2116 2-4.<\/li>\n\n\n\n<li>\u041f\u0440\u043e\u0438\u0437\u0432\u043e\u0434\u0438\u0442\u0435\u043b\u044c: \u0410\u043b\u0438\u0437\u0435, \u0422\u0443\u0440\u0446\u0438\u044f.<\/li>\n<\/ul>\n\n\n\n<p>Alize Cotton Gold &#8211; klasikinis medviln\u0117s ir akrilo derinys&nbsp; \u012fvairiausiems&nbsp; pavasario ir vasaros mezginiams .Puikiai tinka \u017eaislams ,vaiki\u0161kiems r\u016bbeliams , pledams , megztiniams ir t.t<\/p>","protected":false},"excerpt":{"rendered":"<p>Alize Cotton Gold &#8211; klasikinis medviln\u0117s ir akrilo derinys&nbsp; \u012fvairiausiems&nbsp; pavasario ir vasaros mezginiams .Puikiai tinka \u017eaislams ,vaiki\u0161kiems r\u016bbeliams , pledams , megztiniams ir t.t<\/p>","protected":false},"featured_media":19538,"template":"","meta":[],"product_brand":[],"product_cat":[92,124,51],"product_tag":[],"class_list":{"0":"post-19530","1":"product","2":"type-product","3":"status-publish","4":"has-post-thumbnail","6":"product_cat-alize","7":"product_cat-cotton-gold","8":"product_cat-medvilne","10":"first","11":"instock","12":"taxable","13":"shipping-taxable","14":"purchasable","15":"product-type-simple"},"_links":{"self":[{"href":"https:\/\/siulaiklaipeda.eu\/ru\/wp-json\/wp\/v2\/product\/19530","targetHints":{"allow":["GET"]}}],"collection":[{"href":"https:\/\/siulaiklaipeda.eu\/ru\/wp-json\/wp\/v2\/product"}],"about":[{"href":"https:\/\/siulaiklaipeda.eu\/ru\/wp-json\/wp\/v2\/types\/product"}],"wp:featuredmedia":[{"embeddable":true,"href":"https:\/\/siulaiklaipeda.eu\/ru\/wp-json\/wp\/v2\/media\/19538"}],"wp:attachment":[{"href":"https:\/\/siulaiklaipeda.eu\/ru\/wp-json\/wp\/v2\/media?parent=19530"}],"wp:term":[{"taxonomy":"product_brand","embeddable":true,"href":"https:\/\/siulaiklaipeda.eu\/ru\/wp-json\/wp\/v2\/product_brand?post=19530"},{"taxonomy":"product_cat","embeddable":true,"href":"https:\/\/siulaiklaipeda.eu\/ru\/wp-json\/wp\/v2\/product_cat?post=19530"},{"taxonomy":"product_tag","embeddable":true,"href":"https:\/\/siulaiklaipeda.eu\/ru\/wp-json\/wp\/v2\/product_tag?post=19530"}],"curies":[{"name":"wp","href":"https:\/\/api.w.org\/{rel}","templated":true}]}}