{"id":19253,"date":"2025-06-20T15:37:04","date_gmt":"2025-06-20T13:37:04","guid":{"rendered":"https:\/\/siulaiklaipeda.eu\/?post_type=product&#038;p=19253"},"modified":"2026-04-17T10:09:16","modified_gmt":"2026-04-17T07:09:16","slug":"haapsalu-shawn-yarn-999","status":"publish","type":"product","link":"https:\/\/siulaiklaipeda.eu\/ru\/product\/haapsalu-shawn-yarn-999\/","title":{"rendered":"Midara Haapsalu Shawn Yarn 999"},"content":{"rendered":"<p>100% merino vilna. 100 gr., 1400m<\/p>\n\n\n\n<p>Plonas merino vilnos si\u016blas \u0161alikams ir a\u017e\u016briniams mezginiams .<\/p>\n\n\n\n<p>Puikiai tinka Haapsalu stiliaus \u0161aliams  ir n\u0117riniams Taip pat idealiai tinka kaip pagalbinis si\u016blas prie moherio si\u016bliuko <\/p>\n\n\n\n<p><\/p>","protected":false},"excerpt":{"rendered":"<p>100% merino vilna. 100 gr., 1400m Plonas merino vilnos si\u016blas \u0161alikams ir a\u017e\u016briniams mezginiams . Puikiai tinka Haapsalu stiliaus \u0161aliams ir n\u0117riniams Taip pat idealiai tinka kaip pagalbinis si\u016blas prie moherio si\u016bliuko<\/p>","protected":false},"featured_media":20481,"template":"","meta":[],"product_brand":[],"product_cat":[255,256,47],"product_tag":[],"class_list":{"0":"post-19253","1":"product","2":"type-product","3":"status-publish","4":"has-post-thumbnail","6":"product_cat-midara","7":"product_cat-haapsalu-shawl-yarn","8":"product_cat-vilna","10":"first","11":"instock","12":"taxable","13":"shipping-taxable","14":"purchasable","15":"product-type-simple"},"_links":{"self":[{"href":"https:\/\/siulaiklaipeda.eu\/ru\/wp-json\/wp\/v2\/product\/19253","targetHints":{"allow":["GET"]}}],"collection":[{"href":"https:\/\/siulaiklaipeda.eu\/ru\/wp-json\/wp\/v2\/product"}],"about":[{"href":"https:\/\/siulaiklaipeda.eu\/ru\/wp-json\/wp\/v2\/types\/product"}],"wp:featuredmedia":[{"embeddable":true,"href":"https:\/\/siulaiklaipeda.eu\/ru\/wp-json\/wp\/v2\/media\/20481"}],"wp:attachment":[{"href":"https:\/\/siulaiklaipeda.eu\/ru\/wp-json\/wp\/v2\/media?parent=19253"}],"wp:term":[{"taxonomy":"product_brand","embeddable":true,"href":"https:\/\/siulaiklaipeda.eu\/ru\/wp-json\/wp\/v2\/product_brand?post=19253"},{"taxonomy":"product_cat","embeddable":true,"href":"https:\/\/siulaiklaipeda.eu\/ru\/wp-json\/wp\/v2\/product_cat?post=19253"},{"taxonomy":"product_tag","embeddable":true,"href":"https:\/\/siulaiklaipeda.eu\/ru\/wp-json\/wp\/v2\/product_tag?post=19253"}],"curies":[{"name":"wp","href":"https:\/\/api.w.org\/{rel}","templated":true}]}}