{"id":18253,"date":"2025-04-23T18:21:11","date_gmt":"2025-04-23T16:21:11","guid":{"rendered":"https:\/\/www.siulaiklaipeda.eu\/?post_type=product&#038;p=18253"},"modified":"2026-03-28T12:01:55","modified_gmt":"2026-03-28T10:01:55","slug":"yarnart-glace-7313","status":"publish","type":"product","link":"https:\/\/siulaiklaipeda.eu\/ru\/product\/yarnart-glace-7313\/","title":{"rendered":"YarnArt Glace 7313"},"content":{"rendered":"<p>52 % akrilo ,48 % poliamido<\/p>\n\n\n\n<p>100 g 210 m <\/p>\n\n\n\n<p>\u041f\u0440\u043e\u0438\u0437\u0432\u043e\u0434\u0438\u0442\u0435\u043b\u044c - YarnArt, \u0422\u0443\u0440\u0446\u0438\u044f<\/p>\n\n\n\n<p>Si\u016blas labai \u0161velnus ,krentantis ,turi pana\u0161\u0173 \u012f viskoz\u0117s \u017evilges\u012f.<\/p>\n\n\n\n<p><\/p>","protected":false},"excerpt":{"rendered":"<p>52 % akrilo ,48 % poliamido 100 g 210 m Gamintojas -YarnArt ,Turkija Si\u016blas labai \u0161velnus ,krentantis ,turi pana\u0161\u0173 \u012f viskoz\u0117s \u017evilges\u012f.<\/p>","protected":false},"featured_media":18258,"template":"","meta":[],"product_brand":[],"product_cat":[94,251],"product_tag":[],"class_list":{"0":"post-18253","1":"product","2":"type-product","3":"status-publish","4":"has-post-thumbnail","6":"product_cat-yarnart","7":"product_cat-glace","9":"first","10":"instock","11":"taxable","12":"shipping-taxable","13":"purchasable","14":"product-type-simple"},"_links":{"self":[{"href":"https:\/\/siulaiklaipeda.eu\/ru\/wp-json\/wp\/v2\/product\/18253","targetHints":{"allow":["GET"]}}],"collection":[{"href":"https:\/\/siulaiklaipeda.eu\/ru\/wp-json\/wp\/v2\/product"}],"about":[{"href":"https:\/\/siulaiklaipeda.eu\/ru\/wp-json\/wp\/v2\/types\/product"}],"wp:featuredmedia":[{"embeddable":true,"href":"https:\/\/siulaiklaipeda.eu\/ru\/wp-json\/wp\/v2\/media\/18258"}],"wp:attachment":[{"href":"https:\/\/siulaiklaipeda.eu\/ru\/wp-json\/wp\/v2\/media?parent=18253"}],"wp:term":[{"taxonomy":"product_brand","embeddable":true,"href":"https:\/\/siulaiklaipeda.eu\/ru\/wp-json\/wp\/v2\/product_brand?post=18253"},{"taxonomy":"product_cat","embeddable":true,"href":"https:\/\/siulaiklaipeda.eu\/ru\/wp-json\/wp\/v2\/product_cat?post=18253"},{"taxonomy":"product_tag","embeddable":true,"href":"https:\/\/siulaiklaipeda.eu\/ru\/wp-json\/wp\/v2\/product_tag?post=18253"}],"curies":[{"name":"wp","href":"https:\/\/api.w.org\/{rel}","templated":true}]}}