{"id":18171,"date":"2025-04-22T11:20:00","date_gmt":"2025-04-22T09:20:00","guid":{"rendered":"https:\/\/www.siulaiklaipeda.eu\/?post_type=product&#038;p=18171"},"modified":"2026-04-10T13:26:42","modified_gmt":"2026-04-10T10:26:42","slug":"yarnart-summer-45","status":"publish","type":"product","link":"https:\/\/siulaiklaipeda.eu\/ru\/product\/yarnart-summer-45\/","title":{"rendered":"YarnArt Summer 45"},"content":{"rendered":"<ul class=\"wp-block-list\">\n<li>\u0421\u043e\u0441\u0442\u0430\u0432: 70 \u0445\u043b\u043e\u043f\u043e\u043a 1\u0422\u041f3\u0422, 30 \u0432\u0438\u0441\u043a\u043e\u0437\u0430 1\u0422\u041f3\u0422.<\/li>\n\n\n\n<li>\u0414\u043b\u0438\u043d\u0430: 100 \u0433, 350 \u043c.<\/li>\n\n\n\n<li>\u041f\u0440\u043e\u0438\u0437\u0432\u043e\u0434\u0438\u0442\u0435\u043b\u044c: YarnArt, \u0422\u0443\u0440\u0446\u0438\u044f<\/li>\n<\/ul>\n\n\n\n<p>YarnArt&nbsp; Summer&nbsp; -viskoz\u0117s ir medviln\u0117s mi\u0161inys. Viskoz\u0117 suteikia subtilaus blizgesio. Medviln\u0117 suteiks&nbsp; mezginiui mink\u0161tumo, puikiai sugers dr\u0117gm\u0119. Si\u016blai tinka ir&nbsp; jautriai odai. Mezginys lengvas&nbsp; ir kv\u0117puojantis, nesukelia alergijos, tod\u0117l tinka tiek suaugusiems, tiek vaiki\u0161kiems r\u016bbeliams .<\/p>\n\n\n\n<p>\u0418\u0437-\u0437\u0430 \u0440\u0430\u0437\u043d\u044b\u0445 \u044d\u043a\u0440\u0430\u043d\u043e\u0432 \u0446\u0432\u0435\u0442\u043e\u0432\u043e\u0439 \u043e\u0442\u0442\u0435\u043d\u043e\u043a \u043c\u043e\u0436\u0435\u0442 \u043e\u0442\u043b\u0438\u0447\u0430\u0442\u044c\u0441\u044f.<\/p>","protected":false},"excerpt":{"rendered":"<p>YarnArt&nbsp; Summer&nbsp; -viskoz\u0117s ir medviln\u0117s mi\u0161inys. Viskoz\u0117 suteikia subtilaus blizgesio. Medviln\u0117 suteiks&nbsp; mezginiui mink\u0161tumo, puikiai sugers dr\u0117gm\u0119. Si\u016blai tinka ir&nbsp; jautriai odai. Mezginys lengvas&nbsp; ir kv\u0117puojantis, nesukelia alergijos, tod\u0117l tinka tiek suaugusiems, tiek vaiki\u0161kiems r\u016bbeliams . D\u0117l skirting\u0173 ekran\u0173 ,spalvos atspalvis gali skirtis .<\/p>","protected":false},"featured_media":18172,"template":"","meta":[],"product_brand":[],"product_cat":[94,183],"product_tag":[],"class_list":{"0":"post-18171","1":"product","2":"type-product","3":"status-publish","4":"has-post-thumbnail","6":"product_cat-yarnart","7":"product_cat-summer","9":"first","10":"instock","11":"taxable","12":"shipping-taxable","13":"purchasable","14":"product-type-simple"},"_links":{"self":[{"href":"https:\/\/siulaiklaipeda.eu\/ru\/wp-json\/wp\/v2\/product\/18171","targetHints":{"allow":["GET"]}}],"collection":[{"href":"https:\/\/siulaiklaipeda.eu\/ru\/wp-json\/wp\/v2\/product"}],"about":[{"href":"https:\/\/siulaiklaipeda.eu\/ru\/wp-json\/wp\/v2\/types\/product"}],"wp:featuredmedia":[{"embeddable":true,"href":"https:\/\/siulaiklaipeda.eu\/ru\/wp-json\/wp\/v2\/media\/18172"}],"wp:attachment":[{"href":"https:\/\/siulaiklaipeda.eu\/ru\/wp-json\/wp\/v2\/media?parent=18171"}],"wp:term":[{"taxonomy":"product_brand","embeddable":true,"href":"https:\/\/siulaiklaipeda.eu\/ru\/wp-json\/wp\/v2\/product_brand?post=18171"},{"taxonomy":"product_cat","embeddable":true,"href":"https:\/\/siulaiklaipeda.eu\/ru\/wp-json\/wp\/v2\/product_cat?post=18171"},{"taxonomy":"product_tag","embeddable":true,"href":"https:\/\/siulaiklaipeda.eu\/ru\/wp-json\/wp\/v2\/product_tag?post=18171"}],"curies":[{"name":"wp","href":"https:\/\/api.w.org\/{rel}","templated":true}]}}