{"id":18084,"date":"2025-04-21T17:40:02","date_gmt":"2025-04-21T15:40:02","guid":{"rendered":"https:\/\/www.siulaiklaipeda.eu\/?post_type=product&#038;p=18084"},"modified":"2025-08-18T08:33:31","modified_gmt":"2025-08-18T06:33:31","slug":"rinkinukas-138","status":"publish","type":"product","link":"https:\/\/siulaiklaipeda.eu\/ru\/product\/rinkinukas-138\/","title":{"rendered":"Rinkinukas 138"},"content":{"rendered":"<p>I\u0161 \u0161io rinkinuko i\u0161eis L dyd\u017eio megztukas ,YarnArt Christmas tur\u0117t\u0173 \u012fsimegzti tarpeliais .<\/p>","protected":false},"excerpt":{"rendered":"<p>I\u0161 \u0161io rinkinuko i\u0161eis L dyd\u017eio megztukas ,YarnArt Christmas tur\u0117t\u0173 \u012fsimegzti tarpeliais .<\/p>","protected":false},"featured_media":18085,"template":"","meta":[],"product_brand":[],"product_cat":[199],"product_tag":[],"class_list":{"0":"post-18084","1":"product","2":"type-product","3":"status-publish","4":"has-post-thumbnail","6":"product_cat-rinkinukai","8":"first","9":"outofstock","10":"taxable","11":"shipping-taxable","12":"purchasable","13":"product-type-simple"},"_links":{"self":[{"href":"https:\/\/siulaiklaipeda.eu\/ru\/wp-json\/wp\/v2\/product\/18084","targetHints":{"allow":["GET"]}}],"collection":[{"href":"https:\/\/siulaiklaipeda.eu\/ru\/wp-json\/wp\/v2\/product"}],"about":[{"href":"https:\/\/siulaiklaipeda.eu\/ru\/wp-json\/wp\/v2\/types\/product"}],"wp:featuredmedia":[{"embeddable":true,"href":"https:\/\/siulaiklaipeda.eu\/ru\/wp-json\/wp\/v2\/media\/18085"}],"wp:attachment":[{"href":"https:\/\/siulaiklaipeda.eu\/ru\/wp-json\/wp\/v2\/media?parent=18084"}],"wp:term":[{"taxonomy":"product_brand","embeddable":true,"href":"https:\/\/siulaiklaipeda.eu\/ru\/wp-json\/wp\/v2\/product_brand?post=18084"},{"taxonomy":"product_cat","embeddable":true,"href":"https:\/\/siulaiklaipeda.eu\/ru\/wp-json\/wp\/v2\/product_cat?post=18084"},{"taxonomy":"product_tag","embeddable":true,"href":"https:\/\/siulaiklaipeda.eu\/ru\/wp-json\/wp\/v2\/product_tag?post=18084"}],"curies":[{"name":"wp","href":"https:\/\/api.w.org\/{rel}","templated":true}]}}