{"id":16091,"date":"2025-04-07T19:13:03","date_gmt":"2025-04-07T17:13:03","guid":{"rendered":"https:\/\/www.siulaiklaipeda.eu\/?post_type=product&#038;p=16091"},"modified":"2026-04-16T14:34:51","modified_gmt":"2026-04-16T11:34:51","slug":"yarnart-bouquet-708medvilniniai-siulai","status":"publish","type":"product","link":"https:\/\/siulaiklaipeda.eu\/ru\/product\/yarnart-bouquet-708medvilniniai-siulai\/","title":{"rendered":"YarnArt Bouquet 708"},"content":{"rendered":"<ul class=\"wp-block-list\">\n<li>YarnArt Bouquet 100 % medviln\u0117<\/li>\n\n\n\n<li>250 g , 500m,puikiai tinkantis si\u016blas vasaros mezginiams , palaidin\u0117ms , skaroms ar net vaik\u0173<\/li>\n\n\n\n<li>drabu\u017e\u0117liams .\u0160veln\u016bs ,bet tvirti,lengvai mezgami ir malon\u016bs odai .Gali b\u016bti derinamas su kitu si\u016blu,pvz moheriu.<\/li>\n\n\n\n<li>Rekomenduojami virbalai Nr 4 mm,v\u0105\u0161elis 4mm<\/li>\n\n\n\n<li>\u041f\u0440\u043e\u0438\u0437\u0432\u043e\u0434\u0438\u0442\u0435\u043b\u044c YarnArt, \u0422\u0443\u0440\u0446\u0438\u044f<\/li>\n\n\n\n<li>Pristatymas visoje Lietuvoje<\/li>\n\n\n\n<li>U\u017esisakyk dabar ir prad\u0117k nauj\u0105 mezgimo projekt\u0105<\/li>\n<\/ul>","protected":false},"excerpt":{"rendered":"","protected":false},"featured_media":16092,"template":"","meta":[],"product_brand":[],"product_cat":[94,239],"product_tag":[],"class_list":{"0":"post-16091","1":"product","2":"type-product","3":"status-publish","4":"has-post-thumbnail","6":"product_cat-yarnart","7":"product_cat-bouquet","9":"first","10":"instock","11":"taxable","12":"shipping-taxable","13":"purchasable","14":"product-type-simple"},"_links":{"self":[{"href":"https:\/\/siulaiklaipeda.eu\/ru\/wp-json\/wp\/v2\/product\/16091","targetHints":{"allow":["GET"]}}],"collection":[{"href":"https:\/\/siulaiklaipeda.eu\/ru\/wp-json\/wp\/v2\/product"}],"about":[{"href":"https:\/\/siulaiklaipeda.eu\/ru\/wp-json\/wp\/v2\/types\/product"}],"wp:featuredmedia":[{"embeddable":true,"href":"https:\/\/siulaiklaipeda.eu\/ru\/wp-json\/wp\/v2\/media\/16092"}],"wp:attachment":[{"href":"https:\/\/siulaiklaipeda.eu\/ru\/wp-json\/wp\/v2\/media?parent=16091"}],"wp:term":[{"taxonomy":"product_brand","embeddable":true,"href":"https:\/\/siulaiklaipeda.eu\/ru\/wp-json\/wp\/v2\/product_brand?post=16091"},{"taxonomy":"product_cat","embeddable":true,"href":"https:\/\/siulaiklaipeda.eu\/ru\/wp-json\/wp\/v2\/product_cat?post=16091"},{"taxonomy":"product_tag","embeddable":true,"href":"https:\/\/siulaiklaipeda.eu\/ru\/wp-json\/wp\/v2\/product_tag?post=16091"}],"curies":[{"name":"wp","href":"https:\/\/api.w.org\/{rel}","templated":true}]}}